{"id":109,"date":"2019-01-22T13:23:30","date_gmt":"2019-01-22T13:23:30","guid":{"rendered":"http:\/\/wierzba.pan.pl\/?page_id=109"},"modified":"2025-11-18T14:37:45","modified_gmt":"2025-11-18T13:37:45","slug":"pokoje-domki-wyzywienie-mazury-wakacje-urlop-jezioro","status":"publish","type":"page","link":"https:\/\/wierzba.pan.pl\/?page_id=109","title":{"rendered":"POKOJE"},"content":{"rendered":"\n<div class=\"be-panel\"><script src=\"https:\/\/wis.upperbooking.com\/polskaakademianaukdompracytworczejwwierzbie\/be-panel?locale=pl\" async=\"\"><\/script><\/div>\n\n\n\n<hr class=\"wp-block-separator has-alpha-channel-opacity\"\/>\n\n\n\n<div class=\"wp-block-group is-nowrap is-layout-flex wp-container-core-group-is-layout-ad2f72ca wp-block-group-is-layout-flex\">\n<p class=\"has-text-align-center\"><\/p>\n\n\n\n<p class=\"has-text-align-center\">Oddajemy do Pa\u0144stwa dyspozycji 126 miejsc noclegowych zlokalizowanych w 5 budynkach hotelowych o r\u00f3\u017cnym standardzie i wystroju. Wszystkie pokoje posiadaj\u0105 pe\u0142en w\u0119ze\u0142 sanitarny i wyposa\u017cone s\u0105 w telewizory.  Posiadamy standardowe pokoje, a tak\u017ce apartamenty z aneksami kuchennymi.<\/p>\n<\/div>\n\n\n\n<div class=\"wp-block-media-text is-stacked-on-mobile\"><figure class=\"wp-block-media-text__media\"><img loading=\"lazy\" decoding=\"async\" width=\"1024\" height=\"676\" src=\"https:\/\/wierzba.pan.pl\/wp-content\/uploads\/2021\/10\/Centrum-tyl-1536x1014-1-1024x676.jpg\" alt=\"\" class=\"wp-image-3148 size-full\" srcset=\"https:\/\/wierzba.pan.pl\/wp-content\/uploads\/2021\/10\/Centrum-tyl-1536x1014-1-1024x676.jpg 1024w, https:\/\/wierzba.pan.pl\/wp-content\/uploads\/2021\/10\/Centrum-tyl-1536x1014-1-300x198.jpg 300w, https:\/\/wierzba.pan.pl\/wp-content\/uploads\/2021\/10\/Centrum-tyl-1536x1014-1-150x99.jpg 150w, https:\/\/wierzba.pan.pl\/wp-content\/uploads\/2021\/10\/Centrum-tyl-1536x1014-1-768x507.jpg 768w, https:\/\/wierzba.pan.pl\/wp-content\/uploads\/2021\/10\/Centrum-tyl-1536x1014-1-24x16.jpg 24w, https:\/\/wierzba.pan.pl\/wp-content\/uploads\/2021\/10\/Centrum-tyl-1536x1014-1-36x24.jpg 36w, https:\/\/wierzba.pan.pl\/wp-content\/uploads\/2021\/10\/Centrum-tyl-1536x1014-1-48x32.jpg 48w, https:\/\/wierzba.pan.pl\/wp-content\/uploads\/2021\/10\/Centrum-tyl-1536x1014-1.jpg 1536w\" sizes=\"auto, (max-width: 1024px) 100vw, 1024px\" \/><\/figure><div class=\"wp-block-media-text__content\">\n<p><strong>Centrum Konferencyjne<\/strong> to nasz g\u0142\u00f3wny budynek. Mie\u015bci si\u0119 tutaj:<\/p>\n\n\n\n<ul class=\"wp-block-list\">\n<li>17 pokoi, w tym apartament,<\/li>\n\n\n\n<li>recepcja ca\u0142ego obiektu, <\/li>\n\n\n\n<li>restauracja, <\/li>\n\n\n\n<li>sale konferencyjne, <\/li>\n\n\n\n<li>sala telewizyjna, <\/li>\n\n\n\n<li>sala zabaw,<\/li>\n\n\n\n<li>sala gier,<\/li>\n\n\n\n<li>sauna.<\/li>\n<\/ul>\n<\/div><\/div>\n\n\n\n<hr class=\"wp-block-separator has-alpha-channel-opacity\"\/>\n\n\n\n<div class=\"wp-block-media-text is-stacked-on-mobile\"><figure class=\"wp-block-media-text__media\"><img loading=\"lazy\" decoding=\"async\" width=\"1024\" height=\"681\" src=\"https:\/\/wierzba.pan.pl\/wp-content\/uploads\/2021\/10\/312-1024x681.jpg\" alt=\"\" class=\"wp-image-3069 size-full\" srcset=\"https:\/\/wierzba.pan.pl\/wp-content\/uploads\/2021\/10\/312-1024x681.jpg 1024w, https:\/\/wierzba.pan.pl\/wp-content\/uploads\/2021\/10\/312-300x200.jpg 300w, https:\/\/wierzba.pan.pl\/wp-content\/uploads\/2021\/10\/312-150x100.jpg 150w, https:\/\/wierzba.pan.pl\/wp-content\/uploads\/2021\/10\/312-768x511.jpg 768w, https:\/\/wierzba.pan.pl\/wp-content\/uploads\/2021\/10\/312-360x240.jpg 360w, https:\/\/wierzba.pan.pl\/wp-content\/uploads\/2021\/10\/312-24x16.jpg 24w, https:\/\/wierzba.pan.pl\/wp-content\/uploads\/2021\/10\/312-36x24.jpg 36w, https:\/\/wierzba.pan.pl\/wp-content\/uploads\/2021\/10\/312-48x32.jpg 48w, https:\/\/wierzba.pan.pl\/wp-content\/uploads\/2021\/10\/312.jpg 1148w\" sizes=\"auto, (max-width: 1024px) 100vw, 1024px\" \/><\/figure><div class=\"wp-block-media-text__content\">\n<p><strong>W Centrum oddajemy do dyspozycji 17 przestronnych pokoi w najwy\u017cszym standardzie:<\/strong> pokoje dwu-, trzy-, czteroosobowe, apartament. Wszystkie pokoje s\u0105 wyposa\u017cone w:<\/p>\n\n\n\n<ul class=\"wp-block-list\">\n<li>telewizory,<\/li>\n\n\n\n<li>czajniki, <\/li>\n\n\n\n<li>lod\u00f3wki, <\/li>\n\n\n\n<li>wod\u0119 w butelkach,<\/li>\n\n\n\n<li>\u0142azienki z suszarkami do w\u0142os\u00f3w,<\/li>\n\n\n\n<li>widok na jezioro(wybrane pokoje)<\/li>\n<\/ul>\n<\/div><\/div>\n\n\n\n<hr class=\"wp-block-separator has-alpha-channel-opacity\"\/>\n\n\n\n<div class=\"wp-block-media-text is-stacked-on-mobile\"><figure class=\"wp-block-media-text__media\"><img loading=\"lazy\" decoding=\"async\" width=\"574\" height=\"382\" src=\"https:\/\/wierzba.pan.pl\/wp-content\/uploads\/2021\/10\/116-640x480-1.jpg\" alt=\"\" class=\"wp-image-3167 size-full\" srcset=\"https:\/\/wierzba.pan.pl\/wp-content\/uploads\/2021\/10\/116-640x480-1.jpg 574w, https:\/\/wierzba.pan.pl\/wp-content\/uploads\/2021\/10\/116-640x480-1-300x200.jpg 300w, https:\/\/wierzba.pan.pl\/wp-content\/uploads\/2021\/10\/116-640x480-1-150x100.jpg 150w, https:\/\/wierzba.pan.pl\/wp-content\/uploads\/2021\/10\/116-640x480-1-360x240.jpg 360w, https:\/\/wierzba.pan.pl\/wp-content\/uploads\/2021\/10\/116-640x480-1-24x16.jpg 24w, https:\/\/wierzba.pan.pl\/wp-content\/uploads\/2021\/10\/116-640x480-1-36x24.jpg 36w, https:\/\/wierzba.pan.pl\/wp-content\/uploads\/2021\/10\/116-640x480-1-48x32.jpg 48w\" sizes=\"auto, (max-width: 574px) 100vw, 574px\" \/><\/figure><div class=\"wp-block-media-text__content\">\n<p><strong>Dom Pracy Tw\u00f3rczej (zwany tak\u017ce Domem \u017b\u00f3\u0142tym)<\/strong> to budynek hotelowy usytuowany na cyplu jeziora Be\u0142dany. W Domu Pracy Tw\u00f3rczej znajduje si\u0119:<\/p>\n\n\n\n<ul class=\"wp-block-list\">\n<li>15 pokoi, w tym apartament premium z oddzielnym wej\u015bciem, balkonem, kuchni\u0105 z jadalni\u0105,<\/li>\n\n\n\n<li>og\u00f3lnodost\u0119pne lod\u00f3wki, czajniki, kubki do herbaty i kawy na holach,<\/li>\n\n\n\n<li>pokoje z widokiem na jezioro(wybrane pokoje)<\/li>\n\n\n\n<li>200 m od budynku g\u0142\u00f3wnego<\/li>\n<\/ul>\n<\/div><\/div>\n\n\n\n<hr class=\"wp-block-separator has-alpha-channel-opacity\"\/>\n\n\n\n<div class=\"wp-block-media-text is-stacked-on-mobile\"><figure class=\"wp-block-media-text__media\"><img loading=\"lazy\" decoding=\"async\" width=\"574\" height=\"382\" src=\"https:\/\/wierzba.pan.pl\/wp-content\/uploads\/2021\/10\/135-640x480-1.jpg\" alt=\"\" class=\"wp-image-3187 size-full\" srcset=\"https:\/\/wierzba.pan.pl\/wp-content\/uploads\/2021\/10\/135-640x480-1.jpg 574w, https:\/\/wierzba.pan.pl\/wp-content\/uploads\/2021\/10\/135-640x480-1-300x200.jpg 300w, https:\/\/wierzba.pan.pl\/wp-content\/uploads\/2021\/10\/135-640x480-1-150x100.jpg 150w, https:\/\/wierzba.pan.pl\/wp-content\/uploads\/2021\/10\/135-640x480-1-360x240.jpg 360w, https:\/\/wierzba.pan.pl\/wp-content\/uploads\/2021\/10\/135-640x480-1-24x16.jpg 24w, https:\/\/wierzba.pan.pl\/wp-content\/uploads\/2021\/10\/135-640x480-1-36x24.jpg 36w, https:\/\/wierzba.pan.pl\/wp-content\/uploads\/2021\/10\/135-640x480-1-48x32.jpg 48w\" sizes=\"auto, (max-width: 574px) 100vw, 574px\" \/><\/figure><div class=\"wp-block-media-text__content\">\n<p><strong>Chata Mazurska Czerwona (zwana tak\u017ce Domem Czerwonym)<\/strong> to historyczny budynek, po\u0142o\u017cony tu\u017c nad brzegiem jeziora, przy kei rezydenckiej:<\/p>\n\n\n\n<ul class=\"wp-block-list\">\n<li>6 pokoi: 2 apartamenty premium, 1 pok\u00f3j 4-osobowy z antresol\u0105, 1 pok\u00f3j 3-osobowy i 2 pokoje 2-osobowe,<\/li>\n\n\n\n<li>og\u00f3lnodost\u0119pn\u0105 kuchni\u0119 na parterze,<\/li>\n\n\n\n<li>salonik wypoczynkowy z widokiem na jezioro i balkonem na pi\u0119trze.<\/li>\n\n\n\n<li>100 m od budynku g\u0142\u00f3wnego<\/li>\n<\/ul>\n<\/div><\/div>\n\n\n\n<hr class=\"wp-block-separator has-alpha-channel-opacity\"\/>\n\n\n\n<div class=\"wp-block-media-text is-stacked-on-mobile\"><figure class=\"wp-block-media-text__media\"><img loading=\"lazy\" decoding=\"async\" width=\"1024\" height=\"683\" src=\"https:\/\/wierzba.pan.pl\/wp-content\/uploads\/2025\/11\/AAA_0029-1-1024x683.jpg\" alt=\"\" class=\"wp-image-5124 size-full\" srcset=\"https:\/\/wierzba.pan.pl\/wp-content\/uploads\/2025\/11\/AAA_0029-1-1024x683.jpg 1024w, https:\/\/wierzba.pan.pl\/wp-content\/uploads\/2025\/11\/AAA_0029-1-300x200.jpg 300w, https:\/\/wierzba.pan.pl\/wp-content\/uploads\/2025\/11\/AAA_0029-1-150x100.jpg 150w, https:\/\/wierzba.pan.pl\/wp-content\/uploads\/2025\/11\/AAA_0029-1-768x512.jpg 768w, https:\/\/wierzba.pan.pl\/wp-content\/uploads\/2025\/11\/AAA_0029-1-1536x1024.jpg 1536w, https:\/\/wierzba.pan.pl\/wp-content\/uploads\/2025\/11\/AAA_0029-1-2048x1365.jpg 2048w, https:\/\/wierzba.pan.pl\/wp-content\/uploads\/2025\/11\/AAA_0029-1-360x240.jpg 360w, https:\/\/wierzba.pan.pl\/wp-content\/uploads\/2025\/11\/AAA_0029-1-24x16.jpg 24w, https:\/\/wierzba.pan.pl\/wp-content\/uploads\/2025\/11\/AAA_0029-1-36x24.jpg 36w, https:\/\/wierzba.pan.pl\/wp-content\/uploads\/2025\/11\/AAA_0029-1-48x32.jpg 48w\" sizes=\"auto, (max-width: 1024px) 100vw, 1024px\" \/><\/figure><div class=\"wp-block-media-text__content\">\n<p><strong>Chata Mazurska Zielona<\/strong> po\u0142o\u017cona jest ok. 50 m od budynku g\u0142\u00f3wnego i 250 m od jeziora. W budynku znajduje si\u0119:<\/p>\n\n\n\n<ul class=\"wp-block-list\">\n<li>8 pokoi, w tym 7 pokoi 2-osobowych i 1 pok\u00f3j 3-osobowy,<\/li>\n\n\n\n<li>og\u00f3lnodost\u0119pna kuchnia z jadalni\u0105 na parterze,<\/li>\n\n\n\n<li>salonik wypoczynkowy na pi\u0119trze,<\/li>\n\n\n\n<li>50 m od budynku g\u0142\u00f3wnego<\/li>\n\n\n\n<li>250 m od jeziora<\/li>\n<\/ul>\n<\/div><\/div>\n\n\n\n<hr class=\"wp-block-separator has-alpha-channel-opacity\"\/>\n\n\n\n<div class=\"wp-block-media-text is-stacked-on-mobile\"><figure class=\"wp-block-media-text__media\"><img loading=\"lazy\" decoding=\"async\" width=\"1024\" height=\"683\" src=\"https:\/\/wierzba.pan.pl\/wp-content\/uploads\/2025\/11\/chata-biala-1024x683.jpg\" alt=\"\" class=\"wp-image-5125 size-full\" srcset=\"https:\/\/wierzba.pan.pl\/wp-content\/uploads\/2025\/11\/chata-biala-1024x683.jpg 1024w, https:\/\/wierzba.pan.pl\/wp-content\/uploads\/2025\/11\/chata-biala-300x200.jpg 300w, https:\/\/wierzba.pan.pl\/wp-content\/uploads\/2025\/11\/chata-biala-150x100.jpg 150w, https:\/\/wierzba.pan.pl\/wp-content\/uploads\/2025\/11\/chata-biala-768x512.jpg 768w, https:\/\/wierzba.pan.pl\/wp-content\/uploads\/2025\/11\/chata-biala-1536x1024.jpg 1536w, https:\/\/wierzba.pan.pl\/wp-content\/uploads\/2025\/11\/chata-biala-2048x1365.jpg 2048w, https:\/\/wierzba.pan.pl\/wp-content\/uploads\/2025\/11\/chata-biala-360x240.jpg 360w, https:\/\/wierzba.pan.pl\/wp-content\/uploads\/2025\/11\/chata-biala-24x16.jpg 24w, https:\/\/wierzba.pan.pl\/wp-content\/uploads\/2025\/11\/chata-biala-36x24.jpg 36w, https:\/\/wierzba.pan.pl\/wp-content\/uploads\/2025\/11\/chata-biala-48x32.jpg 48w\" sizes=\"auto, (max-width: 1024px) 100vw, 1024px\" \/><\/figure><div class=\"wp-block-media-text__content\">\n<p><strong>Chata Mazurska Bia\u0142a<\/strong> to budynek po\u0142o\u017cony tu\u017c obok Chaty Mazurskiej Bia\u0142ej I, ok. 50 m od budynku g\u0142\u00f3wnego i 250 m od jeziora. Znajduje si\u0119 tutaj:<\/p>\n\n\n\n<ul class=\"wp-block-list\">\n<li>7 pokoi &#8211; 1 apartament z aneksem kuchennym, 5 pokoi 2-osobowych i 1 pok\u00f3j 1-osobowy,<\/li>\n\n\n\n<li>og\u00f3lnodost\u0119pny aneks kuchenny na pi\u0119trze,<\/li>\n\n\n\n<li>50 m od budynku g\u0142\u00f3wnego<\/li>\n\n\n\n<li>250 m od jeziora<\/li>\n\n\n\n<li>plac zabaw<\/li>\n<\/ul>\n<\/div><\/div>\n\n\n\n<hr class=\"wp-block-separator has-alpha-channel-opacity\"\/>\n\n\n\n<div class=\"wp-block-media-text is-stacked-on-mobile\"><figure class=\"wp-block-media-text__media\"><img loading=\"lazy\" decoding=\"async\" width=\"430\" height=\"431\" src=\"https:\/\/wierzba.pan.pl\/wp-content\/uploads\/2025\/11\/image8.png\" alt=\"\" class=\"wp-image-5297 size-full\" srcset=\"https:\/\/wierzba.pan.pl\/wp-content\/uploads\/2025\/11\/image8.png 430w, https:\/\/wierzba.pan.pl\/wp-content\/uploads\/2025\/11\/image8-300x300.png 300w, https:\/\/wierzba.pan.pl\/wp-content\/uploads\/2025\/11\/image8-150x150.png 150w, https:\/\/wierzba.pan.pl\/wp-content\/uploads\/2025\/11\/image8-24x24.png 24w, https:\/\/wierzba.pan.pl\/wp-content\/uploads\/2025\/11\/image8-36x36.png 36w, https:\/\/wierzba.pan.pl\/wp-content\/uploads\/2025\/11\/image8-48x48.png 48w\" sizes=\"auto, (max-width: 430px) 100vw, 430px\" \/><\/figure><div class=\"wp-block-media-text__content\">\n<p>\u201ePodr\u00f3\u017cuj cz\u0119\u015bciej \u2013 zbieraj szybciej \u2013 korzystaj d\u0142u\u017cej!\u201d<\/p>\n\n\n\n<p>Do\u0142\u0105cz do naszego Programu Lojalno\u015bciowego i korzystaj z wyj\u0105tkowych zni\u017cek, rabat\u00f3w oraz bonus\u00f3w. Im cz\u0119\u015bciej nas odwiedzasz, tym wi\u0119cej zyskujesz!<\/p>\n<\/div><\/div>\n\n\n\n<hr class=\"wp-block-separator has-alpha-channel-opacity\"\/>\n\n\n\n<p>Warunki korzystania z karty lojalno\u015bciowej<\/p>\n\n\n\n<p>Za ka\u017cde 500,00 z\u0142 wydane na noclegi lub gastronomi\u0119 (w restauracji PANorama oraz Grill-Barze)w naszym o\u015brodku otrzymujesz jedn\u0105 naklejk\u0119. Na jednej karcie lojalno\u015bciowej mo\u017cna zebra\u0107 naklejki<br>uprawniaj\u0105ce do rabatu, 10 naklejka uprawnia do rabatu 500,00 z\u0142 do wykorzystania przy kolejnym rachunku. Rabat mo\u017ce by\u0107 wykorzystany zar\u00f3wno na noclegi jak i gastronomi\u0119.<br>Rachunki z restauracji PANorama oraz Grill- Baru uwzgl\u0119dniane s\u0105 wy\u0142\u0105cznie po ich rozliczeniu w recepcji. Regulamin dost\u0119pny na www.wierzba.pan.pl\/regulaminy<\/p>\n","protected":false},"excerpt":{"rendered":"<p>Oddajemy do Pa\u0144stwa dyspozycji 126 miejsc noclegowych zlokalizowanych w 5 budynkach hotelowych o r\u00f3\u017cnym standardzie i wystroju. Wszystkie pokoje posiadaj\u0105 pe\u0142en w\u0119ze\u0142 sanitarny i wyposa\u017cone s\u0105 w telewizory. Posiadamy standardowe pokoje, a tak\u017ce apartamenty z aneksami kuchennymi. \u201ePodr\u00f3\u017cuj cz\u0119\u015bciej \u2013 zbieraj szybciej \u2013 korzystaj d\u0142u\u017cej!\u201d Do\u0142\u0105cz do naszego Programu Lojalno\u015bciowego [&hellip;]<\/p>\n","protected":false},"author":3,"featured_media":0,"parent":0,"menu_order":2,"comment_status":"closed","ping_status":"closed","template":"page-templates\/template-fullwidth.php","meta":{"inline_featured_image":false,"footnotes":""},"class_list":["post-109","page","type-page","status-publish","hentry"],"yoast_head":"<!-- This site is optimized with the Yoast SEO plugin v26.6 - https:\/\/yoast.com\/wordpress\/plugins\/seo\/ -->\n<title>POKOJE - PAN Dom Pracy Tw\u00f3rczej w Wierzbie<\/title>\n<meta name=\"description\" content=\"Zarezerwuj pok\u00f3j w DPT Wierzba \u2013 komfortowe noclegi w sercu Mazur. Idealne miejsce na wypoczynek, kolonie, warsztaty i pobyty grupowe.\" \/>\n<meta name=\"robots\" content=\"index, follow, max-snippet:-1, max-image-preview:large, max-video-preview:-1\" \/>\n<link rel=\"canonical\" href=\"https:\/\/wierzba.pan.pl\/?page_id=109\" \/>\n<meta property=\"og:locale\" content=\"pl_PL\" \/>\n<meta property=\"og:type\" content=\"article\" \/>\n<meta property=\"og:title\" content=\"POKOJE - PAN Dom Pracy Tw\u00f3rczej w Wierzbie\" \/>\n<meta property=\"og:description\" content=\"Zarezerwuj pok\u00f3j w DPT Wierzba \u2013 komfortowe noclegi w sercu Mazur. Idealne miejsce na wypoczynek, kolonie, warsztaty i pobyty grupowe.\" \/>\n<meta property=\"og:url\" content=\"https:\/\/wierzba.pan.pl\/?page_id=109\" \/>\n<meta property=\"og:site_name\" content=\"PAN Dom Pracy Tw\u00f3rczej w Wierzbie\" \/>\n<meta property=\"article:modified_time\" content=\"2025-11-18T13:37:45+00:00\" \/>\n<meta property=\"og:image\" content=\"https:\/\/wierzba.pan.pl\/wp-content\/uploads\/2021\/10\/Centrum-tyl-1536x1014-1.jpg\" \/>\n\t<meta property=\"og:image:width\" content=\"1536\" \/>\n\t<meta property=\"og:image:height\" content=\"1014\" \/>\n\t<meta property=\"og:image:type\" content=\"image\/jpeg\" \/>\n<meta name=\"twitter:card\" content=\"summary_large_image\" \/>\n<meta name=\"twitter:label1\" content=\"Szacowany czas czytania\" \/>\n\t<meta name=\"twitter:data1\" content=\"4 minuty\" \/>\n<script type=\"application\/ld+json\" class=\"yoast-schema-graph\">{\"@context\":\"https:\/\/schema.org\",\"@graph\":[{\"@type\":\"WebPage\",\"@id\":\"https:\/\/wierzba.pan.pl\/?page_id=109\",\"url\":\"https:\/\/wierzba.pan.pl\/?page_id=109\",\"name\":\"POKOJE - PAN Dom Pracy Tw\u00f3rczej w Wierzbie\",\"isPartOf\":{\"@id\":\"https:\/\/wierzba.pan.pl\/#website\"},\"primaryImageOfPage\":{\"@id\":\"https:\/\/wierzba.pan.pl\/?page_id=109#primaryimage\"},\"image\":{\"@id\":\"https:\/\/wierzba.pan.pl\/?page_id=109#primaryimage\"},\"thumbnailUrl\":\"https:\/\/wierzba.pan.pl\/wp-content\/uploads\/2021\/10\/Centrum-tyl-1536x1014-1-1024x676.jpg\",\"datePublished\":\"2019-01-22T13:23:30+00:00\",\"dateModified\":\"2025-11-18T13:37:45+00:00\",\"description\":\"Zarezerwuj pok\u00f3j w DPT Wierzba \u2013 komfortowe noclegi w sercu Mazur. Idealne miejsce na wypoczynek, kolonie, warsztaty i pobyty grupowe.\",\"breadcrumb\":{\"@id\":\"https:\/\/wierzba.pan.pl\/?page_id=109#breadcrumb\"},\"inLanguage\":\"pl-PL\",\"potentialAction\":[{\"@type\":\"ReadAction\",\"target\":[\"https:\/\/wierzba.pan.pl\/?page_id=109\"]}]},{\"@type\":\"ImageObject\",\"inLanguage\":\"pl-PL\",\"@id\":\"https:\/\/wierzba.pan.pl\/?page_id=109#primaryimage\",\"url\":\"https:\/\/wierzba.pan.pl\/wp-content\/uploads\/2021\/10\/Centrum-tyl-1536x1014-1.jpg\",\"contentUrl\":\"https:\/\/wierzba.pan.pl\/wp-content\/uploads\/2021\/10\/Centrum-tyl-1536x1014-1.jpg\",\"width\":1536,\"height\":1014},{\"@type\":\"BreadcrumbList\",\"@id\":\"https:\/\/wierzba.pan.pl\/?page_id=109#breadcrumb\",\"itemListElement\":[{\"@type\":\"ListItem\",\"position\":1,\"name\":\"Strona g\u0142\u00f3wna\",\"item\":\"https:\/\/wierzba.pan.pl\/\"},{\"@type\":\"ListItem\",\"position\":2,\"name\":\"POKOJE\"}]},{\"@type\":\"WebSite\",\"@id\":\"https:\/\/wierzba.pan.pl\/#website\",\"url\":\"https:\/\/wierzba.pan.pl\/\",\"name\":\"PAN Dom Pracy Tw\u00f3rczej w Wierzbie\",\"description\":\"Wypoczynek nad jeziorem, w sercu Puszczy Piskiej\",\"potentialAction\":[{\"@type\":\"SearchAction\",\"target\":{\"@type\":\"EntryPoint\",\"urlTemplate\":\"https:\/\/wierzba.pan.pl\/?s={search_term_string}\"},\"query-input\":{\"@type\":\"PropertyValueSpecification\",\"valueRequired\":true,\"valueName\":\"search_term_string\"}}],\"inLanguage\":\"pl-PL\"}]}<\/script>\n<!-- \/ Yoast SEO plugin. -->","yoast_head_json":{"title":"POKOJE - PAN Dom Pracy Tw\u00f3rczej w Wierzbie","description":"Zarezerwuj pok\u00f3j w DPT Wierzba \u2013 komfortowe noclegi w sercu Mazur. Idealne miejsce na wypoczynek, kolonie, warsztaty i pobyty grupowe.","robots":{"index":"index","follow":"follow","max-snippet":"max-snippet:-1","max-image-preview":"max-image-preview:large","max-video-preview":"max-video-preview:-1"},"canonical":"https:\/\/wierzba.pan.pl\/?page_id=109","og_locale":"pl_PL","og_type":"article","og_title":"POKOJE - PAN Dom Pracy Tw\u00f3rczej w Wierzbie","og_description":"Zarezerwuj pok\u00f3j w DPT Wierzba \u2013 komfortowe noclegi w sercu Mazur. Idealne miejsce na wypoczynek, kolonie, warsztaty i pobyty grupowe.","og_url":"https:\/\/wierzba.pan.pl\/?page_id=109","og_site_name":"PAN Dom Pracy Tw\u00f3rczej w Wierzbie","article_modified_time":"2025-11-18T13:37:45+00:00","og_image":[{"width":1536,"height":1014,"url":"https:\/\/wierzba.pan.pl\/wp-content\/uploads\/2021\/10\/Centrum-tyl-1536x1014-1.jpg","type":"image\/jpeg"}],"twitter_card":"summary_large_image","twitter_misc":{"Szacowany czas czytania":"4 minuty"},"schema":{"@context":"https:\/\/schema.org","@graph":[{"@type":"WebPage","@id":"https:\/\/wierzba.pan.pl\/?page_id=109","url":"https:\/\/wierzba.pan.pl\/?page_id=109","name":"POKOJE - PAN Dom Pracy Tw\u00f3rczej w Wierzbie","isPartOf":{"@id":"https:\/\/wierzba.pan.pl\/#website"},"primaryImageOfPage":{"@id":"https:\/\/wierzba.pan.pl\/?page_id=109#primaryimage"},"image":{"@id":"https:\/\/wierzba.pan.pl\/?page_id=109#primaryimage"},"thumbnailUrl":"https:\/\/wierzba.pan.pl\/wp-content\/uploads\/2021\/10\/Centrum-tyl-1536x1014-1-1024x676.jpg","datePublished":"2019-01-22T13:23:30+00:00","dateModified":"2025-11-18T13:37:45+00:00","description":"Zarezerwuj pok\u00f3j w DPT Wierzba \u2013 komfortowe noclegi w sercu Mazur. Idealne miejsce na wypoczynek, kolonie, warsztaty i pobyty grupowe.","breadcrumb":{"@id":"https:\/\/wierzba.pan.pl\/?page_id=109#breadcrumb"},"inLanguage":"pl-PL","potentialAction":[{"@type":"ReadAction","target":["https:\/\/wierzba.pan.pl\/?page_id=109"]}]},{"@type":"ImageObject","inLanguage":"pl-PL","@id":"https:\/\/wierzba.pan.pl\/?page_id=109#primaryimage","url":"https:\/\/wierzba.pan.pl\/wp-content\/uploads\/2021\/10\/Centrum-tyl-1536x1014-1.jpg","contentUrl":"https:\/\/wierzba.pan.pl\/wp-content\/uploads\/2021\/10\/Centrum-tyl-1536x1014-1.jpg","width":1536,"height":1014},{"@type":"BreadcrumbList","@id":"https:\/\/wierzba.pan.pl\/?page_id=109#breadcrumb","itemListElement":[{"@type":"ListItem","position":1,"name":"Strona g\u0142\u00f3wna","item":"https:\/\/wierzba.pan.pl\/"},{"@type":"ListItem","position":2,"name":"POKOJE"}]},{"@type":"WebSite","@id":"https:\/\/wierzba.pan.pl\/#website","url":"https:\/\/wierzba.pan.pl\/","name":"PAN Dom Pracy Tw\u00f3rczej w Wierzbie","description":"Wypoczynek nad jeziorem, w sercu Puszczy Piskiej","potentialAction":[{"@type":"SearchAction","target":{"@type":"EntryPoint","urlTemplate":"https:\/\/wierzba.pan.pl\/?s={search_term_string}"},"query-input":{"@type":"PropertyValueSpecification","valueRequired":true,"valueName":"search_term_string"}}],"inLanguage":"pl-PL"}]}},"_links":{"self":[{"href":"https:\/\/wierzba.pan.pl\/index.php?rest_route=\/wp\/v2\/pages\/109","targetHints":{"allow":["GET"]}}],"collection":[{"href":"https:\/\/wierzba.pan.pl\/index.php?rest_route=\/wp\/v2\/pages"}],"about":[{"href":"https:\/\/wierzba.pan.pl\/index.php?rest_route=\/wp\/v2\/types\/page"}],"author":[{"embeddable":true,"href":"https:\/\/wierzba.pan.pl\/index.php?rest_route=\/wp\/v2\/users\/3"}],"replies":[{"embeddable":true,"href":"https:\/\/wierzba.pan.pl\/index.php?rest_route=%2Fwp%2Fv2%2Fcomments&post=109"}],"version-history":[{"count":55,"href":"https:\/\/wierzba.pan.pl\/index.php?rest_route=\/wp\/v2\/pages\/109\/revisions"}],"predecessor-version":[{"id":5305,"href":"https:\/\/wierzba.pan.pl\/index.php?rest_route=\/wp\/v2\/pages\/109\/revisions\/5305"}],"wp:attachment":[{"href":"https:\/\/wierzba.pan.pl\/index.php?rest_route=%2Fwp%2Fv2%2Fmedia&parent=109"}],"curies":[{"name":"wp","href":"https:\/\/api.w.org\/{rel}","templated":true}]}}