{"id":133,"date":"2019-01-23T09:19:59","date_gmt":"2019-01-23T09:19:59","guid":{"rendered":"http:\/\/wierzba.pan.pl\/?page_id=133"},"modified":"2025-11-13T08:38:46","modified_gmt":"2025-11-13T07:38:46","slug":"konferencje-szkolenia-eventy-integracja-mazury","status":"publish","type":"page","link":"https:\/\/wierzba.pan.pl\/?page_id=133","title":{"rendered":"KONFERENCJE I SZKOLENIA"},"content":{"rendered":"\n<hr class=\"wp-block-separator has-alpha-channel-opacity\"\/>\n\n\n\n<p class=\"has-text-align-center\"><strong>PAN Dom Pracy Tw\u00f3rczej w Wierzbie to centrum konferencyjne z profesjonalnym zapleczem szkoleniowym i wieloletnim do\u015bwiadczeniem w organizacji imprez dla firm.<\/strong><\/p>\n\n\n\n<div class=\"wp-block-media-text is-stacked-on-mobile\"><figure class=\"wp-block-media-text__media\"><img loading=\"lazy\" decoding=\"async\" width=\"1024\" height=\"676\" src=\"https:\/\/wierzba.pan.pl\/wp-content\/uploads\/2021\/03\/Centrum-tyl-1024x676.jpg\" alt=\"\" class=\"wp-image-2483 size-full\" srcset=\"https:\/\/wierzba.pan.pl\/wp-content\/uploads\/2021\/03\/Centrum-tyl-1024x676.jpg 1024w, https:\/\/wierzba.pan.pl\/wp-content\/uploads\/2021\/03\/Centrum-tyl-300x198.jpg 300w, https:\/\/wierzba.pan.pl\/wp-content\/uploads\/2021\/03\/Centrum-tyl-768x507.jpg 768w, https:\/\/wierzba.pan.pl\/wp-content\/uploads\/2021\/03\/Centrum-tyl-1536x1014.jpg 1536w, https:\/\/wierzba.pan.pl\/wp-content\/uploads\/2021\/03\/Centrum-tyl-2048x1352.jpg 2048w\" sizes=\"auto, (max-width: 1024px) 100vw, 1024px\" \/><\/figure><div class=\"wp-block-media-text__content\">\n<p>Do Pa\u0144stwa dyspozycji oddajemy 2 sale konferencyjne wyposa\u017cone w sprz\u0119t audio-wizualny i bezprzewodowy dost\u0119p do internetu. Wi\u0119ksza z sal mie\u015bci do 200 os\u00f3b. Sale s\u0105 klimatyzowane, istnieje te\u017c mo\u017cliwo\u015b\u0107 ich zaciemnienia. Zapewniamy profesjonaln\u0105 obs\u0142ug\u0119 konferencji. Dodatkowo dysponujemy sal\u0105 kominkow\u0105 oraz salami, w kt\u00f3rych istnieje mo\u017cliwo\u015b\u0107 zorganizowania spotka\u0144 w mniejszym gronie, sesji posterowych lub przeprowadzenia kameralnych dyskusji panelowych. <\/p>\n<\/div><\/div>\n\n\n\n<hr class=\"wp-block-separator has-alpha-channel-opacity\"\/>\n\n\n\n<div class=\"wp-block-media-text is-stacked-on-mobile\" style=\"grid-template-columns:51% auto\"><figure class=\"wp-block-media-text__media\"><img loading=\"lazy\" decoding=\"async\" width=\"1024\" height=\"683\" src=\"https:\/\/wierzba.pan.pl\/wp-content\/uploads\/2020\/01\/IMG_1229-1024x683.jpg\" alt=\"\" class=\"wp-image-1878 size-full\" srcset=\"https:\/\/wierzba.pan.pl\/wp-content\/uploads\/2020\/01\/IMG_1229-1024x683.jpg 1024w, https:\/\/wierzba.pan.pl\/wp-content\/uploads\/2020\/01\/IMG_1229-300x200.jpg 300w, https:\/\/wierzba.pan.pl\/wp-content\/uploads\/2020\/01\/IMG_1229-768x512.jpg 768w, https:\/\/wierzba.pan.pl\/wp-content\/uploads\/2020\/01\/IMG_1229-360x240.jpg 360w\" sizes=\"auto, (max-width: 1024px) 100vw, 1024px\" \/><\/figure><div class=\"wp-block-media-text__content\">\n<p><strong>Du\u017ca sala konferencyjna:<\/strong><\/p>\n\n\n\n<ul class=\"wp-block-list\">\n<li>projektor multimedialny wraz z ekranem,<\/li>\n\n\n\n<li>4 flipcharty<\/li>\n\n\n\n<li>nag\u0142o\u015bnienie zewn\u0119trzne sali (JBL) z trzema mikrofonami<br>bezprzewodowymi (SHURE),<\/li>\n\n\n\n<li>scena,<\/li>\n\n\n\n<li>mo\u017cliwo\u015b\u0107 zaciemnienia sali,<\/li>\n\n\n\n<li>klimatyzacja,<\/li>\n\n\n\n<li>o\u015bwietlenie sali z podzia\u0142em na strefy i p\u0142ynn\u0105 regulacj\u0105,<\/li>\n\n\n\n<li>15 stanowisk nag\u0142o\u015bnienia wewn\u0119trznego &#8211; zestaw na sto\u0142y(PHILIPS)<\/li>\n\n\n\n<li>WI- FI<\/li>\n<\/ul>\n<\/div><\/div>\n\n\n\n<hr class=\"wp-block-separator has-alpha-channel-opacity\"\/>\n\n\n\n<div class=\"wp-block-media-text is-stacked-on-mobile\"><figure class=\"wp-block-media-text__media\"><img loading=\"lazy\" decoding=\"async\" width=\"1024\" height=\"683\" src=\"https:\/\/wierzba.pan.pl\/wp-content\/uploads\/2021\/10\/IMG_1202-1024x683-1.jpg\" alt=\"\" class=\"wp-image-3376 size-full\" srcset=\"https:\/\/wierzba.pan.pl\/wp-content\/uploads\/2021\/10\/IMG_1202-1024x683-1.jpg 1024w, https:\/\/wierzba.pan.pl\/wp-content\/uploads\/2021\/10\/IMG_1202-1024x683-1-300x200.jpg 300w, https:\/\/wierzba.pan.pl\/wp-content\/uploads\/2021\/10\/IMG_1202-1024x683-1-150x100.jpg 150w, https:\/\/wierzba.pan.pl\/wp-content\/uploads\/2021\/10\/IMG_1202-1024x683-1-768x512.jpg 768w, https:\/\/wierzba.pan.pl\/wp-content\/uploads\/2021\/10\/IMG_1202-1024x683-1-360x240.jpg 360w, https:\/\/wierzba.pan.pl\/wp-content\/uploads\/2021\/10\/IMG_1202-1024x683-1-24x16.jpg 24w, https:\/\/wierzba.pan.pl\/wp-content\/uploads\/2021\/10\/IMG_1202-1024x683-1-36x24.jpg 36w, https:\/\/wierzba.pan.pl\/wp-content\/uploads\/2021\/10\/IMG_1202-1024x683-1-48x32.jpg 48w\" sizes=\"auto, (max-width: 1024px) 100vw, 1024px\" \/><\/figure><div class=\"wp-block-media-text__content\">\n<p><strong>Ma\u0142a sala konferencyjna:<\/strong><\/p>\n\n\n\n<ul class=\"wp-block-list\">\n<li>projektor multimedialny wraz z ekranem<\/li>\n\n\n\n<li>zestaw szynowy tablic (3 flipcharty, 2 tablice magnetyczne<br>sucho\u015bcieralne, 2 tablice korkowe)<\/li>\n\n\n\n<li>mo\u017cliwo\u015b\u0107 zaciemnienia sali,<\/li>\n\n\n\n<li>klimatyzacja.<\/li>\n\n\n\n<li>WI-FI<\/li>\n<\/ul>\n\n\n\n<p><\/p>\n<\/div><\/div>\n\n\n\n<hr class=\"wp-block-separator has-alpha-channel-opacity\"\/>\n\n\n\n<div class=\"wp-block-columns are-vertically-aligned-top is-layout-flex wp-container-core-columns-is-layout-9d6595d7 wp-block-columns-is-layout-flex\">\n<div class=\"wp-block-column is-vertically-aligned-top is-layout-flow wp-block-column-is-layout-flow\">\n<h5 class=\"wp-block-heading has-text-align-center\">Dodatkowy sprz\u0119t mo\u017cliwy do zainstalowania w salach konferencyjnych: <\/h5>\n\n\n\n<ul class=\"wp-block-list\">\n<li>projektor multimedialny,<\/li>\n\n\n\n<li>telewizor,<\/li>\n\n\n\n<li>3 rzutniki pisma,<\/li>\n\n\n\n<li>ekran,<\/li>\n\n\n\n<li>zestaw do nag\u0142o\u015bnienia z dwoma mikrofonami (JBL, SHURE),<\/li>\n\n\n\n<li>pointer.<\/li>\n<\/ul>\n<\/div>\n<\/div>\n\n\n\n<hr class=\"wp-block-separator has-alpha-channel-opacity\"\/>\n\n\n\n<h4 class=\"wp-block-heading has-text-align-center\">Eventy z widokiem na jezioro \u2013 8 hektar\u00f3w natury, tysi\u0105ce mo\u017cliwo\u015bci!<\/h4>\n\n\n\n<div class=\"wp-block-media-text is-stacked-on-mobile\"><figure class=\"wp-block-media-text__media\"><img loading=\"lazy\" decoding=\"async\" width=\"720\" height=\"481\" src=\"https:\/\/wierzba.pan.pl\/wp-content\/uploads\/2025\/10\/thumbnail_IMG_3653.jpg\" alt=\"\" class=\"wp-image-4627 size-full\" srcset=\"https:\/\/wierzba.pan.pl\/wp-content\/uploads\/2025\/10\/thumbnail_IMG_3653.jpg 720w, https:\/\/wierzba.pan.pl\/wp-content\/uploads\/2025\/10\/thumbnail_IMG_3653-300x200.jpg 300w, https:\/\/wierzba.pan.pl\/wp-content\/uploads\/2025\/10\/thumbnail_IMG_3653-150x100.jpg 150w, https:\/\/wierzba.pan.pl\/wp-content\/uploads\/2025\/10\/thumbnail_IMG_3653-360x240.jpg 360w, https:\/\/wierzba.pan.pl\/wp-content\/uploads\/2025\/10\/thumbnail_IMG_3653-24x16.jpg 24w, https:\/\/wierzba.pan.pl\/wp-content\/uploads\/2025\/10\/thumbnail_IMG_3653-36x24.jpg 36w, https:\/\/wierzba.pan.pl\/wp-content\/uploads\/2025\/10\/thumbnail_IMG_3653-48x32.jpg 48w\" sizes=\"auto, (max-width: 720px) 100vw, 720px\" \/><\/figure><div class=\"wp-block-media-text__content\">\n<p>DPT Wierzba to idealna lokalizacja na organizacj\u0119 wydarze\u0144 firmowych, rodzinnych i plenerowych \u2013 po\u0142o\u017cona nad jeziorem, na terenie o powierzchni <strong>8 hektar\u00f3w<\/strong> w samym sercu Mazur:<\/p>\n\n\n\n<ul class=\"wp-block-list\">\n<li>eventy firmowe i integracje<\/li>\n\n\n\n<li>wesela i uroczysto\u015bci rodzinne nad brzegiem jeziora<\/li>\n\n\n\n<li>pikniki i imprezy plenerowe<\/li>\n\n\n\n<li>gry terenowe<\/li>\n\n\n\n<li>regaty<\/li>\n\n\n\n<li>8 hektar\u00f3w zieleni nad brzegiem jeziora<\/li>\n<\/ul>\n<\/div><\/div>\n\n\n\n<hr class=\"wp-block-separator has-alpha-channel-opacity\"\/>\n","protected":false},"excerpt":{"rendered":"<p>PAN Dom Pracy Tw\u00f3rczej w Wierzbie to centrum konferencyjne z profesjonalnym zapleczem szkoleniowym i wieloletnim do\u015bwiadczeniem w organizacji imprez dla firm. Do Pa\u0144stwa dyspozycji oddajemy 2 sale konferencyjne wyposa\u017cone w sprz\u0119t audio-wizualny i bezprzewodowy dost\u0119p do internetu. Wi\u0119ksza z sal mie\u015bci do 200 os\u00f3b. Sale s\u0105 klimatyzowane, istnieje te\u017c mo\u017cliwo\u015b\u0107 [&hellip;]<\/p>\n","protected":false},"author":3,"featured_media":1878,"parent":0,"menu_order":6,"comment_status":"closed","ping_status":"closed","template":"page-templates\/template-fullwidth.php","meta":{"inline_featured_image":false,"footnotes":""},"class_list":["post-133","page","type-page","status-publish","has-post-thumbnail","hentry"],"yoast_head":"<!-- This site is optimized with the Yoast SEO plugin v26.6 - https:\/\/yoast.com\/wordpress\/plugins\/seo\/ -->\n<title>KONFERENCJE I SZKOLENIA - PAN Dom Pracy Tw\u00f3rczej w Wierzbie<\/title>\n<meta name=\"description\" content=\"Profesjonalne konferencje i szkolenia \u2013 rozwijaj kompetencje, zdobywaj wiedz\u0119 i nawi\u0105zuj kontakty. Sprawd\u017a nasz\u0105 ofert\u0119 wydarze\u0144 dla biznesu.\" \/>\n<meta name=\"robots\" content=\"index, follow, max-snippet:-1, max-image-preview:large, max-video-preview:-1\" \/>\n<link rel=\"canonical\" href=\"https:\/\/wierzba.pan.pl\/?page_id=133\" \/>\n<meta property=\"og:locale\" content=\"pl_PL\" \/>\n<meta property=\"og:type\" content=\"article\" \/>\n<meta property=\"og:title\" content=\"KONFERENCJE I SZKOLENIA - PAN Dom Pracy Tw\u00f3rczej w Wierzbie\" \/>\n<meta property=\"og:description\" content=\"Profesjonalne konferencje i szkolenia \u2013 rozwijaj kompetencje, zdobywaj wiedz\u0119 i nawi\u0105zuj kontakty. Sprawd\u017a nasz\u0105 ofert\u0119 wydarze\u0144 dla biznesu.\" \/>\n<meta property=\"og:url\" content=\"https:\/\/wierzba.pan.pl\/?page_id=133\" \/>\n<meta property=\"og:site_name\" content=\"PAN Dom Pracy Tw\u00f3rczej w Wierzbie\" \/>\n<meta property=\"article:modified_time\" content=\"2025-11-13T07:38:46+00:00\" \/>\n<meta property=\"og:image\" content=\"https:\/\/wierzba.pan.pl\/wp-content\/uploads\/2020\/01\/IMG_1229-1024x683.jpg\" \/>\n\t<meta property=\"og:image:width\" content=\"1024\" \/>\n\t<meta property=\"og:image:height\" content=\"683\" \/>\n\t<meta property=\"og:image:type\" content=\"image\/jpeg\" \/>\n<meta name=\"twitter:card\" content=\"summary_large_image\" \/>\n<meta name=\"twitter:label1\" content=\"Szacowany czas czytania\" \/>\n\t<meta name=\"twitter:data1\" content=\"3 minuty\" \/>\n<script type=\"application\/ld+json\" class=\"yoast-schema-graph\">{\"@context\":\"https:\/\/schema.org\",\"@graph\":[{\"@type\":\"WebPage\",\"@id\":\"https:\/\/wierzba.pan.pl\/?page_id=133\",\"url\":\"https:\/\/wierzba.pan.pl\/?page_id=133\",\"name\":\"KONFERENCJE I SZKOLENIA - PAN Dom Pracy Tw\u00f3rczej w Wierzbie\",\"isPartOf\":{\"@id\":\"https:\/\/wierzba.pan.pl\/#website\"},\"primaryImageOfPage\":{\"@id\":\"https:\/\/wierzba.pan.pl\/?page_id=133#primaryimage\"},\"image\":{\"@id\":\"https:\/\/wierzba.pan.pl\/?page_id=133#primaryimage\"},\"thumbnailUrl\":\"https:\/\/wierzba.pan.pl\/wp-content\/uploads\/2020\/01\/IMG_1229.jpg\",\"datePublished\":\"2019-01-23T09:19:59+00:00\",\"dateModified\":\"2025-11-13T07:38:46+00:00\",\"description\":\"Profesjonalne konferencje i szkolenia \u2013 rozwijaj kompetencje, zdobywaj wiedz\u0119 i nawi\u0105zuj kontakty. Sprawd\u017a nasz\u0105 ofert\u0119 wydarze\u0144 dla biznesu.\",\"breadcrumb\":{\"@id\":\"https:\/\/wierzba.pan.pl\/?page_id=133#breadcrumb\"},\"inLanguage\":\"pl-PL\",\"potentialAction\":[{\"@type\":\"ReadAction\",\"target\":[\"https:\/\/wierzba.pan.pl\/?page_id=133\"]}]},{\"@type\":\"ImageObject\",\"inLanguage\":\"pl-PL\",\"@id\":\"https:\/\/wierzba.pan.pl\/?page_id=133#primaryimage\",\"url\":\"https:\/\/wierzba.pan.pl\/wp-content\/uploads\/2020\/01\/IMG_1229.jpg\",\"contentUrl\":\"https:\/\/wierzba.pan.pl\/wp-content\/uploads\/2020\/01\/IMG_1229.jpg\",\"width\":4368,\"height\":2912},{\"@type\":\"BreadcrumbList\",\"@id\":\"https:\/\/wierzba.pan.pl\/?page_id=133#breadcrumb\",\"itemListElement\":[{\"@type\":\"ListItem\",\"position\":1,\"name\":\"Strona g\u0142\u00f3wna\",\"item\":\"https:\/\/wierzba.pan.pl\/\"},{\"@type\":\"ListItem\",\"position\":2,\"name\":\"KONFERENCJE I SZKOLENIA\"}]},{\"@type\":\"WebSite\",\"@id\":\"https:\/\/wierzba.pan.pl\/#website\",\"url\":\"https:\/\/wierzba.pan.pl\/\",\"name\":\"PAN Dom Pracy Tw\u00f3rczej w Wierzbie\",\"description\":\"Wypoczynek nad jeziorem, w sercu Puszczy Piskiej\",\"potentialAction\":[{\"@type\":\"SearchAction\",\"target\":{\"@type\":\"EntryPoint\",\"urlTemplate\":\"https:\/\/wierzba.pan.pl\/?s={search_term_string}\"},\"query-input\":{\"@type\":\"PropertyValueSpecification\",\"valueRequired\":true,\"valueName\":\"search_term_string\"}}],\"inLanguage\":\"pl-PL\"}]}<\/script>\n<!-- \/ Yoast SEO plugin. -->","yoast_head_json":{"title":"KONFERENCJE I SZKOLENIA - PAN Dom Pracy Tw\u00f3rczej w Wierzbie","description":"Profesjonalne konferencje i szkolenia \u2013 rozwijaj kompetencje, zdobywaj wiedz\u0119 i nawi\u0105zuj kontakty. Sprawd\u017a nasz\u0105 ofert\u0119 wydarze\u0144 dla biznesu.","robots":{"index":"index","follow":"follow","max-snippet":"max-snippet:-1","max-image-preview":"max-image-preview:large","max-video-preview":"max-video-preview:-1"},"canonical":"https:\/\/wierzba.pan.pl\/?page_id=133","og_locale":"pl_PL","og_type":"article","og_title":"KONFERENCJE I SZKOLENIA - PAN Dom Pracy Tw\u00f3rczej w Wierzbie","og_description":"Profesjonalne konferencje i szkolenia \u2013 rozwijaj kompetencje, zdobywaj wiedz\u0119 i nawi\u0105zuj kontakty. Sprawd\u017a nasz\u0105 ofert\u0119 wydarze\u0144 dla biznesu.","og_url":"https:\/\/wierzba.pan.pl\/?page_id=133","og_site_name":"PAN Dom Pracy Tw\u00f3rczej w Wierzbie","article_modified_time":"2025-11-13T07:38:46+00:00","og_image":[{"width":1024,"height":683,"url":"https:\/\/wierzba.pan.pl\/wp-content\/uploads\/2020\/01\/IMG_1229-1024x683.jpg","type":"image\/jpeg"}],"twitter_card":"summary_large_image","twitter_misc":{"Szacowany czas czytania":"3 minuty"},"schema":{"@context":"https:\/\/schema.org","@graph":[{"@type":"WebPage","@id":"https:\/\/wierzba.pan.pl\/?page_id=133","url":"https:\/\/wierzba.pan.pl\/?page_id=133","name":"KONFERENCJE I SZKOLENIA - PAN Dom Pracy Tw\u00f3rczej w Wierzbie","isPartOf":{"@id":"https:\/\/wierzba.pan.pl\/#website"},"primaryImageOfPage":{"@id":"https:\/\/wierzba.pan.pl\/?page_id=133#primaryimage"},"image":{"@id":"https:\/\/wierzba.pan.pl\/?page_id=133#primaryimage"},"thumbnailUrl":"https:\/\/wierzba.pan.pl\/wp-content\/uploads\/2020\/01\/IMG_1229.jpg","datePublished":"2019-01-23T09:19:59+00:00","dateModified":"2025-11-13T07:38:46+00:00","description":"Profesjonalne konferencje i szkolenia \u2013 rozwijaj kompetencje, zdobywaj wiedz\u0119 i nawi\u0105zuj kontakty. Sprawd\u017a nasz\u0105 ofert\u0119 wydarze\u0144 dla biznesu.","breadcrumb":{"@id":"https:\/\/wierzba.pan.pl\/?page_id=133#breadcrumb"},"inLanguage":"pl-PL","potentialAction":[{"@type":"ReadAction","target":["https:\/\/wierzba.pan.pl\/?page_id=133"]}]},{"@type":"ImageObject","inLanguage":"pl-PL","@id":"https:\/\/wierzba.pan.pl\/?page_id=133#primaryimage","url":"https:\/\/wierzba.pan.pl\/wp-content\/uploads\/2020\/01\/IMG_1229.jpg","contentUrl":"https:\/\/wierzba.pan.pl\/wp-content\/uploads\/2020\/01\/IMG_1229.jpg","width":4368,"height":2912},{"@type":"BreadcrumbList","@id":"https:\/\/wierzba.pan.pl\/?page_id=133#breadcrumb","itemListElement":[{"@type":"ListItem","position":1,"name":"Strona g\u0142\u00f3wna","item":"https:\/\/wierzba.pan.pl\/"},{"@type":"ListItem","position":2,"name":"KONFERENCJE I SZKOLENIA"}]},{"@type":"WebSite","@id":"https:\/\/wierzba.pan.pl\/#website","url":"https:\/\/wierzba.pan.pl\/","name":"PAN Dom Pracy Tw\u00f3rczej w Wierzbie","description":"Wypoczynek nad jeziorem, w sercu Puszczy Piskiej","potentialAction":[{"@type":"SearchAction","target":{"@type":"EntryPoint","urlTemplate":"https:\/\/wierzba.pan.pl\/?s={search_term_string}"},"query-input":{"@type":"PropertyValueSpecification","valueRequired":true,"valueName":"search_term_string"}}],"inLanguage":"pl-PL"}]}},"_links":{"self":[{"href":"https:\/\/wierzba.pan.pl\/index.php?rest_route=\/wp\/v2\/pages\/133","targetHints":{"allow":["GET"]}}],"collection":[{"href":"https:\/\/wierzba.pan.pl\/index.php?rest_route=\/wp\/v2\/pages"}],"about":[{"href":"https:\/\/wierzba.pan.pl\/index.php?rest_route=\/wp\/v2\/types\/page"}],"author":[{"embeddable":true,"href":"https:\/\/wierzba.pan.pl\/index.php?rest_route=\/wp\/v2\/users\/3"}],"replies":[{"embeddable":true,"href":"https:\/\/wierzba.pan.pl\/index.php?rest_route=%2Fwp%2Fv2%2Fcomments&post=133"}],"version-history":[{"count":62,"href":"https:\/\/wierzba.pan.pl\/index.php?rest_route=\/wp\/v2\/pages\/133\/revisions"}],"predecessor-version":[{"id":5255,"href":"https:\/\/wierzba.pan.pl\/index.php?rest_route=\/wp\/v2\/pages\/133\/revisions\/5255"}],"wp:featuredmedia":[{"embeddable":true,"href":"https:\/\/wierzba.pan.pl\/index.php?rest_route=\/wp\/v2\/media\/1878"}],"wp:attachment":[{"href":"https:\/\/wierzba.pan.pl\/index.php?rest_route=%2Fwp%2Fv2%2Fmedia&parent=133"}],"curies":[{"name":"wp","href":"https:\/\/api.w.org\/{rel}","templated":true}]}}