{"id":1388,"date":"2019-09-17T12:15:37","date_gmt":"2019-09-17T11:15:37","guid":{"rendered":"http:\/\/wierzba.pan.pl\/?page_id=1388"},"modified":"2026-04-23T09:48:24","modified_gmt":"2026-04-23T08:48:24","slug":"oferty-specjalne-pakiety-hotelowe-promocja-mazury-wakacje-urlop","status":"publish","type":"page","link":"https:\/\/wierzba.pan.pl\/?page_id=1388","title":{"rendered":"OFERTY"},"content":{"rendered":"\n<hr class=\"wp-block-separator has-alpha-channel-opacity\"\/>\n\n\n\n<h2 class=\"wp-block-heading has-text-align-center\"><strong><mark style=\"background-color:rgba(0, 0, 0, 0)\" class=\"has-inline-color has-accent-color\">Poznaj aktualne oferty pobytowe Domu Pracy Tw\u00f3rczej w Wierzbie!<\/mark><\/strong><\/h2>\n\n\n\n<p>Wypocznij na spokojnym, mazurskim p\u00f3\u0142wyspie \u2013 z dala od t\u0142oku, w otoczeniu las\u00f3w, p\u00f3l i jeziora. Odetchnij czystym powietrzem, zrelaksuj si\u0119 w hamaku z widokiem na wod\u0119, podziwiaj gwia\u017adziste niebo i poznaj naszych wyj\u0105tkowych s\u0105siad\u00f3w \u2013 koniki polskie z pobliskiego rezerwatu.<\/p>\n\n\n\n<div class=\"wp-block-columns is-layout-flex wp-container-core-columns-is-layout-9d6595d7 wp-block-columns-is-layout-flex\">\n<div class=\"wp-block-column is-layout-flow wp-block-column-is-layout-flow\">\n<figure class=\"wp-block-image size-large\"><a href=\"https:\/\/wierzba.pan.pl\/?page_id=5797\"><img loading=\"lazy\" decoding=\"async\" width=\"1024\" height=\"724\" src=\"https:\/\/wierzba.pan.pl\/wp-content\/uploads\/2026\/04\/1-1-1024x724.png\" alt=\"\" class=\"wp-image-5801\" srcset=\"https:\/\/wierzba.pan.pl\/wp-content\/uploads\/2026\/04\/1-1-1024x724.png 1024w, https:\/\/wierzba.pan.pl\/wp-content\/uploads\/2026\/04\/1-1-300x212.png 300w, https:\/\/wierzba.pan.pl\/wp-content\/uploads\/2026\/04\/1-1-150x106.png 150w, https:\/\/wierzba.pan.pl\/wp-content\/uploads\/2026\/04\/1-1-768x543.png 768w, https:\/\/wierzba.pan.pl\/wp-content\/uploads\/2026\/04\/1-1-1536x1086.png 1536w, https:\/\/wierzba.pan.pl\/wp-content\/uploads\/2026\/04\/1-1-24x17.png 24w, https:\/\/wierzba.pan.pl\/wp-content\/uploads\/2026\/04\/1-1-36x25.png 36w, https:\/\/wierzba.pan.pl\/wp-content\/uploads\/2026\/04\/1-1-48x34.png 48w, https:\/\/wierzba.pan.pl\/wp-content\/uploads\/2026\/04\/1-1.png 2000w\" sizes=\"auto, (max-width: 1024px) 100vw, 1024px\" \/><\/a><figcaption class=\"wp-element-caption\">Bez \u017badnych Ogranicze\u0144<\/figcaption><\/figure>\n\n\n\n<figure class=\"wp-block-image size-large\"><a href=\"https:\/\/wierzba.pan.pl\/?page_id=5727\"><img loading=\"lazy\" decoding=\"async\" width=\"683\" height=\"1024\" src=\"https:\/\/wierzba.pan.pl\/wp-content\/uploads\/2026\/03\/Grafika-Pakiet-3-dni-683x1024.png\" alt=\"\" class=\"wp-image-5746\" srcset=\"https:\/\/wierzba.pan.pl\/wp-content\/uploads\/2026\/03\/Grafika-Pakiet-3-dni-683x1024.png 683w, https:\/\/wierzba.pan.pl\/wp-content\/uploads\/2026\/03\/Grafika-Pakiet-3-dni-200x300.png 200w, https:\/\/wierzba.pan.pl\/wp-content\/uploads\/2026\/03\/Grafika-Pakiet-3-dni-100x150.png 100w, https:\/\/wierzba.pan.pl\/wp-content\/uploads\/2026\/03\/Grafika-Pakiet-3-dni-768x1152.png 768w, https:\/\/wierzba.pan.pl\/wp-content\/uploads\/2026\/03\/Grafika-Pakiet-3-dni-16x24.png 16w, https:\/\/wierzba.pan.pl\/wp-content\/uploads\/2026\/03\/Grafika-Pakiet-3-dni-24x36.png 24w, https:\/\/wierzba.pan.pl\/wp-content\/uploads\/2026\/03\/Grafika-Pakiet-3-dni-32x48.png 32w, https:\/\/wierzba.pan.pl\/wp-content\/uploads\/2026\/03\/Grafika-Pakiet-3-dni.png 1024w\" sizes=\"auto, (max-width: 683px) 100vw, 683px\" \/><\/a><figcaption class=\"wp-element-caption\">Pakiet BB 3 dni\/ 2 noce <\/figcaption><\/figure>\n\n\n\n<figure class=\"wp-block-image size-large\"><a href=\"https:\/\/wierzba.pan.pl\/?page_id=5526\"><img loading=\"lazy\" decoding=\"async\" width=\"1414\" height=\"1414\" src=\"https:\/\/wierzba.pan.pl\/wp-content\/uploads\/2026\/01\/dzieci-na-strone-wyczeczka-jednodniowa-edited-1.jpg\" alt=\"\" class=\"wp-image-5530\" srcset=\"https:\/\/wierzba.pan.pl\/wp-content\/uploads\/2026\/01\/dzieci-na-strone-wyczeczka-jednodniowa-edited-1.jpg 1414w, https:\/\/wierzba.pan.pl\/wp-content\/uploads\/2026\/01\/dzieci-na-strone-wyczeczka-jednodniowa-edited-1-300x300.jpg 300w, https:\/\/wierzba.pan.pl\/wp-content\/uploads\/2026\/01\/dzieci-na-strone-wyczeczka-jednodniowa-edited-1-1024x1024.jpg 1024w, https:\/\/wierzba.pan.pl\/wp-content\/uploads\/2026\/01\/dzieci-na-strone-wyczeczka-jednodniowa-edited-1-150x150.jpg 150w, https:\/\/wierzba.pan.pl\/wp-content\/uploads\/2026\/01\/dzieci-na-strone-wyczeczka-jednodniowa-edited-1-768x768.jpg 768w, https:\/\/wierzba.pan.pl\/wp-content\/uploads\/2026\/01\/dzieci-na-strone-wyczeczka-jednodniowa-edited-1-24x24.jpg 24w, https:\/\/wierzba.pan.pl\/wp-content\/uploads\/2026\/01\/dzieci-na-strone-wyczeczka-jednodniowa-edited-1-36x36.jpg 36w, https:\/\/wierzba.pan.pl\/wp-content\/uploads\/2026\/01\/dzieci-na-strone-wyczeczka-jednodniowa-edited-1-48x48.jpg 48w\" sizes=\"auto, (max-width: 1414px) 100vw, 1414px\" \/><\/a><figcaption class=\"wp-element-caption\">Wycieczki edukacyjne <\/figcaption><\/figure>\n\n\n\n<figure class=\"wp-block-image size-large\"><a href=\"https:\/\/wierzba.pan.pl\/?page_id=2\"><img loading=\"lazy\" decoding=\"async\" width=\"1024\" height=\"1024\" src=\"https:\/\/wierzba.pan.pl\/wp-content\/uploads\/2025\/11\/IMG_8853-edited-1024x1024.jpeg\" alt=\"\" class=\"wp-image-5325\" srcset=\"https:\/\/wierzba.pan.pl\/wp-content\/uploads\/2025\/11\/IMG_8853-edited-1024x1024.jpeg 1024w, https:\/\/wierzba.pan.pl\/wp-content\/uploads\/2025\/11\/IMG_8853-edited-300x300.jpeg 300w, https:\/\/wierzba.pan.pl\/wp-content\/uploads\/2025\/11\/IMG_8853-edited-150x150.jpeg 150w, https:\/\/wierzba.pan.pl\/wp-content\/uploads\/2025\/11\/IMG_8853-edited-768x768.jpeg 768w, https:\/\/wierzba.pan.pl\/wp-content\/uploads\/2025\/11\/IMG_8853-edited-24x24.jpeg 24w, https:\/\/wierzba.pan.pl\/wp-content\/uploads\/2025\/11\/IMG_8853-edited-36x36.jpeg 36w, https:\/\/wierzba.pan.pl\/wp-content\/uploads\/2025\/11\/IMG_8853-edited-48x48.jpeg 48w, https:\/\/wierzba.pan.pl\/wp-content\/uploads\/2025\/11\/IMG_8853-edited.jpeg 1536w\" sizes=\"auto, (max-width: 1024px) 100vw, 1024px\" \/><\/a><figcaption class=\"wp-element-caption\">Pobyt ze \u015bniadaniem<\/figcaption><\/figure>\n<\/div>\n\n\n\n<div class=\"wp-block-column is-layout-flow wp-block-column-is-layout-flow\">\n<figure class=\"wp-block-image size-large\"><a href=\"https:\/\/wierzba.pan.pl\/?page_id=5685\"><img loading=\"lazy\" decoding=\"async\" width=\"683\" height=\"1024\" src=\"https:\/\/wierzba.pan.pl\/wp-content\/uploads\/2026\/03\/ChatGPT-Image-11-mar-2026-15_45_41-683x1024.png\" alt=\"\" class=\"wp-image-5763\" srcset=\"https:\/\/wierzba.pan.pl\/wp-content\/uploads\/2026\/03\/ChatGPT-Image-11-mar-2026-15_45_41-683x1024.png 683w, https:\/\/wierzba.pan.pl\/wp-content\/uploads\/2026\/03\/ChatGPT-Image-11-mar-2026-15_45_41-200x300.png 200w, https:\/\/wierzba.pan.pl\/wp-content\/uploads\/2026\/03\/ChatGPT-Image-11-mar-2026-15_45_41-100x150.png 100w, https:\/\/wierzba.pan.pl\/wp-content\/uploads\/2026\/03\/ChatGPT-Image-11-mar-2026-15_45_41-768x1152.png 768w, https:\/\/wierzba.pan.pl\/wp-content\/uploads\/2026\/03\/ChatGPT-Image-11-mar-2026-15_45_41-16x24.png 16w, https:\/\/wierzba.pan.pl\/wp-content\/uploads\/2026\/03\/ChatGPT-Image-11-mar-2026-15_45_41-24x36.png 24w, https:\/\/wierzba.pan.pl\/wp-content\/uploads\/2026\/03\/ChatGPT-Image-11-mar-2026-15_45_41-32x48.png 32w, https:\/\/wierzba.pan.pl\/wp-content\/uploads\/2026\/03\/ChatGPT-Image-11-mar-2026-15_45_41.png 1024w\" sizes=\"auto, (max-width: 683px) 100vw, 683px\" \/><\/a><figcaption class=\"wp-element-caption\">Maj\u00f3wka 2026 na Mazurach<\/figcaption><\/figure>\n\n\n\n<figure class=\"wp-block-image size-large\"><a href=\"https:\/\/wierzba.pan.pl\/?page_id=5711\"><img loading=\"lazy\" decoding=\"async\" width=\"683\" height=\"1024\" src=\"https:\/\/wierzba.pan.pl\/wp-content\/uploads\/2026\/02\/Otwarcie-sezonu-2026-Wierzba-1-683x1024.png\" alt=\"\" class=\"wp-image-5718\" srcset=\"https:\/\/wierzba.pan.pl\/wp-content\/uploads\/2026\/02\/Otwarcie-sezonu-2026-Wierzba-1-683x1024.png 683w, https:\/\/wierzba.pan.pl\/wp-content\/uploads\/2026\/02\/Otwarcie-sezonu-2026-Wierzba-1-200x300.png 200w, https:\/\/wierzba.pan.pl\/wp-content\/uploads\/2026\/02\/Otwarcie-sezonu-2026-Wierzba-1-100x150.png 100w, https:\/\/wierzba.pan.pl\/wp-content\/uploads\/2026\/02\/Otwarcie-sezonu-2026-Wierzba-1-768x1152.png 768w, https:\/\/wierzba.pan.pl\/wp-content\/uploads\/2026\/02\/Otwarcie-sezonu-2026-Wierzba-1-16x24.png 16w, https:\/\/wierzba.pan.pl\/wp-content\/uploads\/2026\/02\/Otwarcie-sezonu-2026-Wierzba-1-24x36.png 24w, https:\/\/wierzba.pan.pl\/wp-content\/uploads\/2026\/02\/Otwarcie-sezonu-2026-Wierzba-1-32x48.png 32w, https:\/\/wierzba.pan.pl\/wp-content\/uploads\/2026\/02\/Otwarcie-sezonu-2026-Wierzba-1.png 1024w\" sizes=\"auto, (max-width: 683px) 100vw, 683px\" \/><\/a><figcaption class=\"wp-element-caption\">Rozpocz\u0119cie sezonu wakacyjnego 03-05.07.2026<\/figcaption><\/figure>\n\n\n\n<figure class=\"wp-block-image size-large\"><a href=\"https:\/\/wierzba.pan.pl\/?page_id=5732\"><img loading=\"lazy\" decoding=\"async\" width=\"683\" height=\"1024\" src=\"https:\/\/wierzba.pan.pl\/wp-content\/uploads\/2026\/03\/Grafika-Pakiet-BB-5-dni-683x1024.png\" alt=\"\" class=\"wp-image-5748\" srcset=\"https:\/\/wierzba.pan.pl\/wp-content\/uploads\/2026\/03\/Grafika-Pakiet-BB-5-dni-683x1024.png 683w, https:\/\/wierzba.pan.pl\/wp-content\/uploads\/2026\/03\/Grafika-Pakiet-BB-5-dni-200x300.png 200w, https:\/\/wierzba.pan.pl\/wp-content\/uploads\/2026\/03\/Grafika-Pakiet-BB-5-dni-100x150.png 100w, https:\/\/wierzba.pan.pl\/wp-content\/uploads\/2026\/03\/Grafika-Pakiet-BB-5-dni-768x1152.png 768w, https:\/\/wierzba.pan.pl\/wp-content\/uploads\/2026\/03\/Grafika-Pakiet-BB-5-dni-16x24.png 16w, https:\/\/wierzba.pan.pl\/wp-content\/uploads\/2026\/03\/Grafika-Pakiet-BB-5-dni-24x36.png 24w, https:\/\/wierzba.pan.pl\/wp-content\/uploads\/2026\/03\/Grafika-Pakiet-BB-5-dni-32x48.png 32w, https:\/\/wierzba.pan.pl\/wp-content\/uploads\/2026\/03\/Grafika-Pakiet-BB-5-dni.png 1024w\" sizes=\"auto, (max-width: 683px) 100vw, 683px\" \/><\/a><figcaption class=\"wp-element-caption\">Pakiet BB 5 dni\/ 4 noce <\/figcaption><\/figure>\n\n\n\n<figure class=\"wp-block-image size-large\"><a href=\"https:\/\/wierzba.pan.pl\/?page_id=5372\"><img loading=\"lazy\" decoding=\"async\" width=\"1025\" height=\"1024\" src=\"https:\/\/wierzba.pan.pl\/wp-content\/uploads\/2025\/12\/Voucher-zdjecie-na-strone-edited.png\" alt=\"\" class=\"wp-image-5457\" srcset=\"https:\/\/wierzba.pan.pl\/wp-content\/uploads\/2025\/12\/Voucher-zdjecie-na-strone-edited.png 1025w, https:\/\/wierzba.pan.pl\/wp-content\/uploads\/2025\/12\/Voucher-zdjecie-na-strone-edited-300x300.png 300w, https:\/\/wierzba.pan.pl\/wp-content\/uploads\/2025\/12\/Voucher-zdjecie-na-strone-edited-150x150.png 150w, https:\/\/wierzba.pan.pl\/wp-content\/uploads\/2025\/12\/Voucher-zdjecie-na-strone-edited-768x767.png 768w, https:\/\/wierzba.pan.pl\/wp-content\/uploads\/2025\/12\/Voucher-zdjecie-na-strone-edited-24x24.png 24w, https:\/\/wierzba.pan.pl\/wp-content\/uploads\/2025\/12\/Voucher-zdjecie-na-strone-edited-36x36.png 36w, https:\/\/wierzba.pan.pl\/wp-content\/uploads\/2025\/12\/Voucher-zdjecie-na-strone-edited-48x48.png 48w\" sizes=\"auto, (max-width: 1025px) 100vw, 1025px\" \/><\/a><figcaption class=\"wp-element-caption\">Voucher podarunkowy &#8211; pomys\u0142owy prezent dla bliskich<\/figcaption><\/figure>\n<\/div>\n\n\n\n<div class=\"wp-block-column is-layout-flow wp-block-column-is-layout-flow\">\n<figure class=\"wp-block-image size-large\"><a href=\"https:\/\/wierzba.pan.pl\/?page_id=5789\"><img loading=\"lazy\" decoding=\"async\" width=\"1024\" height=\"1024\" src=\"https:\/\/wierzba.pan.pl\/wp-content\/uploads\/2026\/04\/Majowka-na-Mazurach-Grafika-z-Motywami-Jezior-i-Przyrody-1024x1024.png\" alt=\"\" class=\"wp-image-5786\" srcset=\"https:\/\/wierzba.pan.pl\/wp-content\/uploads\/2026\/04\/Majowka-na-Mazurach-Grafika-z-Motywami-Jezior-i-Przyrody-1024x1024.png 1024w, https:\/\/wierzba.pan.pl\/wp-content\/uploads\/2026\/04\/Majowka-na-Mazurach-Grafika-z-Motywami-Jezior-i-Przyrody-300x300.png 300w, https:\/\/wierzba.pan.pl\/wp-content\/uploads\/2026\/04\/Majowka-na-Mazurach-Grafika-z-Motywami-Jezior-i-Przyrody-150x150.png 150w, https:\/\/wierzba.pan.pl\/wp-content\/uploads\/2026\/04\/Majowka-na-Mazurach-Grafika-z-Motywami-Jezior-i-Przyrody-768x768.png 768w, https:\/\/wierzba.pan.pl\/wp-content\/uploads\/2026\/04\/Majowka-na-Mazurach-Grafika-z-Motywami-Jezior-i-Przyrody-1536x1536.png 1536w, https:\/\/wierzba.pan.pl\/wp-content\/uploads\/2026\/04\/Majowka-na-Mazurach-Grafika-z-Motywami-Jezior-i-Przyrody-24x24.png 24w, https:\/\/wierzba.pan.pl\/wp-content\/uploads\/2026\/04\/Majowka-na-Mazurach-Grafika-z-Motywami-Jezior-i-Przyrody-36x36.png 36w, https:\/\/wierzba.pan.pl\/wp-content\/uploads\/2026\/04\/Majowka-na-Mazurach-Grafika-z-Motywami-Jezior-i-Przyrody-48x48.png 48w, https:\/\/wierzba.pan.pl\/wp-content\/uploads\/2026\/04\/Majowka-na-Mazurach-Grafika-z-Motywami-Jezior-i-Przyrody.png 1654w\" sizes=\"auto, (max-width: 1024px) 100vw, 1024px\" \/><\/a><figcaption class=\"wp-element-caption\">Robisz  Co Chcesz &#8211; Maj\u00f3wka <\/figcaption><\/figure>\n\n\n\n<figure class=\"wp-block-image size-large\"><a href=\"https:\/\/wierzba.pan.pl\/?page_id=5700\"><img loading=\"lazy\" decoding=\"async\" width=\"683\" height=\"1024\" src=\"https:\/\/wierzba.pan.pl\/wp-content\/uploads\/2026\/03\/ChatGPT-Image-12-mar-2026-08_45_48-683x1024.png\" alt=\"\" class=\"wp-image-5765\" srcset=\"https:\/\/wierzba.pan.pl\/wp-content\/uploads\/2026\/03\/ChatGPT-Image-12-mar-2026-08_45_48-683x1024.png 683w, https:\/\/wierzba.pan.pl\/wp-content\/uploads\/2026\/03\/ChatGPT-Image-12-mar-2026-08_45_48-200x300.png 200w, https:\/\/wierzba.pan.pl\/wp-content\/uploads\/2026\/03\/ChatGPT-Image-12-mar-2026-08_45_48-100x150.png 100w, https:\/\/wierzba.pan.pl\/wp-content\/uploads\/2026\/03\/ChatGPT-Image-12-mar-2026-08_45_48-768x1152.png 768w, https:\/\/wierzba.pan.pl\/wp-content\/uploads\/2026\/03\/ChatGPT-Image-12-mar-2026-08_45_48-16x24.png 16w, https:\/\/wierzba.pan.pl\/wp-content\/uploads\/2026\/03\/ChatGPT-Image-12-mar-2026-08_45_48-24x36.png 24w, https:\/\/wierzba.pan.pl\/wp-content\/uploads\/2026\/03\/ChatGPT-Image-12-mar-2026-08_45_48-32x48.png 32w, https:\/\/wierzba.pan.pl\/wp-content\/uploads\/2026\/03\/ChatGPT-Image-12-mar-2026-08_45_48.png 1024w\" sizes=\"auto, (max-width: 683px) 100vw, 683px\" \/><\/a><figcaption class=\"wp-element-caption\">Bo\u017ce Cia\u0142o 2026 na Mazurach<\/figcaption><\/figure>\n\n\n\n<figure class=\"wp-block-image size-large\"><a href=\"https:\/\/wierzba.pan.pl\/?page_id=5755\"><img loading=\"lazy\" decoding=\"async\" width=\"683\" height=\"1024\" src=\"https:\/\/wierzba.pan.pl\/wp-content\/uploads\/2026\/03\/Grafika-Pakiet-BB-7-dni-683x1024.png\" alt=\"\" class=\"wp-image-5753\" srcset=\"https:\/\/wierzba.pan.pl\/wp-content\/uploads\/2026\/03\/Grafika-Pakiet-BB-7-dni-683x1024.png 683w, https:\/\/wierzba.pan.pl\/wp-content\/uploads\/2026\/03\/Grafika-Pakiet-BB-7-dni-200x300.png 200w, https:\/\/wierzba.pan.pl\/wp-content\/uploads\/2026\/03\/Grafika-Pakiet-BB-7-dni-100x150.png 100w, https:\/\/wierzba.pan.pl\/wp-content\/uploads\/2026\/03\/Grafika-Pakiet-BB-7-dni-768x1152.png 768w, https:\/\/wierzba.pan.pl\/wp-content\/uploads\/2026\/03\/Grafika-Pakiet-BB-7-dni-16x24.png 16w, https:\/\/wierzba.pan.pl\/wp-content\/uploads\/2026\/03\/Grafika-Pakiet-BB-7-dni-24x36.png 24w, https:\/\/wierzba.pan.pl\/wp-content\/uploads\/2026\/03\/Grafika-Pakiet-BB-7-dni-32x48.png 32w, https:\/\/wierzba.pan.pl\/wp-content\/uploads\/2026\/03\/Grafika-Pakiet-BB-7-dni.png 1024w\" sizes=\"auto, (max-width: 683px) 100vw, 683px\" \/><\/a><figcaption class=\"wp-element-caption\">Pakiet BB 7dni\/ 6 nocy<\/figcaption><\/figure>\n\n\n\n<figure class=\"wp-block-image size-large\"><a href=\"https:\/\/wierzba.pan.pl\/?page_id=5376\"><img loading=\"lazy\" decoding=\"async\" width=\"2560\" height=\"2560\" src=\"https:\/\/wierzba.pan.pl\/wp-content\/uploads\/2025\/12\/DSC01836-edited-scaled.jpg\" alt=\"\" class=\"wp-image-5456\" srcset=\"https:\/\/wierzba.pan.pl\/wp-content\/uploads\/2025\/12\/DSC01836-edited-scaled.jpg 2560w, https:\/\/wierzba.pan.pl\/wp-content\/uploads\/2025\/12\/DSC01836-edited-300x300.jpg 300w, https:\/\/wierzba.pan.pl\/wp-content\/uploads\/2025\/12\/DSC01836-edited-1024x1024.jpg 1024w, https:\/\/wierzba.pan.pl\/wp-content\/uploads\/2025\/12\/DSC01836-edited-150x150.jpg 150w, https:\/\/wierzba.pan.pl\/wp-content\/uploads\/2025\/12\/DSC01836-edited-768x768.jpg 768w, https:\/\/wierzba.pan.pl\/wp-content\/uploads\/2025\/12\/DSC01836-edited-1536x1536.jpg 1536w, https:\/\/wierzba.pan.pl\/wp-content\/uploads\/2025\/12\/DSC01836-edited-2048x2048.jpg 2048w, https:\/\/wierzba.pan.pl\/wp-content\/uploads\/2025\/12\/DSC01836-edited-24x24.jpg 24w, https:\/\/wierzba.pan.pl\/wp-content\/uploads\/2025\/12\/DSC01836-edited-36x36.jpg 36w, https:\/\/wierzba.pan.pl\/wp-content\/uploads\/2025\/12\/DSC01836-edited-48x48.jpg 48w\" sizes=\"auto, (max-width: 2560px) 100vw, 2560px\" \/><\/a><figcaption class=\"wp-element-caption\">Boxy cateringowe<\/figcaption><\/figure>\n\n\n\n<figure class=\"wp-block-image size-large\"><a href=\"https:\/\/wierzba.pan.pl\/?page_id=5522\"><img loading=\"lazy\" decoding=\"async\" width=\"1414\" height=\"1414\" src=\"https:\/\/wierzba.pan.pl\/wp-content\/uploads\/2026\/01\/dzieci-na-strone-edited.jpg\" alt=\"\" class=\"wp-image-5521\" srcset=\"https:\/\/wierzba.pan.pl\/wp-content\/uploads\/2026\/01\/dzieci-na-strone-edited.jpg 1414w, https:\/\/wierzba.pan.pl\/wp-content\/uploads\/2026\/01\/dzieci-na-strone-edited-300x300.jpg 300w, https:\/\/wierzba.pan.pl\/wp-content\/uploads\/2026\/01\/dzieci-na-strone-edited-1024x1024.jpg 1024w, https:\/\/wierzba.pan.pl\/wp-content\/uploads\/2026\/01\/dzieci-na-strone-edited-150x150.jpg 150w, https:\/\/wierzba.pan.pl\/wp-content\/uploads\/2026\/01\/dzieci-na-strone-edited-768x768.jpg 768w, https:\/\/wierzba.pan.pl\/wp-content\/uploads\/2026\/01\/dzieci-na-strone-edited-24x24.jpg 24w, https:\/\/wierzba.pan.pl\/wp-content\/uploads\/2026\/01\/dzieci-na-strone-edited-36x36.jpg 36w, https:\/\/wierzba.pan.pl\/wp-content\/uploads\/2026\/01\/dzieci-na-strone-edited-48x48.jpg 48w\" sizes=\"auto, (max-width: 1414px) 100vw, 1414px\" \/><\/a><figcaption class=\"wp-element-caption\">Wyjazdy edukacyjne<\/figcaption><\/figure>\n<\/div>\n<\/div>\n\n\n\n<p><\/p>\n","protected":false},"excerpt":{"rendered":"<p>Poznaj aktualne oferty pobytowe Domu Pracy Tw\u00f3rczej w Wierzbie! Wypocznij na spokojnym, mazurskim p\u00f3\u0142wyspie \u2013 z dala od t\u0142oku, w otoczeniu las\u00f3w, p\u00f3l i jeziora. Odetchnij czystym powietrzem, zrelaksuj si\u0119 w hamaku z widokiem na wod\u0119, podziwiaj gwia\u017adziste niebo i poznaj naszych wyj\u0105tkowych s\u0105siad\u00f3w \u2013 koniki polskie z pobliskiego rezerwatu.<\/p>\n","protected":false},"author":2,"featured_media":4627,"parent":0,"menu_order":0,"comment_status":"closed","ping_status":"closed","template":"","meta":{"inline_featured_image":false,"footnotes":""},"class_list":["post-1388","page","type-page","status-publish","has-post-thumbnail","hentry"],"yoast_head":"<!-- This site is optimized with the Yoast SEO plugin v26.6 - https:\/\/yoast.com\/wordpress\/plugins\/seo\/ -->\n<title>OFERTY - PAN Dom Pracy Tw\u00f3rczej w Wierzbie<\/title>\n<meta name=\"description\" content=\"Komfortowe domki i hotel na Mazurach \u2013 idealne noclegi nad jeziorem, w otoczeniu lasu. Wypoczynek rodzinny, wakacje, relaks i natura.\" \/>\n<meta name=\"robots\" content=\"index, follow, max-snippet:-1, max-image-preview:large, max-video-preview:-1\" \/>\n<link rel=\"canonical\" href=\"https:\/\/wierzba.pan.pl\/?page_id=1388\" \/>\n<meta property=\"og:locale\" content=\"pl_PL\" \/>\n<meta property=\"og:type\" content=\"article\" \/>\n<meta property=\"og:title\" content=\"OFERTY - PAN Dom Pracy Tw\u00f3rczej w Wierzbie\" \/>\n<meta property=\"og:description\" content=\"Komfortowe domki i hotel na Mazurach \u2013 idealne noclegi nad jeziorem, w otoczeniu lasu. Wypoczynek rodzinny, wakacje, relaks i natura.\" \/>\n<meta property=\"og:url\" content=\"https:\/\/wierzba.pan.pl\/?page_id=1388\" \/>\n<meta property=\"og:site_name\" content=\"PAN Dom Pracy Tw\u00f3rczej w Wierzbie\" \/>\n<meta property=\"article:modified_time\" content=\"2026-04-23T08:48:24+00:00\" \/>\n<meta property=\"og:image\" content=\"https:\/\/wierzba.pan.pl\/wp-content\/uploads\/2025\/10\/thumbnail_IMG_3653.jpg\" \/>\n\t<meta property=\"og:image:width\" content=\"720\" \/>\n\t<meta property=\"og:image:height\" content=\"481\" \/>\n\t<meta property=\"og:image:type\" content=\"image\/jpeg\" \/>\n<meta name=\"twitter:card\" content=\"summary_large_image\" \/>\n<meta name=\"twitter:label1\" content=\"Szacowany czas czytania\" \/>\n\t<meta name=\"twitter:data1\" content=\"4 minuty\" \/>\n<script type=\"application\/ld+json\" class=\"yoast-schema-graph\">{\"@context\":\"https:\/\/schema.org\",\"@graph\":[{\"@type\":\"WebPage\",\"@id\":\"https:\/\/wierzba.pan.pl\/?page_id=1388\",\"url\":\"https:\/\/wierzba.pan.pl\/?page_id=1388\",\"name\":\"OFERTY - PAN Dom Pracy Tw\u00f3rczej w Wierzbie\",\"isPartOf\":{\"@id\":\"https:\/\/wierzba.pan.pl\/#website\"},\"primaryImageOfPage\":{\"@id\":\"https:\/\/wierzba.pan.pl\/?page_id=1388#primaryimage\"},\"image\":{\"@id\":\"https:\/\/wierzba.pan.pl\/?page_id=1388#primaryimage\"},\"thumbnailUrl\":\"https:\/\/wierzba.pan.pl\/wp-content\/uploads\/2025\/10\/thumbnail_IMG_3653.jpg\",\"datePublished\":\"2019-09-17T11:15:37+00:00\",\"dateModified\":\"2026-04-23T08:48:24+00:00\",\"description\":\"Komfortowe domki i hotel na Mazurach \u2013 idealne noclegi nad jeziorem, w otoczeniu lasu. Wypoczynek rodzinny, wakacje, relaks i natura.\",\"breadcrumb\":{\"@id\":\"https:\/\/wierzba.pan.pl\/?page_id=1388#breadcrumb\"},\"inLanguage\":\"pl-PL\",\"potentialAction\":[{\"@type\":\"ReadAction\",\"target\":[\"https:\/\/wierzba.pan.pl\/?page_id=1388\"]}]},{\"@type\":\"ImageObject\",\"inLanguage\":\"pl-PL\",\"@id\":\"https:\/\/wierzba.pan.pl\/?page_id=1388#primaryimage\",\"url\":\"https:\/\/wierzba.pan.pl\/wp-content\/uploads\/2025\/10\/thumbnail_IMG_3653.jpg\",\"contentUrl\":\"https:\/\/wierzba.pan.pl\/wp-content\/uploads\/2025\/10\/thumbnail_IMG_3653.jpg\",\"width\":720,\"height\":481},{\"@type\":\"BreadcrumbList\",\"@id\":\"https:\/\/wierzba.pan.pl\/?page_id=1388#breadcrumb\",\"itemListElement\":[{\"@type\":\"ListItem\",\"position\":1,\"name\":\"Strona g\u0142\u00f3wna\",\"item\":\"https:\/\/wierzba.pan.pl\/\"},{\"@type\":\"ListItem\",\"position\":2,\"name\":\"OFERTY\"}]},{\"@type\":\"WebSite\",\"@id\":\"https:\/\/wierzba.pan.pl\/#website\",\"url\":\"https:\/\/wierzba.pan.pl\/\",\"name\":\"PAN Dom Pracy Tw\u00f3rczej w Wierzbie\",\"description\":\"Wypoczynek nad jeziorem, w sercu Puszczy Piskiej\",\"potentialAction\":[{\"@type\":\"SearchAction\",\"target\":{\"@type\":\"EntryPoint\",\"urlTemplate\":\"https:\/\/wierzba.pan.pl\/?s={search_term_string}\"},\"query-input\":{\"@type\":\"PropertyValueSpecification\",\"valueRequired\":true,\"valueName\":\"search_term_string\"}}],\"inLanguage\":\"pl-PL\"}]}<\/script>\n<!-- \/ Yoast SEO plugin. -->","yoast_head_json":{"title":"OFERTY - PAN Dom Pracy Tw\u00f3rczej w Wierzbie","description":"Komfortowe domki i hotel na Mazurach \u2013 idealne noclegi nad jeziorem, w otoczeniu lasu. Wypoczynek rodzinny, wakacje, relaks i natura.","robots":{"index":"index","follow":"follow","max-snippet":"max-snippet:-1","max-image-preview":"max-image-preview:large","max-video-preview":"max-video-preview:-1"},"canonical":"https:\/\/wierzba.pan.pl\/?page_id=1388","og_locale":"pl_PL","og_type":"article","og_title":"OFERTY - PAN Dom Pracy Tw\u00f3rczej w Wierzbie","og_description":"Komfortowe domki i hotel na Mazurach \u2013 idealne noclegi nad jeziorem, w otoczeniu lasu. Wypoczynek rodzinny, wakacje, relaks i natura.","og_url":"https:\/\/wierzba.pan.pl\/?page_id=1388","og_site_name":"PAN Dom Pracy Tw\u00f3rczej w Wierzbie","article_modified_time":"2026-04-23T08:48:24+00:00","og_image":[{"width":720,"height":481,"url":"https:\/\/wierzba.pan.pl\/wp-content\/uploads\/2025\/10\/thumbnail_IMG_3653.jpg","type":"image\/jpeg"}],"twitter_card":"summary_large_image","twitter_misc":{"Szacowany czas czytania":"4 minuty"},"schema":{"@context":"https:\/\/schema.org","@graph":[{"@type":"WebPage","@id":"https:\/\/wierzba.pan.pl\/?page_id=1388","url":"https:\/\/wierzba.pan.pl\/?page_id=1388","name":"OFERTY - PAN Dom Pracy Tw\u00f3rczej w Wierzbie","isPartOf":{"@id":"https:\/\/wierzba.pan.pl\/#website"},"primaryImageOfPage":{"@id":"https:\/\/wierzba.pan.pl\/?page_id=1388#primaryimage"},"image":{"@id":"https:\/\/wierzba.pan.pl\/?page_id=1388#primaryimage"},"thumbnailUrl":"https:\/\/wierzba.pan.pl\/wp-content\/uploads\/2025\/10\/thumbnail_IMG_3653.jpg","datePublished":"2019-09-17T11:15:37+00:00","dateModified":"2026-04-23T08:48:24+00:00","description":"Komfortowe domki i hotel na Mazurach \u2013 idealne noclegi nad jeziorem, w otoczeniu lasu. Wypoczynek rodzinny, wakacje, relaks i natura.","breadcrumb":{"@id":"https:\/\/wierzba.pan.pl\/?page_id=1388#breadcrumb"},"inLanguage":"pl-PL","potentialAction":[{"@type":"ReadAction","target":["https:\/\/wierzba.pan.pl\/?page_id=1388"]}]},{"@type":"ImageObject","inLanguage":"pl-PL","@id":"https:\/\/wierzba.pan.pl\/?page_id=1388#primaryimage","url":"https:\/\/wierzba.pan.pl\/wp-content\/uploads\/2025\/10\/thumbnail_IMG_3653.jpg","contentUrl":"https:\/\/wierzba.pan.pl\/wp-content\/uploads\/2025\/10\/thumbnail_IMG_3653.jpg","width":720,"height":481},{"@type":"BreadcrumbList","@id":"https:\/\/wierzba.pan.pl\/?page_id=1388#breadcrumb","itemListElement":[{"@type":"ListItem","position":1,"name":"Strona g\u0142\u00f3wna","item":"https:\/\/wierzba.pan.pl\/"},{"@type":"ListItem","position":2,"name":"OFERTY"}]},{"@type":"WebSite","@id":"https:\/\/wierzba.pan.pl\/#website","url":"https:\/\/wierzba.pan.pl\/","name":"PAN Dom Pracy Tw\u00f3rczej w Wierzbie","description":"Wypoczynek nad jeziorem, w sercu Puszczy Piskiej","potentialAction":[{"@type":"SearchAction","target":{"@type":"EntryPoint","urlTemplate":"https:\/\/wierzba.pan.pl\/?s={search_term_string}"},"query-input":{"@type":"PropertyValueSpecification","valueRequired":true,"valueName":"search_term_string"}}],"inLanguage":"pl-PL"}]}},"_links":{"self":[{"href":"https:\/\/wierzba.pan.pl\/index.php?rest_route=\/wp\/v2\/pages\/1388","targetHints":{"allow":["GET"]}}],"collection":[{"href":"https:\/\/wierzba.pan.pl\/index.php?rest_route=\/wp\/v2\/pages"}],"about":[{"href":"https:\/\/wierzba.pan.pl\/index.php?rest_route=\/wp\/v2\/types\/page"}],"author":[{"embeddable":true,"href":"https:\/\/wierzba.pan.pl\/index.php?rest_route=\/wp\/v2\/users\/2"}],"replies":[{"embeddable":true,"href":"https:\/\/wierzba.pan.pl\/index.php?rest_route=%2Fwp%2Fv2%2Fcomments&post=1388"}],"version-history":[{"count":189,"href":"https:\/\/wierzba.pan.pl\/index.php?rest_route=\/wp\/v2\/pages\/1388\/revisions"}],"predecessor-version":[{"id":5804,"href":"https:\/\/wierzba.pan.pl\/index.php?rest_route=\/wp\/v2\/pages\/1388\/revisions\/5804"}],"wp:featuredmedia":[{"embeddable":true,"href":"https:\/\/wierzba.pan.pl\/index.php?rest_route=\/wp\/v2\/media\/4627"}],"wp:attachment":[{"href":"https:\/\/wierzba.pan.pl\/index.php?rest_route=%2Fwp%2Fv2%2Fmedia&parent=1388"}],"curies":[{"name":"wp","href":"https:\/\/api.w.org\/{rel}","templated":true}]}}