{"id":155,"date":"2019-01-23T11:31:35","date_gmt":"2019-01-23T11:31:35","guid":{"rendered":"http:\/\/wierzba.pan.pl\/?page_id=155"},"modified":"2026-02-20T15:00:12","modified_gmt":"2026-02-20T14:00:12","slug":"czas-wolny-w-dpt-wierzba-aktywny-wypoczynek-relaks-i-atrakcje-na-mazurach","status":"publish","type":"page","link":"https:\/\/wierzba.pan.pl\/?page_id=155","title":{"rendered":"CZAS WOLNY"},"content":{"rendered":"\n<hr class=\"wp-block-separator has-alpha-channel-opacity\"\/>\n\n\n\n<h5 class=\"wp-block-heading has-text-align-center\">To nie atrakcje s\u0105 najwa\u017cniejsze, a spos\u00f3b, w jaki sp\u0119dzasz czas.<\/h5>\n\n\n\n<h5 class=\"wp-block-heading has-text-align-center\">Wierzba to miejsce, gdzie ka\u017cda chwila nabiera warto\u015bci, tutaj czas wolny jest bezcenny.<\/h5>\n\n\n\n<hr class=\"wp-block-separator has-alpha-channel-opacity\"\/>\n\n\n\n<div class=\"wp-block-media-text is-stacked-on-mobile\"><figure class=\"wp-block-media-text__media\"><img loading=\"lazy\" decoding=\"async\" width=\"1024\" height=\"683\" src=\"https:\/\/wierzba.pan.pl\/wp-content\/uploads\/2025\/11\/lake-1609597_1920-1024x683.jpg\" alt=\"\" class=\"wp-image-5147 size-full\" srcset=\"https:\/\/wierzba.pan.pl\/wp-content\/uploads\/2025\/11\/lake-1609597_1920-1024x683.jpg 1024w, https:\/\/wierzba.pan.pl\/wp-content\/uploads\/2025\/11\/lake-1609597_1920-300x200.jpg 300w, https:\/\/wierzba.pan.pl\/wp-content\/uploads\/2025\/11\/lake-1609597_1920-150x100.jpg 150w, https:\/\/wierzba.pan.pl\/wp-content\/uploads\/2025\/11\/lake-1609597_1920-768x512.jpg 768w, https:\/\/wierzba.pan.pl\/wp-content\/uploads\/2025\/11\/lake-1609597_1920-1536x1025.jpg 1536w, https:\/\/wierzba.pan.pl\/wp-content\/uploads\/2025\/11\/lake-1609597_1920-360x240.jpg 360w, https:\/\/wierzba.pan.pl\/wp-content\/uploads\/2025\/11\/lake-1609597_1920-24x16.jpg 24w, https:\/\/wierzba.pan.pl\/wp-content\/uploads\/2025\/11\/lake-1609597_1920-36x24.jpg 36w, https:\/\/wierzba.pan.pl\/wp-content\/uploads\/2025\/11\/lake-1609597_1920-48x32.jpg 48w, https:\/\/wierzba.pan.pl\/wp-content\/uploads\/2025\/11\/lake-1609597_1920.jpg 1920w\" sizes=\"auto, (max-width: 1024px) 100vw, 1024px\" \/><\/figure><div class=\"wp-block-media-text__content\">\n<p><strong>Pobyt w DPT Wierzba <\/strong>\u2013 <strong>czas wolny<\/strong> pe\u0142en odpoczynku i relaksu, to<strong> idealne miejsce<\/strong> na <strong>wakacje z dzie\u0107mi<\/strong> i bliskimi. Otoczenie <strong>jezior<\/strong>, <strong>las\u00f3w<\/strong> i <strong>rezerwat\u00f3w przyrody <\/strong>tworzy przestrze\u0144 do wsp\u00f3lnego odkrywania, <strong>zabawy i odpoczynku<\/strong>. <strong>Wierzba<\/strong> ze swoim po\u0142o\u017ceniem to nie tylko <strong>atrakcje<\/strong>, ale <strong>bezcenny czas wolny<\/strong>. Wi\u0119kszo\u015b\u0107 miejsc reklamuje atrakcje. My oferujemy co\u015b wi\u0119cej \u2013 c<strong>zas wolny<\/strong>, kt\u00f3ry naprawd\u0119 ma znaczenie. Tu chodzi o <strong>spok\u00f3j<\/strong>, <strong>blisko\u015b\u0107 natury<\/strong>, <strong>rodzinne chwile<\/strong>, kt\u00f3re zostaj\u0105 w pami\u0119ci na d\u0142ugo.<\/p>\n<\/div><\/div>\n\n\n\n<hr class=\"wp-block-separator has-alpha-channel-opacity\"\/>\n\n\n\n<h5 class=\"wp-block-heading has-text-align-center\">Czas wolny pe\u0142en odpoczynku i relaksu<\/h5>\n\n\n\n<div class=\"wp-block-media-text is-stacked-on-mobile\"><figure class=\"wp-block-media-text__media\"><img loading=\"lazy\" decoding=\"async\" width=\"1024\" height=\"683\" src=\"https:\/\/wierzba.pan.pl\/wp-content\/uploads\/2025\/11\/lake-2983738_1920-1024x683.jpg\" alt=\"\" class=\"wp-image-5149 size-full\" srcset=\"https:\/\/wierzba.pan.pl\/wp-content\/uploads\/2025\/11\/lake-2983738_1920-1024x683.jpg 1024w, https:\/\/wierzba.pan.pl\/wp-content\/uploads\/2025\/11\/lake-2983738_1920-300x200.jpg 300w, https:\/\/wierzba.pan.pl\/wp-content\/uploads\/2025\/11\/lake-2983738_1920-150x100.jpg 150w, https:\/\/wierzba.pan.pl\/wp-content\/uploads\/2025\/11\/lake-2983738_1920-768x512.jpg 768w, https:\/\/wierzba.pan.pl\/wp-content\/uploads\/2025\/11\/lake-2983738_1920-1536x1024.jpg 1536w, https:\/\/wierzba.pan.pl\/wp-content\/uploads\/2025\/11\/lake-2983738_1920-360x240.jpg 360w, https:\/\/wierzba.pan.pl\/wp-content\/uploads\/2025\/11\/lake-2983738_1920-24x16.jpg 24w, https:\/\/wierzba.pan.pl\/wp-content\/uploads\/2025\/11\/lake-2983738_1920-36x24.jpg 36w, https:\/\/wierzba.pan.pl\/wp-content\/uploads\/2025\/11\/lake-2983738_1920-48x32.jpg 48w, https:\/\/wierzba.pan.pl\/wp-content\/uploads\/2025\/11\/lake-2983738_1920.jpg 1920w\" sizes=\"auto, (max-width: 1024px) 100vw, 1024px\" \/><\/figure><div class=\"wp-block-media-text__content\">\n<p><strong>Na styku trzech jezior:<\/strong><\/p>\n\n\n\n<ul class=\"wp-block-list\">\n<li><strong>Na styku trzech jezior:<\/strong><\/li>\n\n\n\n<li><strong>strefa chilloutu z widokiem na jezioro<\/strong><\/li>\n\n\n\n<li>Sprz\u0119t wodny &#8211; trzy jeziora(<strong>Be\u0142dany<\/strong>, <strong>Miko\u0142ajskie<\/strong>, <strong>\u015aniardwy<\/strong><\/li>\n\n\n\n<li>Rowery &#8211; <strong>trasy rowerowe<\/strong><\/li>\n\n\n\n<li><strong>Sp\u0142ywy kajakowe<\/strong> &#8211; Kruty\u0144<\/li>\n\n\n\n<li><strong>Jazda konna<\/strong> &#8211; <strong>Popielno<\/strong><\/li>\n\n\n\n<li> <strong>Rezerwat Konika Polskiego<\/strong><\/li>\n\n\n\n<li>Nordic Walking &#8211; <strong>\u015acie\u017cki przyrodnicze<\/strong> <\/li>\n<\/ul>\n\n\n\n<p><\/p>\n\n\n\n<p><\/p>\n\n\n\n<p><\/p>\n<\/div><\/div>\n\n\n\n<hr class=\"wp-block-separator has-alpha-channel-opacity\"\/>\n\n\n\n<h5 class=\"wp-block-heading has-text-align-center\">Kulturalne odkrycia<\/h5>\n\n\n\n<ul class=\"wp-block-list\">\n<li><strong>Motylarnia i Ogr\u00f3d Botaniczny <\/strong>&#8211; Marcinkowo<\/li>\n\n\n\n<li><strong>Stacja Badawacza PAN<\/strong> \/ <strong>Muzeum<\/strong> \u2013 Popielno<\/li>\n\n\n\n<li>Stacja Badawcza PAN \/ <strong>Rezerwat Konika Polskiego <\/strong>\u2013 <strong>Popielno<\/strong><\/li>\n\n\n\n<li><strong>Jedyna na Warmii i Mazurach przeprawa promow<\/strong>a \u2013 <strong>Prom Wierzba<\/strong><\/li>\n\n\n\n<li><strong>Muzeum Starych Poczt\u00f3wek<\/strong> \u2013 <strong>Przeczka<\/strong><\/li>\n\n\n\n<li><strong>\u015aluza Guzianka<\/strong> \u2013 <strong>Ruciane Nida<\/strong><\/li>\n\n\n\n<li>Wy\u0142uszczarnia nasion &#8211; <strong>Ruciane Nida<\/strong><\/li>\n\n\n\n<li><strong>Krutynia<\/strong> (<strong>Kajak<\/strong>i) to szlak uznawany za <strong>jeden z najpi\u0119kniejszych szlak\u00f3w nizinnych Europy<\/strong><\/li>\n\n\n\n<li>Pomnik zakochanych drzew \u2013 <strong>Kruty\u0144<\/strong><\/li>\n\n\n\n<li><strong>O\u015brodek Edukacji Przyrodniczo-Kulturowej<\/strong> \u2013 Kruty\u0144<\/li>\n\n\n\n<li><strong>Osada Kulturowa<\/strong> \u2013 <strong>Kadzid\u0142owo<\/strong><\/li>\n\n\n\n<li><strong>Park dzikich zwierz\u0105t<\/strong> \u2013 <strong>Kadzid\u0142owo<\/strong><\/li>\n\n\n\n<li><strong>Wie\u017ca ci\u015bnie\u0144<\/strong> \u2013 <strong>Pisz<\/strong><\/li>\n\n\n\n<li><strong>Muzeum Ziemi Piskiej <\/strong>\u2013 <strong>Pisz<\/strong><\/li>\n\n\n\n<li>G\u0142azowisko \/ \u015blad lodowca \u2013 <strong>Wojnowo<\/strong><\/li>\n\n\n\n<li><strong>Klasztor Staroobrz\u0119dowc\u00f3w <\/strong>\u2013 <strong>Wojnowo<\/strong><\/li>\n\n\n\n<li><strong>Le\u015bnicz\u00f3wka Pranie \u2013 Muzeum K.I Ga\u0142czy\u0144skiego<\/strong> \u2013 <strong>Pranie<\/strong><\/li>\n\n\n\n<li><strong>Galindia <\/strong>\/ Mazurskim Edenem \u2013<strong> Iznota<\/strong><\/li>\n\n\n\n<li><strong>Muzeum Reformacji<\/strong> \u2013 <strong>Miko\u0142ajki<\/strong><\/li>\n\n\n\n<li>Zesp\u00f3\u0142 dworsko-pa\u0142acowy Johanna von Hoverbeck \u2013 Miko\u0142ajki(okolice)<\/li>\n\n\n\n<li><strong>Zamek Krzy\u017cacki<\/strong> &#8211; <strong>K\u0119trzyn<\/strong><\/li>\n\n\n\n<li><strong>Twierdza Boyen<\/strong> \u2013 <strong>Gi\u017cycko<\/strong><\/li>\n\n\n\n<li><strong>Wilczy Szaniec<\/strong> \u2013 <strong>Gier\u0142o\u017c<\/strong><\/li>\n\n\n\n<li>Bunkry \u2013 <strong>Mamerki<\/strong><\/li>\n<\/ul>\n\n\n\n<hr class=\"wp-block-separator has-alpha-channel-opacity\"\/>\n\n\n\n<h5 class=\"wp-block-heading has-text-align-center\">Aktywnie<\/h5>\n\n\n\n<ul class=\"wp-block-list\">\n<li>Wodny tor przeszk\u00f3d -Miko\u0142ajki<\/li>\n\n\n\n<li><strong>Park linowy<\/strong> &#8211; <strong>Ruciane Nida<\/strong><\/li>\n\n\n\n<li><strong>Mazurska P\u0119tla Rowerowa<\/strong> &#8211; Mazury<\/li>\n\n\n\n<li>Kajakarstwo \/ <strong>Sp\u0142ywy kajakowe<\/strong> &#8211; <strong>Kruty\u0144<\/strong><\/li>\n\n\n\n<li>Park Wodny Tropikana &#8211; Miko\u0142ajki<\/li>\n\n\n\n<li>Jazda konna &#8211; Popielno<\/li>\n\n\n\n<li><strong>Rejsy<\/strong> &#8211; <strong>Szlak Wielkich Jezior Mazurskich<\/strong><\/li>\n\n\n\n<li>Sporty wodne &#8211; <strong>Mazury<\/strong><\/li>\n<\/ul>\n\n\n\n<hr class=\"wp-block-separator has-alpha-channel-opacity\"\/>\n","protected":false},"excerpt":{"rendered":"<p>To nie atrakcje s\u0105 najwa\u017cniejsze, a spos\u00f3b, w jaki sp\u0119dzasz czas. Wierzba to miejsce, gdzie ka\u017cda chwila nabiera warto\u015bci, tutaj czas wolny jest bezcenny. Pobyt w DPT Wierzba \u2013 czas wolny pe\u0142en odpoczynku i relaksu, to idealne miejsce na wakacje z dzie\u0107mi i bliskimi. Otoczenie jezior, las\u00f3w i rezerwat\u00f3w przyrody [&hellip;]<\/p>\n","protected":false},"author":3,"featured_media":0,"parent":0,"menu_order":4,"comment_status":"closed","ping_status":"closed","template":"page-templates\/template-fullwidth.php","meta":{"inline_featured_image":false,"footnotes":""},"class_list":["post-155","page","type-page","status-publish","hentry"],"yoast_head":"<!-- This site is optimized with the Yoast SEO plugin v26.6 - https:\/\/yoast.com\/wordpress\/plugins\/seo\/ -->\n<title>CZAS WOLNY - PAN Dom Pracy Tw\u00f3rczej w Wierzbie<\/title>\n<meta name=\"description\" content=\"Odkryj czas wolny w DPT Wierzba na Mazurach \u2013 atrakcje, port, pla\u017ca, kajaki, rowery, sauna, grill i relaks w sercu Puszczy Piskiej.\" \/>\n<meta name=\"robots\" content=\"index, follow, max-snippet:-1, max-image-preview:large, max-video-preview:-1\" \/>\n<link rel=\"canonical\" href=\"https:\/\/wierzba.pan.pl\/?page_id=155\" \/>\n<meta property=\"og:locale\" content=\"pl_PL\" \/>\n<meta property=\"og:type\" content=\"article\" \/>\n<meta property=\"og:title\" content=\"CZAS WOLNY - PAN Dom Pracy Tw\u00f3rczej w Wierzbie\" \/>\n<meta property=\"og:description\" content=\"Odkryj czas wolny w DPT Wierzba na Mazurach \u2013 atrakcje, port, pla\u017ca, kajaki, rowery, sauna, grill i relaks w sercu Puszczy Piskiej.\" \/>\n<meta property=\"og:url\" content=\"https:\/\/wierzba.pan.pl\/?page_id=155\" \/>\n<meta property=\"og:site_name\" content=\"PAN Dom Pracy Tw\u00f3rczej w Wierzbie\" \/>\n<meta property=\"article:modified_time\" content=\"2026-02-20T14:00:12+00:00\" \/>\n<meta property=\"og:image\" content=\"https:\/\/wierzba.pan.pl\/wp-content\/uploads\/2025\/11\/lake-1609597_1920.jpg\" \/>\n\t<meta property=\"og:image:width\" content=\"1920\" \/>\n\t<meta property=\"og:image:height\" content=\"1281\" \/>\n\t<meta property=\"og:image:type\" content=\"image\/jpeg\" \/>\n<meta name=\"twitter:card\" content=\"summary_large_image\" \/>\n<meta name=\"twitter:label1\" content=\"Szacowany czas czytania\" \/>\n\t<meta name=\"twitter:data1\" content=\"3 minuty\" \/>\n<script type=\"application\/ld+json\" class=\"yoast-schema-graph\">{\"@context\":\"https:\/\/schema.org\",\"@graph\":[{\"@type\":\"WebPage\",\"@id\":\"https:\/\/wierzba.pan.pl\/?page_id=155\",\"url\":\"https:\/\/wierzba.pan.pl\/?page_id=155\",\"name\":\"CZAS WOLNY - PAN Dom Pracy Tw\u00f3rczej w Wierzbie\",\"isPartOf\":{\"@id\":\"https:\/\/wierzba.pan.pl\/#website\"},\"primaryImageOfPage\":{\"@id\":\"https:\/\/wierzba.pan.pl\/?page_id=155#primaryimage\"},\"image\":{\"@id\":\"https:\/\/wierzba.pan.pl\/?page_id=155#primaryimage\"},\"thumbnailUrl\":\"https:\/\/wierzba.pan.pl\/wp-content\/uploads\/2025\/11\/lake-1609597_1920-1024x683.jpg\",\"datePublished\":\"2019-01-23T11:31:35+00:00\",\"dateModified\":\"2026-02-20T14:00:12+00:00\",\"description\":\"Odkryj czas wolny w DPT Wierzba na Mazurach \u2013 atrakcje, port, pla\u017ca, kajaki, rowery, sauna, grill i relaks w sercu Puszczy Piskiej.\",\"breadcrumb\":{\"@id\":\"https:\/\/wierzba.pan.pl\/?page_id=155#breadcrumb\"},\"inLanguage\":\"pl-PL\",\"potentialAction\":[{\"@type\":\"ReadAction\",\"target\":[\"https:\/\/wierzba.pan.pl\/?page_id=155\"]}]},{\"@type\":\"ImageObject\",\"inLanguage\":\"pl-PL\",\"@id\":\"https:\/\/wierzba.pan.pl\/?page_id=155#primaryimage\",\"url\":\"https:\/\/wierzba.pan.pl\/wp-content\/uploads\/2025\/11\/lake-1609597_1920.jpg\",\"contentUrl\":\"https:\/\/wierzba.pan.pl\/wp-content\/uploads\/2025\/11\/lake-1609597_1920.jpg\",\"width\":1920,\"height\":1281},{\"@type\":\"BreadcrumbList\",\"@id\":\"https:\/\/wierzba.pan.pl\/?page_id=155#breadcrumb\",\"itemListElement\":[{\"@type\":\"ListItem\",\"position\":1,\"name\":\"Strona g\u0142\u00f3wna\",\"item\":\"https:\/\/wierzba.pan.pl\/\"},{\"@type\":\"ListItem\",\"position\":2,\"name\":\"CZAS WOLNY\"}]},{\"@type\":\"WebSite\",\"@id\":\"https:\/\/wierzba.pan.pl\/#website\",\"url\":\"https:\/\/wierzba.pan.pl\/\",\"name\":\"PAN Dom Pracy Tw\u00f3rczej w Wierzbie\",\"description\":\"Wypoczynek nad jeziorem, w sercu Puszczy Piskiej\",\"potentialAction\":[{\"@type\":\"SearchAction\",\"target\":{\"@type\":\"EntryPoint\",\"urlTemplate\":\"https:\/\/wierzba.pan.pl\/?s={search_term_string}\"},\"query-input\":{\"@type\":\"PropertyValueSpecification\",\"valueRequired\":true,\"valueName\":\"search_term_string\"}}],\"inLanguage\":\"pl-PL\"}]}<\/script>\n<!-- \/ Yoast SEO plugin. -->","yoast_head_json":{"title":"CZAS WOLNY - PAN Dom Pracy Tw\u00f3rczej w Wierzbie","description":"Odkryj czas wolny w DPT Wierzba na Mazurach \u2013 atrakcje, port, pla\u017ca, kajaki, rowery, sauna, grill i relaks w sercu Puszczy Piskiej.","robots":{"index":"index","follow":"follow","max-snippet":"max-snippet:-1","max-image-preview":"max-image-preview:large","max-video-preview":"max-video-preview:-1"},"canonical":"https:\/\/wierzba.pan.pl\/?page_id=155","og_locale":"pl_PL","og_type":"article","og_title":"CZAS WOLNY - PAN Dom Pracy Tw\u00f3rczej w Wierzbie","og_description":"Odkryj czas wolny w DPT Wierzba na Mazurach \u2013 atrakcje, port, pla\u017ca, kajaki, rowery, sauna, grill i relaks w sercu Puszczy Piskiej.","og_url":"https:\/\/wierzba.pan.pl\/?page_id=155","og_site_name":"PAN Dom Pracy Tw\u00f3rczej w Wierzbie","article_modified_time":"2026-02-20T14:00:12+00:00","og_image":[{"width":1920,"height":1281,"url":"https:\/\/wierzba.pan.pl\/wp-content\/uploads\/2025\/11\/lake-1609597_1920.jpg","type":"image\/jpeg"}],"twitter_card":"summary_large_image","twitter_misc":{"Szacowany czas czytania":"3 minuty"},"schema":{"@context":"https:\/\/schema.org","@graph":[{"@type":"WebPage","@id":"https:\/\/wierzba.pan.pl\/?page_id=155","url":"https:\/\/wierzba.pan.pl\/?page_id=155","name":"CZAS WOLNY - PAN Dom Pracy Tw\u00f3rczej w Wierzbie","isPartOf":{"@id":"https:\/\/wierzba.pan.pl\/#website"},"primaryImageOfPage":{"@id":"https:\/\/wierzba.pan.pl\/?page_id=155#primaryimage"},"image":{"@id":"https:\/\/wierzba.pan.pl\/?page_id=155#primaryimage"},"thumbnailUrl":"https:\/\/wierzba.pan.pl\/wp-content\/uploads\/2025\/11\/lake-1609597_1920-1024x683.jpg","datePublished":"2019-01-23T11:31:35+00:00","dateModified":"2026-02-20T14:00:12+00:00","description":"Odkryj czas wolny w DPT Wierzba na Mazurach \u2013 atrakcje, port, pla\u017ca, kajaki, rowery, sauna, grill i relaks w sercu Puszczy Piskiej.","breadcrumb":{"@id":"https:\/\/wierzba.pan.pl\/?page_id=155#breadcrumb"},"inLanguage":"pl-PL","potentialAction":[{"@type":"ReadAction","target":["https:\/\/wierzba.pan.pl\/?page_id=155"]}]},{"@type":"ImageObject","inLanguage":"pl-PL","@id":"https:\/\/wierzba.pan.pl\/?page_id=155#primaryimage","url":"https:\/\/wierzba.pan.pl\/wp-content\/uploads\/2025\/11\/lake-1609597_1920.jpg","contentUrl":"https:\/\/wierzba.pan.pl\/wp-content\/uploads\/2025\/11\/lake-1609597_1920.jpg","width":1920,"height":1281},{"@type":"BreadcrumbList","@id":"https:\/\/wierzba.pan.pl\/?page_id=155#breadcrumb","itemListElement":[{"@type":"ListItem","position":1,"name":"Strona g\u0142\u00f3wna","item":"https:\/\/wierzba.pan.pl\/"},{"@type":"ListItem","position":2,"name":"CZAS WOLNY"}]},{"@type":"WebSite","@id":"https:\/\/wierzba.pan.pl\/#website","url":"https:\/\/wierzba.pan.pl\/","name":"PAN Dom Pracy Tw\u00f3rczej w Wierzbie","description":"Wypoczynek nad jeziorem, w sercu Puszczy Piskiej","potentialAction":[{"@type":"SearchAction","target":{"@type":"EntryPoint","urlTemplate":"https:\/\/wierzba.pan.pl\/?s={search_term_string}"},"query-input":{"@type":"PropertyValueSpecification","valueRequired":true,"valueName":"search_term_string"}}],"inLanguage":"pl-PL"}]}},"_links":{"self":[{"href":"https:\/\/wierzba.pan.pl\/index.php?rest_route=\/wp\/v2\/pages\/155","targetHints":{"allow":["GET"]}}],"collection":[{"href":"https:\/\/wierzba.pan.pl\/index.php?rest_route=\/wp\/v2\/pages"}],"about":[{"href":"https:\/\/wierzba.pan.pl\/index.php?rest_route=\/wp\/v2\/types\/page"}],"author":[{"embeddable":true,"href":"https:\/\/wierzba.pan.pl\/index.php?rest_route=\/wp\/v2\/users\/3"}],"replies":[{"embeddable":true,"href":"https:\/\/wierzba.pan.pl\/index.php?rest_route=%2Fwp%2Fv2%2Fcomments&post=155"}],"version-history":[{"count":45,"href":"https:\/\/wierzba.pan.pl\/index.php?rest_route=\/wp\/v2\/pages\/155\/revisions"}],"predecessor-version":[{"id":5710,"href":"https:\/\/wierzba.pan.pl\/index.php?rest_route=\/wp\/v2\/pages\/155\/revisions\/5710"}],"wp:attachment":[{"href":"https:\/\/wierzba.pan.pl\/index.php?rest_route=%2Fwp%2Fv2%2Fmedia&parent=155"}],"curies":[{"name":"wp","href":"https:\/\/api.w.org\/{rel}","templated":true}]}}