{"id":2,"date":"2016-05-10T03:48:21","date_gmt":"2016-05-10T03:48:21","guid":{"rendered":"http:\/\/wierzba.pan.pl\/?page_id=2"},"modified":"2025-12-28T11:25:21","modified_gmt":"2025-12-28T10:25:21","slug":"sample-page-skontaktuj-sie-z-nami-dane-kontaktowe-formularz-lokalizacja-dpt-wierzba-mazury","status":"publish","type":"page","link":"https:\/\/wierzba.pan.pl\/?page_id=2","title":{"rendered":"KONTAKT"},"content":{"rendered":"\n<h2 class=\"wp-block-heading has-text-align-center\"> REZERWACJE ONLINE<\/h2>\n\n\n\n<div class=\"be-panel\"><script src=\"https:\/\/wis.upperbooking.com\/polskaakademianaukdompracytworczejwwierzbie\/be-panel?locale=pl\" async=\"\"><\/script><\/div>\n\n\n\n<hr class=\"wp-block-separator has-css-opacity\"\/>\n\n\n\n<div class=\"wp-block-columns has-2-columns is-layout-flex wp-container-core-columns-is-layout-9d6595d7 wp-block-columns-is-layout-flex\">\n<div class=\"wp-block-column is-layout-flow wp-block-column-is-layout-flow\">\n<div class=\"wp-block-contact-form-7-contact-form-selector\">\n<div class=\"wpcf7 no-js\" id=\"wpcf7-f2910-o1\" lang=\"pl-PL\" dir=\"ltr\" data-wpcf7-id=\"2910\">\n<div class=\"screen-reader-response\"><p role=\"status\" aria-live=\"polite\" aria-atomic=\"true\"><\/p> <ul><\/ul><\/div>\n<form action=\"\/index.php?rest_route=%2Fwp%2Fv2%2Fpages%2F2#wpcf7-f2910-o1\" method=\"post\" class=\"wpcf7-form init\" aria-label=\"Formularz kontaktowy\" novalidate=\"novalidate\" data-status=\"init\">\n<fieldset class=\"hidden-fields-container\"><input type=\"hidden\" name=\"_wpcf7\" value=\"2910\" \/><input type=\"hidden\" name=\"_wpcf7_version\" value=\"6.1.5\" \/><input type=\"hidden\" name=\"_wpcf7_locale\" value=\"pl_PL\" \/><input type=\"hidden\" name=\"_wpcf7_unit_tag\" value=\"wpcf7-f2910-o1\" \/><input type=\"hidden\" name=\"_wpcf7_container_post\" value=\"0\" \/><input type=\"hidden\" name=\"_wpcf7_posted_data_hash\" value=\"\" \/>\n<\/fieldset>\n<p><label> Imi\u0119*<br \/>\n<span class=\"wpcf7-form-control-wrap\" data-name=\"your-name\"><input size=\"40\" maxlength=\"400\" class=\"wpcf7-form-control wpcf7-text wpcf7-validates-as-required\" aria-required=\"true\" aria-invalid=\"false\" value=\"\" type=\"text\" name=\"your-name\" \/><\/span> <\/label>\n<\/p>\n<p><label> Email*<br \/>\n<span class=\"wpcf7-form-control-wrap\" data-name=\"your-email\"><input size=\"40\" maxlength=\"400\" class=\"wpcf7-form-control wpcf7-email wpcf7-validates-as-required wpcf7-text wpcf7-validates-as-email\" aria-required=\"true\" aria-invalid=\"false\" value=\"\" type=\"email\" name=\"your-email\" \/><\/span> <\/label>\n<\/p>\n<p><label> Telefon<br \/>\n<span class=\"wpcf7-form-control-wrap\" data-name=\"telefon\"><input size=\"40\" maxlength=\"400\" class=\"wpcf7-form-control wpcf7-tel wpcf7-text wpcf7-validates-as-tel\" aria-invalid=\"false\" value=\"\" type=\"tel\" name=\"telefon\" \/><\/span> <\/label>\n<\/p>\n<p><label> Twoja wiadomo\u015bci (opcjonalne)<br \/>\n<span class=\"wpcf7-form-control-wrap\" data-name=\"your-message\"><textarea cols=\"40\" rows=\"10\" maxlength=\"2000\" class=\"wpcf7-form-control wpcf7-textarea\" aria-invalid=\"false\" name=\"your-message\"><\/textarea><\/span> <\/label>\n<\/p>\n<p><span class=\"wpcf7-form-control-wrap\" data-name=\"zgody\"><span class=\"wpcf7-form-control wpcf7-checkbox\"><span class=\"wpcf7-list-item first last\"><label><input type=\"checkbox\" name=\"zgody[]\" value=\"Wyra\u017cam zgod\u0119 na przekazywanie informacji handlowych za pomoc\u0105 \u015brodk\u00f3w komunikacji elektronicznej przez Polsk\u0105 Akademi\u0119 Nauk Dom Pracy Tw\u00f3rczej w Wierzbie. Zgoda mo\u017ce by\u0107 w ka\u017cdym czasie wycofana. Wyra\u017cam zgod\u0119 na przetwarzanie przez Polsk\u0105 Akademi\u0119 Nauk Dom Pracy Tw\u00f3rczej w Wierzbie danych w celach marketingu bezpo\u015bredniego za pomoc\u0105 telekomunikacyjnych urz\u0105dze\u0144 ko\u0144cowych i automatycznych system\u00f3w wywo\u0142uj\u0105cych. Zgoda mo\u017ce by\u0107 w ka\u017cdym czasie wycofana.\" \/><span class=\"wpcf7-list-item-label\">Wyra\u017cam zgod\u0119 na przekazywanie informacji handlowych za pomoc\u0105 \u015brodk\u00f3w komunikacji elektronicznej przez Polsk\u0105 Akademi\u0119 Nauk Dom Pracy Tw\u00f3rczej w Wierzbie. Zgoda mo\u017ce by\u0107 w ka\u017cdym czasie wycofana. Wyra\u017cam zgod\u0119 na przetwarzanie przez Polsk\u0105 Akademi\u0119 Nauk Dom Pracy Tw\u00f3rczej w Wierzbie danych w celach marketingu bezpo\u015bredniego za pomoc\u0105 telekomunikacyjnych urz\u0105dze\u0144 ko\u0144cowych i automatycznych system\u00f3w wywo\u0142uj\u0105cych. Zgoda mo\u017ce by\u0107 w ka\u017cdym czasie wycofana.<\/span><\/label><\/span><\/span><\/span>\n<\/p>\n<p><input class=\"wpcf7-form-control wpcf7-submit has-spinner\" type=\"submit\" value=\"Wy\u015blij\" \/>\n<\/p>\n<p>*pola obowi\u0105zkowe\n<\/p><p style=\"display: none !important;\" class=\"akismet-fields-container\" data-prefix=\"_wpcf7_ak_\"><label>&#916;<textarea name=\"_wpcf7_ak_hp_textarea\" cols=\"45\" rows=\"8\" maxlength=\"100\"><\/textarea><\/label><input type=\"hidden\" id=\"ak_js_1\" name=\"_wpcf7_ak_js\" value=\"204\"\/><script>document.getElementById( \"ak_js_1\" ).setAttribute( \"value\", ( new Date() ).getTime() );<\/script><\/p><input type='hidden' class='wpcf7-pum' value='{\"closepopup\":false,\"closedelay\":0,\"openpopup\":false,\"openpopup_id\":0}' \/><div class=\"wpcf7-response-output\" aria-hidden=\"true\"><\/div>\n<\/form>\n<\/div>\n<\/div>\n\n\n\n<p>Zapoznaj si\u0119 z <a href=\"https:\/\/wierzba.pan.pl\/?page_id=2907\">klauzul\u0105 informacyjn\u0105.<\/a><\/p>\n<\/div>\n\n\n\n<div class=\"wp-block-column is-layout-flow wp-block-column-is-layout-flow\">\n<h4 class=\"wp-block-heading\">REZERWACJE INDYWIDUALNE &#8211; NOCLEGI<\/h4>\n\n\n\n<p><strong>Telefon<\/strong>: +48 516 009 061 <br><strong>Telefon<\/strong>: +48 87 423 16 19<br><strong>E-mail<\/strong>: <a href=\"mailto:wierzba@wierzba.pan.pl\">wierzba@wierzba.pan.pl<\/a><\/p>\n\n\n\n<h4 class=\"wp-block-heading\">REZERWACJE GRUPOWE \/ WESELA<\/h4>\n\n\n\n<p><strong>Telefon:<\/strong> +48 665 291 292                                                   <\/p>\n\n\n\n<p><strong>E-mail:<\/strong> <a href=\"mailto:marketing@wierzba.pan.pl\">marketing@wierzba.pan.pl<\/a><\/p>\n\n\n\n<h4 class=\"wp-block-heading\">REZERWACJE CATERING<\/h4>\n\n\n\n<p><strong>Telefon:<\/strong> + 48 665 291 292<\/p>\n\n\n\n<p>E-mail: <a href=\"mailto:marketing@wierzba.pan.pl\">marketing@wierzba.pan.pl<\/a><\/p>\n\n\n\n<h4 class=\"wp-block-heading\">BOSMANAT &#8211; PORTY WIERZBA \/ POPIELNO<\/h4>\n\n\n\n<p><strong>Telefon:<\/strong> + 48 665 291 801<\/p>\n\n\n\n<p><br><strong>Adres<\/strong>: Wierzba 7, 12-220 Ruciane-Nida<br>(woj. warmi\u0144sko-mazurskie)<br><strong>NR RACHUNKU:<\/strong><br>Bank BGK 96 1130 1017 0020 1462 9420 0029<\/p>\n\n\n\n<p><\/p>\n\n\n\n<p><br><a href=\"http:\/\/wierzba.pan.pl\/?page_id=159\"><strong>Przetargi<\/strong><\/a><strong> | <a href=\"http:\/\/wierzba.pan.pl\/?page_id=369\">Praca<\/a><\/strong><\/p>\n<\/div>\n<\/div>\n\n\n\n<p class=\"has-secondary-color has-text-color\"><em><strong>W sezonie letnim recepcja pracuje w godzinach <\/strong><\/em><strong><em>7:00 &#8211; 23:00<\/em><\/strong>. Zapraszamy do kontaktu.<\/p>\n\n\n\n<iframe loading=\"lazy\" width=\"1200\" height=\"400\" src=\"https:\/\/www.google.com\/maps\/embed?pb=!1m18!1m12!1m3!1d2358.912475220117!2d21.604349436559037!3d53.755441554615125!2m3!1f0!2f0!3f0!3m2!1i1024!2i768!4f13.1!3m3!1m2!1s0x0%3A0xe34dd1cd56a7b497!2sPolska+Akademia+Nauk+Dom+Pracy+Tw%C3%B3rczej+w+Wierzbie!5e0!3m2!1spl!2spl!4v1548773624728\" frameborder=\"0\" allowfullscreen=\"\" style=\"border:0\"><\/iframe>\n","protected":false},"excerpt":{"rendered":"<p>REZERWACJE ONLINE Zapoznaj si\u0119 z klauzul\u0105 informacyjn\u0105. REZERWACJE INDYWIDUALNE &#8211; NOCLEGI Telefon: +48 516 009 061 Telefon: +48 87 423 16 19E-mail: wierzba@wierzba.pan.pl REZERWACJE GRUPOWE \/ WESELA Telefon: +48 665 291 292 E-mail: marketing@wierzba.pan.pl REZERWACJE CATERING Telefon: + 48 665 291 292 E-mail: marketing@wierzba.pan.pl BOSMANAT &#8211; PORTY WIERZBA \/ POPIELNO [&hellip;]<\/p>\n","protected":false},"author":1,"featured_media":0,"parent":0,"menu_order":6,"comment_status":"closed","ping_status":"open","template":"page-templates\/template-fullwidth.php","meta":{"inline_featured_image":false,"footnotes":""},"class_list":["post-2","page","type-page","status-publish","hentry"],"yoast_head":"<!-- This site is optimized with the Yoast SEO plugin v26.6 - https:\/\/yoast.com\/wordpress\/plugins\/seo\/ -->\n<title>KONTAKT - PAN Dom Pracy Tw\u00f3rczej w Wierzbie<\/title>\n<meta name=\"description\" content=\"Skontaktuj si\u0119 z nami \u2013 sprawd\u017a dane kontaktowe oraz wygodny formularz online. Jeste\u015bmy dost\u0119pni, aby odpowiedzie\u0107 na Twoje pytania.\" \/>\n<meta name=\"robots\" content=\"index, follow, max-snippet:-1, max-image-preview:large, max-video-preview:-1\" \/>\n<link rel=\"canonical\" href=\"https:\/\/wierzba.pan.pl\/?page_id=2\" \/>\n<meta property=\"og:locale\" content=\"pl_PL\" \/>\n<meta property=\"og:type\" content=\"article\" \/>\n<meta property=\"og:title\" content=\"KONTAKT - PAN Dom Pracy Tw\u00f3rczej w Wierzbie\" \/>\n<meta property=\"og:description\" content=\"Skontaktuj si\u0119 z nami \u2013 sprawd\u017a dane kontaktowe oraz wygodny formularz online. Jeste\u015bmy dost\u0119pni, aby odpowiedzie\u0107 na Twoje pytania.\" \/>\n<meta property=\"og:url\" content=\"https:\/\/wierzba.pan.pl\/?page_id=2\" \/>\n<meta property=\"og:site_name\" content=\"PAN Dom Pracy Tw\u00f3rczej w Wierzbie\" \/>\n<meta property=\"article:modified_time\" content=\"2025-12-28T10:25:21+00:00\" \/>\n<meta name=\"twitter:card\" content=\"summary_large_image\" \/>\n<meta name=\"twitter:label1\" content=\"Szacowany czas czytania\" \/>\n\t<meta name=\"twitter:data1\" content=\"1 minuta\" \/>\n<script type=\"application\/ld+json\" class=\"yoast-schema-graph\">{\"@context\":\"https:\/\/schema.org\",\"@graph\":[{\"@type\":\"WebPage\",\"@id\":\"https:\/\/wierzba.pan.pl\/?page_id=2\",\"url\":\"https:\/\/wierzba.pan.pl\/?page_id=2\",\"name\":\"KONTAKT - PAN Dom Pracy Tw\u00f3rczej w Wierzbie\",\"isPartOf\":{\"@id\":\"https:\/\/wierzba.pan.pl\/#website\"},\"datePublished\":\"2016-05-10T03:48:21+00:00\",\"dateModified\":\"2025-12-28T10:25:21+00:00\",\"description\":\"Skontaktuj si\u0119 z nami \u2013 sprawd\u017a dane kontaktowe oraz wygodny formularz online. Jeste\u015bmy dost\u0119pni, aby odpowiedzie\u0107 na Twoje pytania.\",\"breadcrumb\":{\"@id\":\"https:\/\/wierzba.pan.pl\/?page_id=2#breadcrumb\"},\"inLanguage\":\"pl-PL\",\"potentialAction\":[{\"@type\":\"ReadAction\",\"target\":[\"https:\/\/wierzba.pan.pl\/?page_id=2\"]}]},{\"@type\":\"BreadcrumbList\",\"@id\":\"https:\/\/wierzba.pan.pl\/?page_id=2#breadcrumb\",\"itemListElement\":[{\"@type\":\"ListItem\",\"position\":1,\"name\":\"Strona g\u0142\u00f3wna\",\"item\":\"https:\/\/wierzba.pan.pl\/\"},{\"@type\":\"ListItem\",\"position\":2,\"name\":\"KONTAKT\"}]},{\"@type\":\"WebSite\",\"@id\":\"https:\/\/wierzba.pan.pl\/#website\",\"url\":\"https:\/\/wierzba.pan.pl\/\",\"name\":\"PAN Dom Pracy Tw\u00f3rczej w Wierzbie\",\"description\":\"Wypoczynek nad jeziorem, w sercu Puszczy Piskiej\",\"potentialAction\":[{\"@type\":\"SearchAction\",\"target\":{\"@type\":\"EntryPoint\",\"urlTemplate\":\"https:\/\/wierzba.pan.pl\/?s={search_term_string}\"},\"query-input\":{\"@type\":\"PropertyValueSpecification\",\"valueRequired\":true,\"valueName\":\"search_term_string\"}}],\"inLanguage\":\"pl-PL\"}]}<\/script>\n<!-- \/ Yoast SEO plugin. -->","yoast_head_json":{"title":"KONTAKT - PAN Dom Pracy Tw\u00f3rczej w Wierzbie","description":"Skontaktuj si\u0119 z nami \u2013 sprawd\u017a dane kontaktowe oraz wygodny formularz online. Jeste\u015bmy dost\u0119pni, aby odpowiedzie\u0107 na Twoje pytania.","robots":{"index":"index","follow":"follow","max-snippet":"max-snippet:-1","max-image-preview":"max-image-preview:large","max-video-preview":"max-video-preview:-1"},"canonical":"https:\/\/wierzba.pan.pl\/?page_id=2","og_locale":"pl_PL","og_type":"article","og_title":"KONTAKT - PAN Dom Pracy Tw\u00f3rczej w Wierzbie","og_description":"Skontaktuj si\u0119 z nami \u2013 sprawd\u017a dane kontaktowe oraz wygodny formularz online. Jeste\u015bmy dost\u0119pni, aby odpowiedzie\u0107 na Twoje pytania.","og_url":"https:\/\/wierzba.pan.pl\/?page_id=2","og_site_name":"PAN Dom Pracy Tw\u00f3rczej w Wierzbie","article_modified_time":"2025-12-28T10:25:21+00:00","twitter_card":"summary_large_image","twitter_misc":{"Szacowany czas czytania":"1 minuta"},"schema":{"@context":"https:\/\/schema.org","@graph":[{"@type":"WebPage","@id":"https:\/\/wierzba.pan.pl\/?page_id=2","url":"https:\/\/wierzba.pan.pl\/?page_id=2","name":"KONTAKT - PAN Dom Pracy Tw\u00f3rczej w Wierzbie","isPartOf":{"@id":"https:\/\/wierzba.pan.pl\/#website"},"datePublished":"2016-05-10T03:48:21+00:00","dateModified":"2025-12-28T10:25:21+00:00","description":"Skontaktuj si\u0119 z nami \u2013 sprawd\u017a dane kontaktowe oraz wygodny formularz online. Jeste\u015bmy dost\u0119pni, aby odpowiedzie\u0107 na Twoje pytania.","breadcrumb":{"@id":"https:\/\/wierzba.pan.pl\/?page_id=2#breadcrumb"},"inLanguage":"pl-PL","potentialAction":[{"@type":"ReadAction","target":["https:\/\/wierzba.pan.pl\/?page_id=2"]}]},{"@type":"BreadcrumbList","@id":"https:\/\/wierzba.pan.pl\/?page_id=2#breadcrumb","itemListElement":[{"@type":"ListItem","position":1,"name":"Strona g\u0142\u00f3wna","item":"https:\/\/wierzba.pan.pl\/"},{"@type":"ListItem","position":2,"name":"KONTAKT"}]},{"@type":"WebSite","@id":"https:\/\/wierzba.pan.pl\/#website","url":"https:\/\/wierzba.pan.pl\/","name":"PAN Dom Pracy Tw\u00f3rczej w Wierzbie","description":"Wypoczynek nad jeziorem, w sercu Puszczy Piskiej","potentialAction":[{"@type":"SearchAction","target":{"@type":"EntryPoint","urlTemplate":"https:\/\/wierzba.pan.pl\/?s={search_term_string}"},"query-input":{"@type":"PropertyValueSpecification","valueRequired":true,"valueName":"search_term_string"}}],"inLanguage":"pl-PL"}]}},"_links":{"self":[{"href":"https:\/\/wierzba.pan.pl\/index.php?rest_route=\/wp\/v2\/pages\/2","targetHints":{"allow":["GET"]}}],"collection":[{"href":"https:\/\/wierzba.pan.pl\/index.php?rest_route=\/wp\/v2\/pages"}],"about":[{"href":"https:\/\/wierzba.pan.pl\/index.php?rest_route=\/wp\/v2\/types\/page"}],"author":[{"embeddable":true,"href":"https:\/\/wierzba.pan.pl\/index.php?rest_route=\/wp\/v2\/users\/1"}],"replies":[{"embeddable":true,"href":"https:\/\/wierzba.pan.pl\/index.php?rest_route=%2Fwp%2Fv2%2Fcomments&post=2"}],"version-history":[{"count":39,"href":"https:\/\/wierzba.pan.pl\/index.php?rest_route=\/wp\/v2\/pages\/2\/revisions"}],"predecessor-version":[{"id":5474,"href":"https:\/\/wierzba.pan.pl\/index.php?rest_route=\/wp\/v2\/pages\/2\/revisions\/5474"}],"wp:attachment":[{"href":"https:\/\/wierzba.pan.pl\/index.php?rest_route=%2Fwp%2Fv2%2Fmedia&parent=2"}],"curies":[{"name":"wp","href":"https:\/\/api.w.org\/{rel}","templated":true}]}}