{"id":21,"date":"2019-01-09T18:22:59","date_gmt":"2019-01-09T18:22:59","guid":{"rendered":"http:\/\/wierzba.pan.pl\/?page_id=21"},"modified":"2025-11-13T08:39:49","modified_gmt":"2025-11-13T07:39:49","slug":"port-wierzba-serce-mazur-jezioro-beldany-na-mazurach-zeglarstwo","status":"publish","type":"page","link":"https:\/\/wierzba.pan.pl\/?page_id=21","title":{"rendered":"PORTY"},"content":{"rendered":"\n<hr class=\"wp-block-separator has-alpha-channel-opacity\"\/>\n\n\n\n<div class=\"wp-block-media-text is-stacked-on-mobile\"><figure class=\"wp-block-media-text__media\"><img loading=\"lazy\" decoding=\"async\" width=\"1024\" height=\"683\" src=\"https:\/\/wierzba.pan.pl\/wp-content\/uploads\/2021\/03\/IMG_3686-1024x683.jpg\" alt=\"\" class=\"wp-image-2454 size-full\" srcset=\"https:\/\/wierzba.pan.pl\/wp-content\/uploads\/2021\/03\/IMG_3686-1024x683.jpg 1024w, https:\/\/wierzba.pan.pl\/wp-content\/uploads\/2021\/03\/IMG_3686-300x200.jpg 300w, https:\/\/wierzba.pan.pl\/wp-content\/uploads\/2021\/03\/IMG_3686-768x512.jpg 768w, https:\/\/wierzba.pan.pl\/wp-content\/uploads\/2021\/03\/IMG_3686-1536x1024.jpg 1536w, https:\/\/wierzba.pan.pl\/wp-content\/uploads\/2021\/03\/IMG_3686-2048x1365.jpg 2048w, https:\/\/wierzba.pan.pl\/wp-content\/uploads\/2021\/03\/IMG_3686-360x240.jpg 360w\" sizes=\"auto, (max-width: 1024px) 100vw, 1024px\" \/><\/figure><div class=\"wp-block-media-text__content\">\n<p><strong>Port Wierzba Mazury<\/strong><\/p>\n\n\n\n<p>Tw\u00f3j punkt startowy na Wielkich Jeziorach Mazurskich! Poznaj wyj\u0105tkowy <strong>Port Wierzba<\/strong>, po\u0142o\u017cony w malowniczej zatoce na styku <strong>jeziora Be\u0142dany<\/strong> z<strong> jeziorem Miko\u0142ajskim<\/strong>. To doskona\u0142a<strong> baza \u017ceglarska<\/strong> i wypoczynkowa <strong>na Mazurach<\/strong> \u2013 idealna na <strong>rodzinne wakacje<\/strong>, <strong>rejsy<\/strong> i <strong>relaks<\/strong> w otoczeniu natury. <strong>Port Wierzba<\/strong> le\u017cy na naturalnym cyplu otoczonym jeziorami: Be\u0142dany, Miko\u0142ajskim i \u015aniardwami \u2013 stanowi\u0105c znakomit\u0105 baz\u0119 do zwiedzania <strong>Szlaku Wielkich Jezior Mazurskich.<\/strong><\/p>\n<\/div><\/div>\n\n\n\n<hr class=\"wp-block-separator has-alpha-channel-opacity\"\/>\n\n\n\n\n\n\n\n<div class=\"wp-block-media-text is-stacked-on-mobile\"><figure class=\"wp-block-media-text__media\"><img loading=\"lazy\" decoding=\"async\" width=\"1024\" height=\"839\" src=\"https:\/\/wierzba.pan.pl\/wp-content\/uploads\/2021\/03\/68579547_2516109601944228_6472090131057606656_o-1024x839.jpg\" alt=\"\" class=\"wp-image-2445 size-full\" srcset=\"https:\/\/wierzba.pan.pl\/wp-content\/uploads\/2021\/03\/68579547_2516109601944228_6472090131057606656_o-1024x839.jpg 1024w, https:\/\/wierzba.pan.pl\/wp-content\/uploads\/2021\/03\/68579547_2516109601944228_6472090131057606656_o-300x246.jpg 300w, https:\/\/wierzba.pan.pl\/wp-content\/uploads\/2021\/03\/68579547_2516109601944228_6472090131057606656_o-768x629.jpg 768w, https:\/\/wierzba.pan.pl\/wp-content\/uploads\/2021\/03\/68579547_2516109601944228_6472090131057606656_o-1536x1259.jpg 1536w, https:\/\/wierzba.pan.pl\/wp-content\/uploads\/2021\/03\/68579547_2516109601944228_6472090131057606656_o.jpg 2048w\" sizes=\"auto, (max-width: 1024px) 100vw, 1024px\" \/><\/figure><div class=\"wp-block-media-text__content\">\n<p><strong>Port Popielno Mazury <\/strong><\/p>\n\n\n\n<p>Zapraszamy do wyj\u0105tkowego miejsca <strong>na Mazurach<\/strong>, gdzie natura spotyka si\u0119 z cz\u0142owiekiem, a ka\u017cdy dzie\u0144 przynosi nowe przygody. Nasz <strong>port rodzinny z klimatem<\/strong> to idealna przestrze\u0144 dla tych, kt\u00f3rzy szukaj\u0105 spokoju, aktywnego wypoczynku i niezapomnianych chwil nad <strong>jeziorem<\/strong>. Port z dusz\u0105 \u2013 idealny dla rodzin. Nasz <strong>port rodzinny z klimatem<\/strong> to nie tylko miejsce do cumowania \u0142odzi \u2013 to przestrze\u0144 stworzona z my\u015bl\u0105 o rodzinach. K\u0105pielisko a tak\u017ce wieczorne ogniska sprawiaj\u0105, \u017ce ka\u017cdy znajdzie tu co\u015b dla siebie.<\/p>\n<\/div><\/div>\n\n\n\n<hr class=\"wp-block-separator has-alpha-channel-opacity\"\/>\n\n\n\n<div class=\"wp-block-media-text is-stacked-on-mobile\" style=\"grid-template-columns:51% auto\"><figure class=\"wp-block-media-text__media\"><img loading=\"lazy\" decoding=\"async\" width=\"640\" height=\"426\" src=\"https:\/\/wierzba.pan.pl\/wp-content\/uploads\/2021\/10\/157548554-1024x682-640x480-1.jpg\" alt=\"\" class=\"wp-image-3137 size-full\" srcset=\"https:\/\/wierzba.pan.pl\/wp-content\/uploads\/2021\/10\/157548554-1024x682-640x480-1.jpg 640w, https:\/\/wierzba.pan.pl\/wp-content\/uploads\/2021\/10\/157548554-1024x682-640x480-1-300x200.jpg 300w, https:\/\/wierzba.pan.pl\/wp-content\/uploads\/2021\/10\/157548554-1024x682-640x480-1-150x100.jpg 150w, https:\/\/wierzba.pan.pl\/wp-content\/uploads\/2021\/10\/157548554-1024x682-640x480-1-360x240.jpg 360w, https:\/\/wierzba.pan.pl\/wp-content\/uploads\/2021\/10\/157548554-1024x682-640x480-1-24x16.jpg 24w, https:\/\/wierzba.pan.pl\/wp-content\/uploads\/2021\/10\/157548554-1024x682-640x480-1-36x24.jpg 36w, https:\/\/wierzba.pan.pl\/wp-content\/uploads\/2021\/10\/157548554-1024x682-640x480-1-48x32.jpg 48w\" sizes=\"auto, (max-width: 640px) 100vw, 640px\" \/><\/figure><div class=\"wp-block-media-text__content\">\n<p><strong>Keje Rezydenckie \u2013 Tw\u00f3j Dom nad Wod\u0105<\/strong><\/p>\n\n\n\n<p><strong>Keje rezydenckie<\/strong> to wyj\u0105tkowe miejsca, gdzie komfort \u017cycia spotyka si\u0119 z urokiem natury. Zaprojektowane z my\u015bl\u0105 o mieszka\u0144cach ceni\u0105cych spok\u00f3j, presti\u017c i bezpo\u015bredni dost\u0119p do wody, stanowi\u0105 idealne rozwi\u0105zanie dla os\u00f3b poszukuj\u0105cych niebanalnego stylu \u017cycia.<\/p>\n<\/div><\/div>\n\n\n\n<hr class=\"wp-block-separator has-alpha-channel-opacity\"\/>\n","protected":false},"excerpt":{"rendered":"<p>Port Wierzba Mazury Tw\u00f3j punkt startowy na Wielkich Jeziorach Mazurskich! Poznaj wyj\u0105tkowy Port Wierzba, po\u0142o\u017cony w malowniczej zatoce na styku jeziora Be\u0142dany z jeziorem Miko\u0142ajskim. To doskona\u0142a baza \u017ceglarska i wypoczynkowa na Mazurach \u2013 idealna na rodzinne wakacje, rejsy i relaks w otoczeniu natury. Port Wierzba le\u017cy na naturalnym cyplu [&hellip;]<\/p>\n","protected":false},"author":2,"featured_media":0,"parent":0,"menu_order":3,"comment_status":"closed","ping_status":"closed","template":"","meta":{"inline_featured_image":false,"footnotes":""},"class_list":["post-21","page","type-page","status-publish","hentry"],"yoast_head":"<!-- This site is optimized with the Yoast SEO plugin v26.6 - https:\/\/yoast.com\/wordpress\/plugins\/seo\/ -->\n<title>PORTY - PAN Dom Pracy Tw\u00f3rczej w Wierzbie<\/title>\n<meta name=\"description\" content=\"Port Wierzba \u2013 Twoja przysta\u0144 na Mazurach! Szukasz idealnego miejsca na wypoczynek nad jeziorem? Port Wierzba Mazury! Jezioro Be\u0142dany \u017bagle\" \/>\n<meta name=\"robots\" content=\"index, follow, max-snippet:-1, max-image-preview:large, max-video-preview:-1\" \/>\n<link rel=\"canonical\" href=\"https:\/\/wierzba.pan.pl\/?page_id=21\" \/>\n<meta property=\"og:locale\" content=\"pl_PL\" \/>\n<meta property=\"og:type\" content=\"article\" \/>\n<meta property=\"og:title\" content=\"PORTY - PAN Dom Pracy Tw\u00f3rczej w Wierzbie\" \/>\n<meta property=\"og:description\" content=\"Port Wierzba \u2013 Twoja przysta\u0144 na Mazurach! Szukasz idealnego miejsca na wypoczynek nad jeziorem? Port Wierzba Mazury! Jezioro Be\u0142dany \u017bagle\" \/>\n<meta property=\"og:url\" content=\"https:\/\/wierzba.pan.pl\/?page_id=21\" \/>\n<meta property=\"og:site_name\" content=\"PAN Dom Pracy Tw\u00f3rczej w Wierzbie\" \/>\n<meta property=\"article:modified_time\" content=\"2025-11-13T07:39:49+00:00\" \/>\n<meta property=\"og:image\" content=\"https:\/\/wierzba.pan.pl\/wp-content\/uploads\/2021\/03\/IMG_3686-scaled.jpg\" \/>\n\t<meta property=\"og:image:width\" content=\"2560\" \/>\n\t<meta property=\"og:image:height\" content=\"1707\" \/>\n\t<meta property=\"og:image:type\" content=\"image\/jpeg\" \/>\n<meta name=\"twitter:card\" content=\"summary_large_image\" \/>\n<meta name=\"twitter:label1\" content=\"Szacowany czas czytania\" \/>\n\t<meta name=\"twitter:data1\" content=\"3 minuty\" \/>\n<script type=\"application\/ld+json\" class=\"yoast-schema-graph\">{\"@context\":\"https:\/\/schema.org\",\"@graph\":[{\"@type\":\"WebPage\",\"@id\":\"https:\/\/wierzba.pan.pl\/?page_id=21\",\"url\":\"https:\/\/wierzba.pan.pl\/?page_id=21\",\"name\":\"PORTY - PAN Dom Pracy Tw\u00f3rczej w Wierzbie\",\"isPartOf\":{\"@id\":\"https:\/\/wierzba.pan.pl\/#website\"},\"primaryImageOfPage\":{\"@id\":\"https:\/\/wierzba.pan.pl\/?page_id=21#primaryimage\"},\"image\":{\"@id\":\"https:\/\/wierzba.pan.pl\/?page_id=21#primaryimage\"},\"thumbnailUrl\":\"https:\/\/wierzba.pan.pl\/wp-content\/uploads\/2021\/03\/IMG_3686-1024x683.jpg\",\"datePublished\":\"2019-01-09T18:22:59+00:00\",\"dateModified\":\"2025-11-13T07:39:49+00:00\",\"description\":\"Port Wierzba \u2013 Twoja przysta\u0144 na Mazurach! Szukasz idealnego miejsca na wypoczynek nad jeziorem? Port Wierzba Mazury! Jezioro Be\u0142dany \u017bagle\",\"breadcrumb\":{\"@id\":\"https:\/\/wierzba.pan.pl\/?page_id=21#breadcrumb\"},\"inLanguage\":\"pl-PL\",\"potentialAction\":[{\"@type\":\"ReadAction\",\"target\":[\"https:\/\/wierzba.pan.pl\/?page_id=21\"]}]},{\"@type\":\"ImageObject\",\"inLanguage\":\"pl-PL\",\"@id\":\"https:\/\/wierzba.pan.pl\/?page_id=21#primaryimage\",\"url\":\"https:\/\/wierzba.pan.pl\/wp-content\/uploads\/2021\/03\/IMG_3686-scaled.jpg\",\"contentUrl\":\"https:\/\/wierzba.pan.pl\/wp-content\/uploads\/2021\/03\/IMG_3686-scaled.jpg\",\"width\":2560,\"height\":1707},{\"@type\":\"BreadcrumbList\",\"@id\":\"https:\/\/wierzba.pan.pl\/?page_id=21#breadcrumb\",\"itemListElement\":[{\"@type\":\"ListItem\",\"position\":1,\"name\":\"Strona g\u0142\u00f3wna\",\"item\":\"https:\/\/wierzba.pan.pl\/\"},{\"@type\":\"ListItem\",\"position\":2,\"name\":\"PORTY\"}]},{\"@type\":\"WebSite\",\"@id\":\"https:\/\/wierzba.pan.pl\/#website\",\"url\":\"https:\/\/wierzba.pan.pl\/\",\"name\":\"PAN Dom Pracy Tw\u00f3rczej w Wierzbie\",\"description\":\"Wypoczynek nad jeziorem, w sercu Puszczy Piskiej\",\"potentialAction\":[{\"@type\":\"SearchAction\",\"target\":{\"@type\":\"EntryPoint\",\"urlTemplate\":\"https:\/\/wierzba.pan.pl\/?s={search_term_string}\"},\"query-input\":{\"@type\":\"PropertyValueSpecification\",\"valueRequired\":true,\"valueName\":\"search_term_string\"}}],\"inLanguage\":\"pl-PL\"}]}<\/script>\n<!-- \/ Yoast SEO plugin. -->","yoast_head_json":{"title":"PORTY - PAN Dom Pracy Tw\u00f3rczej w Wierzbie","description":"Port Wierzba \u2013 Twoja przysta\u0144 na Mazurach! Szukasz idealnego miejsca na wypoczynek nad jeziorem? Port Wierzba Mazury! Jezioro Be\u0142dany \u017bagle","robots":{"index":"index","follow":"follow","max-snippet":"max-snippet:-1","max-image-preview":"max-image-preview:large","max-video-preview":"max-video-preview:-1"},"canonical":"https:\/\/wierzba.pan.pl\/?page_id=21","og_locale":"pl_PL","og_type":"article","og_title":"PORTY - PAN Dom Pracy Tw\u00f3rczej w Wierzbie","og_description":"Port Wierzba \u2013 Twoja przysta\u0144 na Mazurach! Szukasz idealnego miejsca na wypoczynek nad jeziorem? Port Wierzba Mazury! Jezioro Be\u0142dany \u017bagle","og_url":"https:\/\/wierzba.pan.pl\/?page_id=21","og_site_name":"PAN Dom Pracy Tw\u00f3rczej w Wierzbie","article_modified_time":"2025-11-13T07:39:49+00:00","og_image":[{"width":2560,"height":1707,"url":"https:\/\/wierzba.pan.pl\/wp-content\/uploads\/2021\/03\/IMG_3686-scaled.jpg","type":"image\/jpeg"}],"twitter_card":"summary_large_image","twitter_misc":{"Szacowany czas czytania":"3 minuty"},"schema":{"@context":"https:\/\/schema.org","@graph":[{"@type":"WebPage","@id":"https:\/\/wierzba.pan.pl\/?page_id=21","url":"https:\/\/wierzba.pan.pl\/?page_id=21","name":"PORTY - PAN Dom Pracy Tw\u00f3rczej w Wierzbie","isPartOf":{"@id":"https:\/\/wierzba.pan.pl\/#website"},"primaryImageOfPage":{"@id":"https:\/\/wierzba.pan.pl\/?page_id=21#primaryimage"},"image":{"@id":"https:\/\/wierzba.pan.pl\/?page_id=21#primaryimage"},"thumbnailUrl":"https:\/\/wierzba.pan.pl\/wp-content\/uploads\/2021\/03\/IMG_3686-1024x683.jpg","datePublished":"2019-01-09T18:22:59+00:00","dateModified":"2025-11-13T07:39:49+00:00","description":"Port Wierzba \u2013 Twoja przysta\u0144 na Mazurach! Szukasz idealnego miejsca na wypoczynek nad jeziorem? Port Wierzba Mazury! Jezioro Be\u0142dany \u017bagle","breadcrumb":{"@id":"https:\/\/wierzba.pan.pl\/?page_id=21#breadcrumb"},"inLanguage":"pl-PL","potentialAction":[{"@type":"ReadAction","target":["https:\/\/wierzba.pan.pl\/?page_id=21"]}]},{"@type":"ImageObject","inLanguage":"pl-PL","@id":"https:\/\/wierzba.pan.pl\/?page_id=21#primaryimage","url":"https:\/\/wierzba.pan.pl\/wp-content\/uploads\/2021\/03\/IMG_3686-scaled.jpg","contentUrl":"https:\/\/wierzba.pan.pl\/wp-content\/uploads\/2021\/03\/IMG_3686-scaled.jpg","width":2560,"height":1707},{"@type":"BreadcrumbList","@id":"https:\/\/wierzba.pan.pl\/?page_id=21#breadcrumb","itemListElement":[{"@type":"ListItem","position":1,"name":"Strona g\u0142\u00f3wna","item":"https:\/\/wierzba.pan.pl\/"},{"@type":"ListItem","position":2,"name":"PORTY"}]},{"@type":"WebSite","@id":"https:\/\/wierzba.pan.pl\/#website","url":"https:\/\/wierzba.pan.pl\/","name":"PAN Dom Pracy Tw\u00f3rczej w Wierzbie","description":"Wypoczynek nad jeziorem, w sercu Puszczy Piskiej","potentialAction":[{"@type":"SearchAction","target":{"@type":"EntryPoint","urlTemplate":"https:\/\/wierzba.pan.pl\/?s={search_term_string}"},"query-input":{"@type":"PropertyValueSpecification","valueRequired":true,"valueName":"search_term_string"}}],"inLanguage":"pl-PL"}]}},"_links":{"self":[{"href":"https:\/\/wierzba.pan.pl\/index.php?rest_route=\/wp\/v2\/pages\/21","targetHints":{"allow":["GET"]}}],"collection":[{"href":"https:\/\/wierzba.pan.pl\/index.php?rest_route=\/wp\/v2\/pages"}],"about":[{"href":"https:\/\/wierzba.pan.pl\/index.php?rest_route=\/wp\/v2\/types\/page"}],"author":[{"embeddable":true,"href":"https:\/\/wierzba.pan.pl\/index.php?rest_route=\/wp\/v2\/users\/2"}],"replies":[{"embeddable":true,"href":"https:\/\/wierzba.pan.pl\/index.php?rest_route=%2Fwp%2Fv2%2Fcomments&post=21"}],"version-history":[{"count":61,"href":"https:\/\/wierzba.pan.pl\/index.php?rest_route=\/wp\/v2\/pages\/21\/revisions"}],"predecessor-version":[{"id":5257,"href":"https:\/\/wierzba.pan.pl\/index.php?rest_route=\/wp\/v2\/pages\/21\/revisions\/5257"}],"wp:attachment":[{"href":"https:\/\/wierzba.pan.pl\/index.php?rest_route=%2Fwp%2Fv2%2Fmedia&parent=21"}],"curies":[{"name":"wp","href":"https:\/\/api.w.org\/{rel}","templated":true}]}}