{"id":2907,"date":"2021-08-13T12:31:30","date_gmt":"2021-08-13T11:31:30","guid":{"rendered":"https:\/\/wierzba.pan.pl\/?page_id=2907"},"modified":"2021-08-13T12:31:31","modified_gmt":"2021-08-13T11:31:31","slug":"ochrona-danych-osobowych","status":"publish","type":"page","link":"https:\/\/wierzba.pan.pl\/?page_id=2907","title":{"rendered":"Ochrona danych osobowych"},"content":{"rendered":"\n<h3 class=\"wp-block-heading\">Klauzula informacyjna<\/h3>\n\n\n\n<p><strong>Zapoznaj si\u0119 z klauzul\u0105 informacyjn\u0105 <\/strong>dotycz\u0105c\u0105 przetwarzania danych osobowych przez Polsk\u0105 Akademi\u0119 Nauk Dom Pracy Tw\u00f3rczej w Wierzbie.<\/p>\n\n\n\n<div class=\"wp-block-buttons is-layout-flex wp-block-buttons-is-layout-flex\">\n<div class=\"wp-block-button\"><a class=\"wp-block-button__link\" href=\"https:\/\/wierzba.pan.pl\/wp-content\/uploads\/2021\/08\/DPT-Wierzba-klauzula-informacyjna-do-formularzy.pdf\" target=\"_blank\" rel=\"noreferrer noopener\">Klauzula informacyjna<\/a><\/div>\n<\/div>\n","protected":false},"excerpt":{"rendered":"<p>Klauzula informacyjna Zapoznaj si\u0119 z klauzul\u0105 informacyjn\u0105 dotycz\u0105c\u0105 przetwarzania danych osobowych przez Polsk\u0105 Akademi\u0119 Nauk Dom Pracy Tw\u00f3rczej w Wierzbie.<\/p>\n","protected":false},"author":2,"featured_media":2481,"parent":0,"menu_order":0,"comment_status":"closed","ping_status":"closed","template":"","meta":{"inline_featured_image":false,"footnotes":""},"class_list":["post-2907","page","type-page","status-publish","has-post-thumbnail","hentry"],"yoast_head":"<!-- This site is optimized with the Yoast SEO plugin v26.6 - https:\/\/yoast.com\/wordpress\/plugins\/seo\/ -->\n<title>Ochrona danych osobowych - PAN Dom Pracy Tw\u00f3rczej w Wierzbie<\/title>\n<meta name=\"robots\" content=\"index, follow, max-snippet:-1, max-image-preview:large, max-video-preview:-1\" \/>\n<link rel=\"canonical\" href=\"https:\/\/wierzba.pan.pl\/?page_id=2907\" \/>\n<meta property=\"og:locale\" content=\"pl_PL\" \/>\n<meta property=\"og:type\" content=\"article\" \/>\n<meta property=\"og:title\" content=\"Ochrona danych osobowych - PAN Dom Pracy Tw\u00f3rczej w Wierzbie\" \/>\n<meta property=\"og:description\" content=\"Klauzula informacyjna Zapoznaj si\u0119 z klauzul\u0105 informacyjn\u0105 dotycz\u0105c\u0105 przetwarzania danych osobowych przez Polsk\u0105 Akademi\u0119 Nauk Dom Pracy Tw\u00f3rczej w Wierzbie.\" \/>\n<meta property=\"og:url\" content=\"https:\/\/wierzba.pan.pl\/?page_id=2907\" \/>\n<meta property=\"og:site_name\" content=\"PAN Dom Pracy Tw\u00f3rczej w Wierzbie\" \/>\n<meta property=\"article:modified_time\" content=\"2021-08-13T11:31:31+00:00\" \/>\n<meta property=\"og:image\" content=\"https:\/\/wierzba.pan.pl\/wp-content\/uploads\/2021\/03\/CK.jpg\" \/>\n\t<meta property=\"og:image:width\" content=\"2173\" \/>\n\t<meta property=\"og:image:height\" content=\"1449\" \/>\n\t<meta property=\"og:image:type\" content=\"image\/jpeg\" \/>\n<meta name=\"twitter:card\" content=\"summary_large_image\" \/>\n<script type=\"application\/ld+json\" class=\"yoast-schema-graph\">{\"@context\":\"https:\/\/schema.org\",\"@graph\":[{\"@type\":\"WebPage\",\"@id\":\"https:\/\/wierzba.pan.pl\/?page_id=2907\",\"url\":\"https:\/\/wierzba.pan.pl\/?page_id=2907\",\"name\":\"Ochrona danych osobowych - PAN Dom Pracy Tw\u00f3rczej w Wierzbie\",\"isPartOf\":{\"@id\":\"https:\/\/wierzba.pan.pl\/#website\"},\"primaryImageOfPage\":{\"@id\":\"https:\/\/wierzba.pan.pl\/?page_id=2907#primaryimage\"},\"image\":{\"@id\":\"https:\/\/wierzba.pan.pl\/?page_id=2907#primaryimage\"},\"thumbnailUrl\":\"https:\/\/wierzba.pan.pl\/wp-content\/uploads\/2021\/03\/CK.jpg\",\"datePublished\":\"2021-08-13T11:31:30+00:00\",\"dateModified\":\"2021-08-13T11:31:31+00:00\",\"breadcrumb\":{\"@id\":\"https:\/\/wierzba.pan.pl\/?page_id=2907#breadcrumb\"},\"inLanguage\":\"pl-PL\",\"potentialAction\":[{\"@type\":\"ReadAction\",\"target\":[\"https:\/\/wierzba.pan.pl\/?page_id=2907\"]}]},{\"@type\":\"ImageObject\",\"inLanguage\":\"pl-PL\",\"@id\":\"https:\/\/wierzba.pan.pl\/?page_id=2907#primaryimage\",\"url\":\"https:\/\/wierzba.pan.pl\/wp-content\/uploads\/2021\/03\/CK.jpg\",\"contentUrl\":\"https:\/\/wierzba.pan.pl\/wp-content\/uploads\/2021\/03\/CK.jpg\",\"width\":2173,\"height\":1449},{\"@type\":\"BreadcrumbList\",\"@id\":\"https:\/\/wierzba.pan.pl\/?page_id=2907#breadcrumb\",\"itemListElement\":[{\"@type\":\"ListItem\",\"position\":1,\"name\":\"Strona g\u0142\u00f3wna\",\"item\":\"https:\/\/wierzba.pan.pl\/\"},{\"@type\":\"ListItem\",\"position\":2,\"name\":\"Ochrona danych osobowych\"}]},{\"@type\":\"WebSite\",\"@id\":\"https:\/\/wierzba.pan.pl\/#website\",\"url\":\"https:\/\/wierzba.pan.pl\/\",\"name\":\"PAN Dom Pracy Tw\u00f3rczej w Wierzbie\",\"description\":\"Wypoczynek nad jeziorem, w sercu Puszczy Piskiej\",\"potentialAction\":[{\"@type\":\"SearchAction\",\"target\":{\"@type\":\"EntryPoint\",\"urlTemplate\":\"https:\/\/wierzba.pan.pl\/?s={search_term_string}\"},\"query-input\":{\"@type\":\"PropertyValueSpecification\",\"valueRequired\":true,\"valueName\":\"search_term_string\"}}],\"inLanguage\":\"pl-PL\"}]}<\/script>\n<!-- \/ Yoast SEO plugin. -->","yoast_head_json":{"title":"Ochrona danych osobowych - PAN Dom Pracy Tw\u00f3rczej w Wierzbie","robots":{"index":"index","follow":"follow","max-snippet":"max-snippet:-1","max-image-preview":"max-image-preview:large","max-video-preview":"max-video-preview:-1"},"canonical":"https:\/\/wierzba.pan.pl\/?page_id=2907","og_locale":"pl_PL","og_type":"article","og_title":"Ochrona danych osobowych - PAN Dom Pracy Tw\u00f3rczej w Wierzbie","og_description":"Klauzula informacyjna Zapoznaj si\u0119 z klauzul\u0105 informacyjn\u0105 dotycz\u0105c\u0105 przetwarzania danych osobowych przez Polsk\u0105 Akademi\u0119 Nauk Dom Pracy Tw\u00f3rczej w Wierzbie.","og_url":"https:\/\/wierzba.pan.pl\/?page_id=2907","og_site_name":"PAN Dom Pracy Tw\u00f3rczej w Wierzbie","article_modified_time":"2021-08-13T11:31:31+00:00","og_image":[{"width":2173,"height":1449,"url":"https:\/\/wierzba.pan.pl\/wp-content\/uploads\/2021\/03\/CK.jpg","type":"image\/jpeg"}],"twitter_card":"summary_large_image","schema":{"@context":"https:\/\/schema.org","@graph":[{"@type":"WebPage","@id":"https:\/\/wierzba.pan.pl\/?page_id=2907","url":"https:\/\/wierzba.pan.pl\/?page_id=2907","name":"Ochrona danych osobowych - PAN Dom Pracy Tw\u00f3rczej w Wierzbie","isPartOf":{"@id":"https:\/\/wierzba.pan.pl\/#website"},"primaryImageOfPage":{"@id":"https:\/\/wierzba.pan.pl\/?page_id=2907#primaryimage"},"image":{"@id":"https:\/\/wierzba.pan.pl\/?page_id=2907#primaryimage"},"thumbnailUrl":"https:\/\/wierzba.pan.pl\/wp-content\/uploads\/2021\/03\/CK.jpg","datePublished":"2021-08-13T11:31:30+00:00","dateModified":"2021-08-13T11:31:31+00:00","breadcrumb":{"@id":"https:\/\/wierzba.pan.pl\/?page_id=2907#breadcrumb"},"inLanguage":"pl-PL","potentialAction":[{"@type":"ReadAction","target":["https:\/\/wierzba.pan.pl\/?page_id=2907"]}]},{"@type":"ImageObject","inLanguage":"pl-PL","@id":"https:\/\/wierzba.pan.pl\/?page_id=2907#primaryimage","url":"https:\/\/wierzba.pan.pl\/wp-content\/uploads\/2021\/03\/CK.jpg","contentUrl":"https:\/\/wierzba.pan.pl\/wp-content\/uploads\/2021\/03\/CK.jpg","width":2173,"height":1449},{"@type":"BreadcrumbList","@id":"https:\/\/wierzba.pan.pl\/?page_id=2907#breadcrumb","itemListElement":[{"@type":"ListItem","position":1,"name":"Strona g\u0142\u00f3wna","item":"https:\/\/wierzba.pan.pl\/"},{"@type":"ListItem","position":2,"name":"Ochrona danych osobowych"}]},{"@type":"WebSite","@id":"https:\/\/wierzba.pan.pl\/#website","url":"https:\/\/wierzba.pan.pl\/","name":"PAN Dom Pracy Tw\u00f3rczej w Wierzbie","description":"Wypoczynek nad jeziorem, w sercu Puszczy Piskiej","potentialAction":[{"@type":"SearchAction","target":{"@type":"EntryPoint","urlTemplate":"https:\/\/wierzba.pan.pl\/?s={search_term_string}"},"query-input":{"@type":"PropertyValueSpecification","valueRequired":true,"valueName":"search_term_string"}}],"inLanguage":"pl-PL"}]}},"_links":{"self":[{"href":"https:\/\/wierzba.pan.pl\/index.php?rest_route=\/wp\/v2\/pages\/2907","targetHints":{"allow":["GET"]}}],"collection":[{"href":"https:\/\/wierzba.pan.pl\/index.php?rest_route=\/wp\/v2\/pages"}],"about":[{"href":"https:\/\/wierzba.pan.pl\/index.php?rest_route=\/wp\/v2\/types\/page"}],"author":[{"embeddable":true,"href":"https:\/\/wierzba.pan.pl\/index.php?rest_route=\/wp\/v2\/users\/2"}],"replies":[{"embeddable":true,"href":"https:\/\/wierzba.pan.pl\/index.php?rest_route=%2Fwp%2Fv2%2Fcomments&post=2907"}],"version-history":[{"count":1,"href":"https:\/\/wierzba.pan.pl\/index.php?rest_route=\/wp\/v2\/pages\/2907\/revisions"}],"predecessor-version":[{"id":2909,"href":"https:\/\/wierzba.pan.pl\/index.php?rest_route=\/wp\/v2\/pages\/2907\/revisions\/2909"}],"wp:featuredmedia":[{"embeddable":true,"href":"https:\/\/wierzba.pan.pl\/index.php?rest_route=\/wp\/v2\/media\/2481"}],"wp:attachment":[{"href":"https:\/\/wierzba.pan.pl\/index.php?rest_route=%2Fwp%2Fv2%2Fmedia&parent=2907"}],"curies":[{"name":"wp","href":"https:\/\/api.w.org\/{rel}","templated":true}]}}