{"id":3414,"date":"2021-11-04T14:15:13","date_gmt":"2021-11-04T13:15:13","guid":{"rendered":"https:\/\/wierzba.pan.pl\/?page_id=3414"},"modified":"2026-02-03T10:40:34","modified_gmt":"2026-02-03T09:40:34","slug":"bal-sylwestrowy-w-wierzbie","status":"publish","type":"page","link":"https:\/\/wierzba.pan.pl\/?page_id=3414","title":{"rendered":"Bal Sylwestrowy w Wierzbie"},"content":{"rendered":"\n<p>Nie mo\u017cemy si\u0119 ju\u017c doczeka\u0107 tej jednej, wyj\u0105tkowej nocy! W wy\u015bmienitych humorach i jeszcze lepszym towarzystwie po\u017cegnamy stary rok i przywitamy nowy. B\u0119dziemy si\u0119 \u015bwietnie bawi\u0107 przy akompaniamencie muzyki granej przez DJ-a i szumie szampa\u0144skich b\u0105belk\u00f3w. Tradycyjnie, jak to w Wierzbie, energii doda nam rewelacyjne jedzenie z du\u017cym wyborem da\u0144. O niebo lepiej przywita\u0107 rok 2022 na p\u00f3\u0142wyspie oblanym mazurskimi jeziorami ni\u017c w \u015brodku miasta. Nie mo\u017ce Ci\u0119 zabrakn\u0105\u0107!<\/p>\n\n\n\n<p><\/p>\n\n\n\n<p><\/p>\n\n\n\n<h2 class=\"wp-block-heading\">Menu Balu Sylwestrowego w Wierzbie zawiera:<\/h2>\n\n\n\n<ul class=\"wp-block-list\">\n<li>wykwintne menu ciep\u0142e i zimne<\/li>\n\n\n\n<li>bufet pe\u0142en s\u0142odko\u015bci i owoc\u00f3w<\/li>\n\n\n\n<li>napoje gor\u0105ce i zimne<\/li>\n\n\n\n<li>0,5 l w\u00f3dki i 0,75 l wina na par\u0119<\/li>\n<\/ul>\n\n\n\n<p><strong>Koszt: w kr\u00f3tce<\/strong><\/p>\n\n\n\n<p>Zapraszamy do rezerwacji stolika poprzez kontakt z recepcj\u0105:<\/p>\n\n\n\n<ul class=\"wp-block-list\">\n<li>wierzba@wierzba.pan.pl<\/li>\n\n\n\n<li>516 009 061<\/li>\n<\/ul>\n\n\n\n<p><\/p>\n\n\n\n<hr class=\"wp-block-separator has-css-opacity\"\/>\n\n\n\n<div class=\"wp-block-columns is-layout-flex wp-container-core-columns-is-layout-9d6595d7 wp-block-columns-is-layout-flex\">\n<div class=\"wp-block-column is-layout-flow wp-block-column-is-layout-flow\">\n<h4 class=\"wp-block-heading has-accent-color has-white-background-color has-text-color has-background\">Zapytanie rezerwacyjne<\/h4>\n\n\n\n<p class=\"has-accent-color has-white-background-color has-text-color has-background\">\n<div class=\"wpcf7 no-js\" id=\"wpcf7-f2796-o1\" lang=\"pl-PL\" dir=\"ltr\" data-wpcf7-id=\"2796\">\n<div class=\"screen-reader-response\"><p role=\"status\" aria-live=\"polite\" aria-atomic=\"true\"><\/p> <ul><\/ul><\/div>\n<form action=\"\/index.php?rest_route=%2Fwp%2Fv2%2Fpages%2F3414#wpcf7-f2796-o1\" method=\"post\" class=\"wpcf7-form init\" aria-label=\"Formularz kontaktowy\" novalidate=\"novalidate\" data-status=\"init\">\n<fieldset class=\"hidden-fields-container\"><input type=\"hidden\" name=\"_wpcf7\" value=\"2796\" \/><input type=\"hidden\" name=\"_wpcf7_version\" value=\"6.1.5\" \/><input type=\"hidden\" name=\"_wpcf7_locale\" value=\"pl_PL\" \/><input type=\"hidden\" name=\"_wpcf7_unit_tag\" value=\"wpcf7-f2796-o1\" \/><input type=\"hidden\" name=\"_wpcf7_container_post\" value=\"0\" \/><input type=\"hidden\" name=\"_wpcf7_posted_data_hash\" value=\"\" \/>\n<\/fieldset>\n<p><label> Imi\u0119* <span class=\"wpcf7-form-control-wrap\" data-name=\"your-name\"><input size=\"40\" maxlength=\"400\" class=\"wpcf7-form-control wpcf7-text wpcf7-validates-as-required\" aria-required=\"true\" aria-invalid=\"false\" value=\"\" type=\"text\" name=\"your-name\" \/><\/span> <\/label><label> Nazwisko* <span class=\"wpcf7-form-control-wrap\" data-name=\"nazwisko\"><input size=\"40\" maxlength=\"400\" class=\"wpcf7-form-control wpcf7-text wpcf7-validates-as-required\" aria-required=\"true\" aria-invalid=\"false\" value=\"\" type=\"text\" name=\"nazwisko\" \/><\/span> <\/label>\n<\/p>\n<p><label> Email* <span class=\"wpcf7-form-control-wrap\" data-name=\"your-email\"><input size=\"40\" maxlength=\"400\" class=\"wpcf7-form-control wpcf7-email wpcf7-validates-as-required wpcf7-text wpcf7-validates-as-email\" aria-required=\"true\" aria-invalid=\"false\" value=\"\" type=\"email\" name=\"your-email\" \/><\/span> <\/label>\n<\/p>\n<p><label> Telefon* <span class=\"wpcf7-form-control-wrap\" data-name=\"telefon\"><input size=\"40\" maxlength=\"400\" class=\"wpcf7-form-control wpcf7-tel wpcf7-validates-as-required wpcf7-text wpcf7-validates-as-tel\" aria-required=\"true\" aria-invalid=\"false\" value=\"\" type=\"tel\" name=\"telefon\" \/><\/span> <\/label>\n<\/p>\n<p><label> Data przyjazdu <span class=\"wpcf7-form-control-wrap\" data-name=\"dataprzyjazdu\"><input class=\"wpcf7-form-control wpcf7-date wpcf7-validates-as-date\" aria-invalid=\"false\" value=\"\" type=\"date\" name=\"dataprzyjazdu\" \/><\/span> <\/label><label> Data wyjazdu <span class=\"wpcf7-form-control-wrap\" data-name=\"datawyjazdu\"><input class=\"wpcf7-form-control wpcf7-date wpcf7-validates-as-date\" aria-invalid=\"false\" value=\"\" type=\"date\" name=\"datawyjazdu\" \/><\/span> <\/label>\n<\/p>\n<p><label> Liczba i wiek dzieci<br \/>\n<span class=\"wpcf7-form-control-wrap\" data-name=\"Liczbaiwiekdzieci\"><input size=\"40\" maxlength=\"400\" class=\"wpcf7-form-control wpcf7-text\" aria-invalid=\"false\" value=\"\" type=\"text\" name=\"Liczbaiwiekdzieci\" \/><\/span> <\/label>\n<\/p>\n<p><label> Twoja wiadomo\u015bci (opcjonalne)<br \/>\n<span class=\"wpcf7-form-control-wrap\" data-name=\"your-message\"><textarea cols=\"40\" rows=\"10\" maxlength=\"2000\" class=\"wpcf7-form-control wpcf7-textarea\" aria-invalid=\"false\" name=\"your-message\"><\/textarea><\/span> <\/label>\n<\/p>\n<p><span class=\"wpcf7-form-control-wrap\" data-name=\"zgody\"><span class=\"wpcf7-form-control wpcf7-checkbox\"><span class=\"wpcf7-list-item first last\"><label><input type=\"checkbox\" name=\"zgody[]\" value=\"Wyra\u017cam zgod\u0119 na przekazywanie informacji handlowych za pomoc\u0105 \u015brodk\u00f3w komunikacji elektronicznej przez Polsk\u0105 Akademi\u0119 Nauk Dom Pracy Tw\u00f3rczej w Wierzbie. Zgoda mo\u017ce by\u0107 w ka\u017cdym czasie wycofana. Wyra\u017cam zgod\u0119 na przetwarzanie przez Polsk\u0105 Akademi\u0119 Nauk Dom Pracy Tw\u00f3rczej w Wierzbie danych w celach marketingu bezpo\u015bredniego za pomoc\u0105 telekomunikacyjnych urz\u0105dze\u0144 ko\u0144cowych i automatycznych system\u00f3w wywo\u0142uj\u0105cych. Zgoda mo\u017ce by\u0107 w ka\u017cdym czasie wycofana.\" \/><span class=\"wpcf7-list-item-label\">Wyra\u017cam zgod\u0119 na przekazywanie informacji handlowych za pomoc\u0105 \u015brodk\u00f3w komunikacji elektronicznej przez Polsk\u0105 Akademi\u0119 Nauk Dom Pracy Tw\u00f3rczej w Wierzbie. Zgoda mo\u017ce by\u0107 w ka\u017cdym czasie wycofana. Wyra\u017cam zgod\u0119 na przetwarzanie przez Polsk\u0105 Akademi\u0119 Nauk Dom Pracy Tw\u00f3rczej w Wierzbie danych w celach marketingu bezpo\u015bredniego za pomoc\u0105 telekomunikacyjnych urz\u0105dze\u0144 ko\u0144cowych i automatycznych system\u00f3w wywo\u0142uj\u0105cych. Zgoda mo\u017ce by\u0107 w ka\u017cdym czasie wycofana.<\/span><\/label><\/span><\/span><\/span>\n<\/p>\n<p><input class=\"wpcf7-form-control wpcf7-submit has-spinner\" type=\"submit\" value=\"Wy\u015blij\" \/>\n<\/p>\n<p>*pola obowi\u0105zkowe\n<\/p><p style=\"display: none !important;\" class=\"akismet-fields-container\" data-prefix=\"_wpcf7_ak_\"><label>&#916;<textarea name=\"_wpcf7_ak_hp_textarea\" cols=\"45\" rows=\"8\" maxlength=\"100\"><\/textarea><\/label><input type=\"hidden\" id=\"ak_js_1\" name=\"_wpcf7_ak_js\" value=\"58\"\/><script>document.getElementById( \"ak_js_1\" ).setAttribute( \"value\", ( new Date() ).getTime() );<\/script><\/p><input type='hidden' class='wpcf7-pum' value='{\"closepopup\":false,\"closedelay\":0,\"openpopup\":false,\"openpopup_id\":0}' \/><div class=\"wpcf7-response-output\" aria-hidden=\"true\"><\/div>\n<\/form>\n<\/div>\n<\/p>\n<\/div>\n<\/div>\n\n\n\n<p>Zapoznaj si\u0119 z <a href=\"https:\/\/wierzba.pan.pl\/?page_id=2907\">klauzul\u0105 informacyjn\u0105<\/a>.<\/p>\n","protected":false},"excerpt":{"rendered":"<p>Nie mo\u017cemy si\u0119 ju\u017c doczeka\u0107 tej jednej, wyj\u0105tkowej nocy! W wy\u015bmienitych humorach i jeszcze lepszym towarzystwie po\u017cegnamy stary rok i przywitamy nowy. B\u0119dziemy si\u0119 \u015bwietnie bawi\u0107 przy akompaniamencie muzyki granej przez DJ-a i szumie szampa\u0144skich b\u0105belk\u00f3w. Tradycyjnie, jak to w Wierzbie, energii doda nam rewelacyjne jedzenie z du\u017cym wyborem da\u0144. [&hellip;]<\/p>\n","protected":false},"author":2,"featured_media":0,"parent":0,"menu_order":0,"comment_status":"closed","ping_status":"closed","template":"","meta":{"inline_featured_image":false,"footnotes":""},"class_list":["post-3414","page","type-page","status-publish","hentry"],"yoast_head":"<!-- This site is optimized with the Yoast SEO plugin v26.6 - https:\/\/yoast.com\/wordpress\/plugins\/seo\/ -->\n<title>Bal Sylwestrowy w Wierzbie - PAN Dom Pracy Tw\u00f3rczej w Wierzbie<\/title>\n<meta name=\"robots\" content=\"index, follow, max-snippet:-1, max-image-preview:large, max-video-preview:-1\" \/>\n<link rel=\"canonical\" href=\"https:\/\/wierzba.pan.pl\/?page_id=3414\" \/>\n<meta property=\"og:locale\" content=\"pl_PL\" \/>\n<meta property=\"og:type\" content=\"article\" \/>\n<meta property=\"og:title\" content=\"Bal Sylwestrowy w Wierzbie - PAN Dom Pracy Tw\u00f3rczej w Wierzbie\" \/>\n<meta property=\"og:description\" content=\"Nie mo\u017cemy si\u0119 ju\u017c doczeka\u0107 tej jednej, wyj\u0105tkowej nocy! W wy\u015bmienitych humorach i jeszcze lepszym towarzystwie po\u017cegnamy stary rok i przywitamy nowy. B\u0119dziemy si\u0119 \u015bwietnie bawi\u0107 przy akompaniamencie muzyki granej przez DJ-a i szumie szampa\u0144skich b\u0105belk\u00f3w. Tradycyjnie, jak to w Wierzbie, energii doda nam rewelacyjne jedzenie z du\u017cym wyborem da\u0144. [&hellip;]\" \/>\n<meta property=\"og:url\" content=\"https:\/\/wierzba.pan.pl\/?page_id=3414\" \/>\n<meta property=\"og:site_name\" content=\"PAN Dom Pracy Tw\u00f3rczej w Wierzbie\" \/>\n<meta property=\"article:modified_time\" content=\"2026-02-03T09:40:34+00:00\" \/>\n<meta name=\"twitter:card\" content=\"summary_large_image\" \/>\n<meta name=\"twitter:label1\" content=\"Szacowany czas czytania\" \/>\n\t<meta name=\"twitter:data1\" content=\"1 minuta\" \/>\n<script type=\"application\/ld+json\" class=\"yoast-schema-graph\">{\"@context\":\"https:\/\/schema.org\",\"@graph\":[{\"@type\":\"WebPage\",\"@id\":\"https:\/\/wierzba.pan.pl\/?page_id=3414\",\"url\":\"https:\/\/wierzba.pan.pl\/?page_id=3414\",\"name\":\"Bal Sylwestrowy w Wierzbie - PAN Dom Pracy Tw\u00f3rczej w Wierzbie\",\"isPartOf\":{\"@id\":\"https:\/\/wierzba.pan.pl\/#website\"},\"datePublished\":\"2021-11-04T13:15:13+00:00\",\"dateModified\":\"2026-02-03T09:40:34+00:00\",\"breadcrumb\":{\"@id\":\"https:\/\/wierzba.pan.pl\/?page_id=3414#breadcrumb\"},\"inLanguage\":\"pl-PL\",\"potentialAction\":[{\"@type\":\"ReadAction\",\"target\":[\"https:\/\/wierzba.pan.pl\/?page_id=3414\"]}]},{\"@type\":\"BreadcrumbList\",\"@id\":\"https:\/\/wierzba.pan.pl\/?page_id=3414#breadcrumb\",\"itemListElement\":[{\"@type\":\"ListItem\",\"position\":1,\"name\":\"Strona g\u0142\u00f3wna\",\"item\":\"https:\/\/wierzba.pan.pl\/\"},{\"@type\":\"ListItem\",\"position\":2,\"name\":\"Bal Sylwestrowy w Wierzbie\"}]},{\"@type\":\"WebSite\",\"@id\":\"https:\/\/wierzba.pan.pl\/#website\",\"url\":\"https:\/\/wierzba.pan.pl\/\",\"name\":\"PAN Dom Pracy Tw\u00f3rczej w Wierzbie\",\"description\":\"Wypoczynek nad jeziorem, w sercu Puszczy Piskiej\",\"potentialAction\":[{\"@type\":\"SearchAction\",\"target\":{\"@type\":\"EntryPoint\",\"urlTemplate\":\"https:\/\/wierzba.pan.pl\/?s={search_term_string}\"},\"query-input\":{\"@type\":\"PropertyValueSpecification\",\"valueRequired\":true,\"valueName\":\"search_term_string\"}}],\"inLanguage\":\"pl-PL\"}]}<\/script>\n<!-- \/ Yoast SEO plugin. -->","yoast_head_json":{"title":"Bal Sylwestrowy w Wierzbie - PAN Dom Pracy Tw\u00f3rczej w Wierzbie","robots":{"index":"index","follow":"follow","max-snippet":"max-snippet:-1","max-image-preview":"max-image-preview:large","max-video-preview":"max-video-preview:-1"},"canonical":"https:\/\/wierzba.pan.pl\/?page_id=3414","og_locale":"pl_PL","og_type":"article","og_title":"Bal Sylwestrowy w Wierzbie - PAN Dom Pracy Tw\u00f3rczej w Wierzbie","og_description":"Nie mo\u017cemy si\u0119 ju\u017c doczeka\u0107 tej jednej, wyj\u0105tkowej nocy! W wy\u015bmienitych humorach i jeszcze lepszym towarzystwie po\u017cegnamy stary rok i przywitamy nowy. B\u0119dziemy si\u0119 \u015bwietnie bawi\u0107 przy akompaniamencie muzyki granej przez DJ-a i szumie szampa\u0144skich b\u0105belk\u00f3w. Tradycyjnie, jak to w Wierzbie, energii doda nam rewelacyjne jedzenie z du\u017cym wyborem da\u0144. [&hellip;]","og_url":"https:\/\/wierzba.pan.pl\/?page_id=3414","og_site_name":"PAN Dom Pracy Tw\u00f3rczej w Wierzbie","article_modified_time":"2026-02-03T09:40:34+00:00","twitter_card":"summary_large_image","twitter_misc":{"Szacowany czas czytania":"1 minuta"},"schema":{"@context":"https:\/\/schema.org","@graph":[{"@type":"WebPage","@id":"https:\/\/wierzba.pan.pl\/?page_id=3414","url":"https:\/\/wierzba.pan.pl\/?page_id=3414","name":"Bal Sylwestrowy w Wierzbie - PAN Dom Pracy Tw\u00f3rczej w Wierzbie","isPartOf":{"@id":"https:\/\/wierzba.pan.pl\/#website"},"datePublished":"2021-11-04T13:15:13+00:00","dateModified":"2026-02-03T09:40:34+00:00","breadcrumb":{"@id":"https:\/\/wierzba.pan.pl\/?page_id=3414#breadcrumb"},"inLanguage":"pl-PL","potentialAction":[{"@type":"ReadAction","target":["https:\/\/wierzba.pan.pl\/?page_id=3414"]}]},{"@type":"BreadcrumbList","@id":"https:\/\/wierzba.pan.pl\/?page_id=3414#breadcrumb","itemListElement":[{"@type":"ListItem","position":1,"name":"Strona g\u0142\u00f3wna","item":"https:\/\/wierzba.pan.pl\/"},{"@type":"ListItem","position":2,"name":"Bal Sylwestrowy w Wierzbie"}]},{"@type":"WebSite","@id":"https:\/\/wierzba.pan.pl\/#website","url":"https:\/\/wierzba.pan.pl\/","name":"PAN Dom Pracy Tw\u00f3rczej w Wierzbie","description":"Wypoczynek nad jeziorem, w sercu Puszczy Piskiej","potentialAction":[{"@type":"SearchAction","target":{"@type":"EntryPoint","urlTemplate":"https:\/\/wierzba.pan.pl\/?s={search_term_string}"},"query-input":{"@type":"PropertyValueSpecification","valueRequired":true,"valueName":"search_term_string"}}],"inLanguage":"pl-PL"}]}},"_links":{"self":[{"href":"https:\/\/wierzba.pan.pl\/index.php?rest_route=\/wp\/v2\/pages\/3414","targetHints":{"allow":["GET"]}}],"collection":[{"href":"https:\/\/wierzba.pan.pl\/index.php?rest_route=\/wp\/v2\/pages"}],"about":[{"href":"https:\/\/wierzba.pan.pl\/index.php?rest_route=\/wp\/v2\/types\/page"}],"author":[{"embeddable":true,"href":"https:\/\/wierzba.pan.pl\/index.php?rest_route=\/wp\/v2\/users\/2"}],"replies":[{"embeddable":true,"href":"https:\/\/wierzba.pan.pl\/index.php?rest_route=%2Fwp%2Fv2%2Fcomments&post=3414"}],"version-history":[{"count":11,"href":"https:\/\/wierzba.pan.pl\/index.php?rest_route=\/wp\/v2\/pages\/3414\/revisions"}],"predecessor-version":[{"id":4563,"href":"https:\/\/wierzba.pan.pl\/index.php?rest_route=\/wp\/v2\/pages\/3414\/revisions\/4563"}],"wp:attachment":[{"href":"https:\/\/wierzba.pan.pl\/index.php?rest_route=%2Fwp%2Fv2%2Fmedia&parent=3414"}],"curies":[{"name":"wp","href":"https:\/\/api.w.org\/{rel}","templated":true}]}}