{"id":369,"date":"2019-02-02T19:27:31","date_gmt":"2019-02-02T18:27:31","guid":{"rendered":"http:\/\/wierzba.pan.pl\/?page_id=369"},"modified":"2019-09-18T14:39:27","modified_gmt":"2019-09-18T13:39:27","slug":"kariera","status":"publish","type":"page","link":"https:\/\/wierzba.pan.pl\/?page_id=369","title":{"rendered":"PRACA"},"content":{"rendered":"\n<h2 class=\"wp-block-heading\">Do\u0142\u0105cz do nas<\/h2>\n\n\n\n<p><strong>Poszukujemy os\u00f3b ch\u0119tnych do pracy sezonowej (kelner, pomoc kuchenna, obs\u0142uga punktu handlowo-gastronomicznego, pokojowe).<\/strong> <\/p>\n\n\n\n<p>Istnieje mo\u017cliwo\u015b\u0107 zakwaterowania i wy\u017cywienia.<\/p>\n\n\n\n<p>Zainteresowanych zach\u0119camy do przes\u0142ania CV na adres\nmailowy: <a href=\"mailto:wierzba@wierzba.pan.pl\">wierzba@wierzba.pan.pl<\/a>.<\/p>\n\n\n\n<p>W razie pyta\u0144 prosimy o kontakt telefoniczny +48 516&nbsp;009&nbsp;061.<\/p>\n\n\n\n<p><\/p>\n","protected":false},"excerpt":{"rendered":"<p>Do\u0142\u0105cz do nas Poszukujemy os\u00f3b ch\u0119tnych do pracy sezonowej (kelner, pomoc kuchenna, obs\u0142uga punktu handlowo-gastronomicznego, pokojowe). Istnieje mo\u017cliwo\u015b\u0107 zakwaterowania i wy\u017cywienia. Zainteresowanych zach\u0119camy do przes\u0142ania CV na adres mailowy: wierzba@wierzba.pan.pl. W razie pyta\u0144 prosimy o kontakt telefoniczny +48 516&nbsp;009&nbsp;061.<\/p>\n","protected":false},"author":2,"featured_media":0,"parent":0,"menu_order":0,"comment_status":"closed","ping_status":"closed","template":"","meta":{"inline_featured_image":false,"footnotes":""},"class_list":["post-369","page","type-page","status-publish","hentry"],"yoast_head":"<!-- This site is optimized with the Yoast SEO plugin v26.6 - https:\/\/yoast.com\/wordpress\/plugins\/seo\/ -->\n<title>PRACA - PAN Dom Pracy Tw\u00f3rczej w Wierzbie<\/title>\n<meta name=\"robots\" content=\"index, follow, max-snippet:-1, max-image-preview:large, max-video-preview:-1\" \/>\n<link rel=\"canonical\" href=\"https:\/\/wierzba.pan.pl\/?page_id=369\" \/>\n<meta property=\"og:locale\" content=\"pl_PL\" \/>\n<meta property=\"og:type\" content=\"article\" \/>\n<meta property=\"og:title\" content=\"PRACA - PAN Dom Pracy Tw\u00f3rczej w Wierzbie\" \/>\n<meta property=\"og:description\" content=\"Do\u0142\u0105cz do nas Poszukujemy os\u00f3b ch\u0119tnych do pracy sezonowej (kelner, pomoc kuchenna, obs\u0142uga punktu handlowo-gastronomicznego, pokojowe). Istnieje mo\u017cliwo\u015b\u0107 zakwaterowania i wy\u017cywienia. Zainteresowanych zach\u0119camy do przes\u0142ania CV na adres mailowy: wierzba@wierzba.pan.pl. W razie pyta\u0144 prosimy o kontakt telefoniczny +48 516&nbsp;009&nbsp;061.\" \/>\n<meta property=\"og:url\" content=\"https:\/\/wierzba.pan.pl\/?page_id=369\" \/>\n<meta property=\"og:site_name\" content=\"PAN Dom Pracy Tw\u00f3rczej w Wierzbie\" \/>\n<meta property=\"article:modified_time\" content=\"2019-09-18T13:39:27+00:00\" \/>\n<meta property=\"og:image\" content=\"https:\/\/wierzba.pan.pl\/wp-content\/uploads\/2019\/03\/IMG_9900.jpg\" \/>\n\t<meta property=\"og:image:width\" content=\"1896\" \/>\n\t<meta property=\"og:image:height\" content=\"1297\" \/>\n\t<meta property=\"og:image:type\" content=\"image\/jpeg\" \/>\n<meta name=\"twitter:card\" content=\"summary_large_image\" \/>\n<script type=\"application\/ld+json\" class=\"yoast-schema-graph\">{\"@context\":\"https:\/\/schema.org\",\"@graph\":[{\"@type\":\"WebPage\",\"@id\":\"https:\/\/wierzba.pan.pl\/?page_id=369\",\"url\":\"https:\/\/wierzba.pan.pl\/?page_id=369\",\"name\":\"PRACA - PAN Dom Pracy Tw\u00f3rczej w Wierzbie\",\"isPartOf\":{\"@id\":\"https:\/\/wierzba.pan.pl\/#website\"},\"datePublished\":\"2019-02-02T18:27:31+00:00\",\"dateModified\":\"2019-09-18T13:39:27+00:00\",\"breadcrumb\":{\"@id\":\"https:\/\/wierzba.pan.pl\/?page_id=369#breadcrumb\"},\"inLanguage\":\"pl-PL\",\"potentialAction\":[{\"@type\":\"ReadAction\",\"target\":[\"https:\/\/wierzba.pan.pl\/?page_id=369\"]}]},{\"@type\":\"BreadcrumbList\",\"@id\":\"https:\/\/wierzba.pan.pl\/?page_id=369#breadcrumb\",\"itemListElement\":[{\"@type\":\"ListItem\",\"position\":1,\"name\":\"Strona g\u0142\u00f3wna\",\"item\":\"https:\/\/wierzba.pan.pl\/\"},{\"@type\":\"ListItem\",\"position\":2,\"name\":\"PRACA\"}]},{\"@type\":\"WebSite\",\"@id\":\"https:\/\/wierzba.pan.pl\/#website\",\"url\":\"https:\/\/wierzba.pan.pl\/\",\"name\":\"PAN Dom Pracy Tw\u00f3rczej w Wierzbie\",\"description\":\"Wypoczynek nad jeziorem, w sercu Puszczy Piskiej\",\"potentialAction\":[{\"@type\":\"SearchAction\",\"target\":{\"@type\":\"EntryPoint\",\"urlTemplate\":\"https:\/\/wierzba.pan.pl\/?s={search_term_string}\"},\"query-input\":{\"@type\":\"PropertyValueSpecification\",\"valueRequired\":true,\"valueName\":\"search_term_string\"}}],\"inLanguage\":\"pl-PL\"}]}<\/script>\n<!-- \/ Yoast SEO plugin. -->","yoast_head_json":{"title":"PRACA - PAN Dom Pracy Tw\u00f3rczej w Wierzbie","robots":{"index":"index","follow":"follow","max-snippet":"max-snippet:-1","max-image-preview":"max-image-preview:large","max-video-preview":"max-video-preview:-1"},"canonical":"https:\/\/wierzba.pan.pl\/?page_id=369","og_locale":"pl_PL","og_type":"article","og_title":"PRACA - PAN Dom Pracy Tw\u00f3rczej w Wierzbie","og_description":"Do\u0142\u0105cz do nas Poszukujemy os\u00f3b ch\u0119tnych do pracy sezonowej (kelner, pomoc kuchenna, obs\u0142uga punktu handlowo-gastronomicznego, pokojowe). Istnieje mo\u017cliwo\u015b\u0107 zakwaterowania i wy\u017cywienia. Zainteresowanych zach\u0119camy do przes\u0142ania CV na adres mailowy: wierzba@wierzba.pan.pl. W razie pyta\u0144 prosimy o kontakt telefoniczny +48 516&nbsp;009&nbsp;061.","og_url":"https:\/\/wierzba.pan.pl\/?page_id=369","og_site_name":"PAN Dom Pracy Tw\u00f3rczej w Wierzbie","article_modified_time":"2019-09-18T13:39:27+00:00","og_image":[{"width":1896,"height":1297,"url":"https:\/\/wierzba.pan.pl\/wp-content\/uploads\/2019\/03\/IMG_9900.jpg","type":"image\/jpeg"}],"twitter_card":"summary_large_image","schema":{"@context":"https:\/\/schema.org","@graph":[{"@type":"WebPage","@id":"https:\/\/wierzba.pan.pl\/?page_id=369","url":"https:\/\/wierzba.pan.pl\/?page_id=369","name":"PRACA - PAN Dom Pracy Tw\u00f3rczej w Wierzbie","isPartOf":{"@id":"https:\/\/wierzba.pan.pl\/#website"},"datePublished":"2019-02-02T18:27:31+00:00","dateModified":"2019-09-18T13:39:27+00:00","breadcrumb":{"@id":"https:\/\/wierzba.pan.pl\/?page_id=369#breadcrumb"},"inLanguage":"pl-PL","potentialAction":[{"@type":"ReadAction","target":["https:\/\/wierzba.pan.pl\/?page_id=369"]}]},{"@type":"BreadcrumbList","@id":"https:\/\/wierzba.pan.pl\/?page_id=369#breadcrumb","itemListElement":[{"@type":"ListItem","position":1,"name":"Strona g\u0142\u00f3wna","item":"https:\/\/wierzba.pan.pl\/"},{"@type":"ListItem","position":2,"name":"PRACA"}]},{"@type":"WebSite","@id":"https:\/\/wierzba.pan.pl\/#website","url":"https:\/\/wierzba.pan.pl\/","name":"PAN Dom Pracy Tw\u00f3rczej w Wierzbie","description":"Wypoczynek nad jeziorem, w sercu Puszczy Piskiej","potentialAction":[{"@type":"SearchAction","target":{"@type":"EntryPoint","urlTemplate":"https:\/\/wierzba.pan.pl\/?s={search_term_string}"},"query-input":{"@type":"PropertyValueSpecification","valueRequired":true,"valueName":"search_term_string"}}],"inLanguage":"pl-PL"}]}},"_links":{"self":[{"href":"https:\/\/wierzba.pan.pl\/index.php?rest_route=\/wp\/v2\/pages\/369","targetHints":{"allow":["GET"]}}],"collection":[{"href":"https:\/\/wierzba.pan.pl\/index.php?rest_route=\/wp\/v2\/pages"}],"about":[{"href":"https:\/\/wierzba.pan.pl\/index.php?rest_route=\/wp\/v2\/types\/page"}],"author":[{"embeddable":true,"href":"https:\/\/wierzba.pan.pl\/index.php?rest_route=\/wp\/v2\/users\/2"}],"replies":[{"embeddable":true,"href":"https:\/\/wierzba.pan.pl\/index.php?rest_route=%2Fwp%2Fv2%2Fcomments&post=369"}],"version-history":[{"count":11,"href":"https:\/\/wierzba.pan.pl\/index.php?rest_route=\/wp\/v2\/pages\/369\/revisions"}],"predecessor-version":[{"id":1266,"href":"https:\/\/wierzba.pan.pl\/index.php?rest_route=\/wp\/v2\/pages\/369\/revisions\/1266"}],"wp:attachment":[{"href":"https:\/\/wierzba.pan.pl\/index.php?rest_route=%2Fwp%2Fv2%2Fmedia&parent=369"}],"curies":[{"name":"wp","href":"https:\/\/api.w.org\/{rel}","templated":true}]}}