{"id":382,"date":"2019-02-02T22:21:22","date_gmt":"2019-02-02T21:21:22","guid":{"rendered":"http:\/\/wierzba.pan.pl\/?page_id=382"},"modified":"2021-06-26T13:43:58","modified_gmt":"2021-06-26T12:43:58","slug":"lokalizacja","status":"publish","type":"page","link":"https:\/\/wierzba.pan.pl\/?page_id=382","title":{"rendered":"LOKALIZACJA"},"content":{"rendered":"\n<div class=\"wp-block-image\"><figure class=\"aligncenter\"><img loading=\"lazy\" decoding=\"async\" width=\"667\" height=\"385\" src=\"http:\/\/wierzba.pan.pl\/wp-content\/uploads\/2019\/03\/kilometra\u017c-\u2014-kopia.png\" alt=\"\" class=\"wp-image-807\" srcset=\"https:\/\/wierzba.pan.pl\/wp-content\/uploads\/2019\/03\/kilometra\u017c-\u2014-kopia.png 667w, https:\/\/wierzba.pan.pl\/wp-content\/uploads\/2019\/03\/kilometra\u017c-\u2014-kopia-300x173.png 300w\" sizes=\"auto, (max-width: 667px) 100vw, 667px\" \/><\/figure><\/div>\n\n\n\n<h4 class=\"has-text-align-center wp-block-heading\">ADRES<\/h4>\n\n\n\n<p class=\"has-text-align-center\"><strong>Wierzba 7, 12-220 Ruciane-Nida,<br>warmi\u0144sko-mazurskie, Polska<\/strong><\/p>\n\n\n\n<div style=\"height:63px\" aria-hidden=\"true\" class=\"wp-block-spacer\"><\/div>\n\n\n\n<figure><iframe loading=\"lazy\" src=\"https:\/\/www.google.com\/maps\/embed?pb=!1m18!1m12!1m3!1d2358.912475220117!2d21.604349436559037!3d53.755441554615125!2m3!1f0!2f0!3f0!3m2!1i1024!2i768!4f13.1!3m3!1m2!1s0x0%3A0xe34dd1cd56a7b497!2sPolska+Akademia+Nauk+Dom+Pracy+Tw%C3%B3rczej+w+Wierzbie!5e0!3m2!1spl!2spl!4v1548773624728\" width=\"1200\" height=\"400\" allowfullscreen=\"\"><\/iframe><\/figure>\n\n\n\n<div style=\"height:50px\" aria-hidden=\"true\" class=\"wp-block-spacer\"><\/div>\n\n\n\n<hr class=\"wp-block-separator\"\/>\n\n\n\n<p>Zapraszamy do sprawdzenia lot\u00f3w na Mazury! Port Lotniczy Olsztyn-Mazury: <a href=\"http:\/\/mazuryairport.pl\/\">http:\/\/mazuryairport.pl\/.<\/a> <br><\/p>\n\n\n\n<p>Port ten obs\u0142ugiwa\u0142 region&nbsp;Warmii&nbsp;i&nbsp;Mazur&nbsp;w latach 1996\u20132003 oraz po rozbudowie od 2016. Jest jedynym portem lotniczym w&nbsp;wojew\u00f3dztwie warmi\u0144sko-mazurskim. <\/p>\n","protected":false},"excerpt":{"rendered":"<p>ADRES Wierzba 7, 12-220 Ruciane-Nida,warmi\u0144sko-mazurskie, Polska Zapraszamy do sprawdzenia lot\u00f3w na Mazury! Port Lotniczy Olsztyn-Mazury: http:\/\/mazuryairport.pl\/. Port ten obs\u0142ugiwa\u0142 region&nbsp;Warmii&nbsp;i&nbsp;Mazur&nbsp;w latach 1996\u20132003 oraz po rozbudowie od 2016. Jest jedynym portem lotniczym w&nbsp;wojew\u00f3dztwie warmi\u0144sko-mazurskim.<\/p>\n","protected":false},"author":2,"featured_media":0,"parent":0,"menu_order":0,"comment_status":"closed","ping_status":"closed","template":"","meta":{"inline_featured_image":false,"footnotes":""},"class_list":["post-382","page","type-page","status-publish","hentry"],"yoast_head":"<!-- This site is optimized with the Yoast SEO plugin v26.6 - https:\/\/yoast.com\/wordpress\/plugins\/seo\/ -->\n<title>LOKALIZACJA - PAN Dom Pracy Tw\u00f3rczej w Wierzbie<\/title>\n<meta name=\"robots\" content=\"index, follow, max-snippet:-1, max-image-preview:large, max-video-preview:-1\" \/>\n<link rel=\"canonical\" href=\"https:\/\/wierzba.pan.pl\/?page_id=382\" \/>\n<meta property=\"og:locale\" content=\"pl_PL\" \/>\n<meta property=\"og:type\" content=\"article\" \/>\n<meta property=\"og:title\" content=\"LOKALIZACJA - PAN Dom Pracy Tw\u00f3rczej w Wierzbie\" \/>\n<meta property=\"og:description\" content=\"ADRES Wierzba 7, 12-220 Ruciane-Nida,warmi\u0144sko-mazurskie, Polska Zapraszamy do sprawdzenia lot\u00f3w na Mazury! Port Lotniczy Olsztyn-Mazury: http:\/\/mazuryairport.pl\/. Port ten obs\u0142ugiwa\u0142 region&nbsp;Warmii&nbsp;i&nbsp;Mazur&nbsp;w latach 1996\u20132003 oraz po rozbudowie od 2016. Jest jedynym portem lotniczym w&nbsp;wojew\u00f3dztwie warmi\u0144sko-mazurskim.\" \/>\n<meta property=\"og:url\" content=\"https:\/\/wierzba.pan.pl\/?page_id=382\" \/>\n<meta property=\"og:site_name\" content=\"PAN Dom Pracy Tw\u00f3rczej w Wierzbie\" \/>\n<meta property=\"article:modified_time\" content=\"2021-06-26T12:43:58+00:00\" \/>\n<meta name=\"twitter:card\" content=\"summary_large_image\" \/>\n<script type=\"application\/ld+json\" class=\"yoast-schema-graph\">{\"@context\":\"https:\/\/schema.org\",\"@graph\":[{\"@type\":\"WebPage\",\"@id\":\"https:\/\/wierzba.pan.pl\/?page_id=382\",\"url\":\"https:\/\/wierzba.pan.pl\/?page_id=382\",\"name\":\"LOKALIZACJA - PAN Dom Pracy Tw\u00f3rczej w Wierzbie\",\"isPartOf\":{\"@id\":\"https:\/\/wierzba.pan.pl\/#website\"},\"datePublished\":\"2019-02-02T21:21:22+00:00\",\"dateModified\":\"2021-06-26T12:43:58+00:00\",\"breadcrumb\":{\"@id\":\"https:\/\/wierzba.pan.pl\/?page_id=382#breadcrumb\"},\"inLanguage\":\"pl-PL\",\"potentialAction\":[{\"@type\":\"ReadAction\",\"target\":[\"https:\/\/wierzba.pan.pl\/?page_id=382\"]}]},{\"@type\":\"BreadcrumbList\",\"@id\":\"https:\/\/wierzba.pan.pl\/?page_id=382#breadcrumb\",\"itemListElement\":[{\"@type\":\"ListItem\",\"position\":1,\"name\":\"Strona g\u0142\u00f3wna\",\"item\":\"https:\/\/wierzba.pan.pl\/\"},{\"@type\":\"ListItem\",\"position\":2,\"name\":\"LOKALIZACJA\"}]},{\"@type\":\"WebSite\",\"@id\":\"https:\/\/wierzba.pan.pl\/#website\",\"url\":\"https:\/\/wierzba.pan.pl\/\",\"name\":\"PAN Dom Pracy Tw\u00f3rczej w Wierzbie\",\"description\":\"Wypoczynek nad jeziorem, w sercu Puszczy Piskiej\",\"potentialAction\":[{\"@type\":\"SearchAction\",\"target\":{\"@type\":\"EntryPoint\",\"urlTemplate\":\"https:\/\/wierzba.pan.pl\/?s={search_term_string}\"},\"query-input\":{\"@type\":\"PropertyValueSpecification\",\"valueRequired\":true,\"valueName\":\"search_term_string\"}}],\"inLanguage\":\"pl-PL\"}]}<\/script>\n<!-- \/ Yoast SEO plugin. -->","yoast_head_json":{"title":"LOKALIZACJA - PAN Dom Pracy Tw\u00f3rczej w Wierzbie","robots":{"index":"index","follow":"follow","max-snippet":"max-snippet:-1","max-image-preview":"max-image-preview:large","max-video-preview":"max-video-preview:-1"},"canonical":"https:\/\/wierzba.pan.pl\/?page_id=382","og_locale":"pl_PL","og_type":"article","og_title":"LOKALIZACJA - PAN Dom Pracy Tw\u00f3rczej w Wierzbie","og_description":"ADRES Wierzba 7, 12-220 Ruciane-Nida,warmi\u0144sko-mazurskie, Polska Zapraszamy do sprawdzenia lot\u00f3w na Mazury! Port Lotniczy Olsztyn-Mazury: http:\/\/mazuryairport.pl\/. Port ten obs\u0142ugiwa\u0142 region&nbsp;Warmii&nbsp;i&nbsp;Mazur&nbsp;w latach 1996\u20132003 oraz po rozbudowie od 2016. Jest jedynym portem lotniczym w&nbsp;wojew\u00f3dztwie warmi\u0144sko-mazurskim.","og_url":"https:\/\/wierzba.pan.pl\/?page_id=382","og_site_name":"PAN Dom Pracy Tw\u00f3rczej w Wierzbie","article_modified_time":"2021-06-26T12:43:58+00:00","twitter_card":"summary_large_image","schema":{"@context":"https:\/\/schema.org","@graph":[{"@type":"WebPage","@id":"https:\/\/wierzba.pan.pl\/?page_id=382","url":"https:\/\/wierzba.pan.pl\/?page_id=382","name":"LOKALIZACJA - PAN Dom Pracy Tw\u00f3rczej w Wierzbie","isPartOf":{"@id":"https:\/\/wierzba.pan.pl\/#website"},"datePublished":"2019-02-02T21:21:22+00:00","dateModified":"2021-06-26T12:43:58+00:00","breadcrumb":{"@id":"https:\/\/wierzba.pan.pl\/?page_id=382#breadcrumb"},"inLanguage":"pl-PL","potentialAction":[{"@type":"ReadAction","target":["https:\/\/wierzba.pan.pl\/?page_id=382"]}]},{"@type":"BreadcrumbList","@id":"https:\/\/wierzba.pan.pl\/?page_id=382#breadcrumb","itemListElement":[{"@type":"ListItem","position":1,"name":"Strona g\u0142\u00f3wna","item":"https:\/\/wierzba.pan.pl\/"},{"@type":"ListItem","position":2,"name":"LOKALIZACJA"}]},{"@type":"WebSite","@id":"https:\/\/wierzba.pan.pl\/#website","url":"https:\/\/wierzba.pan.pl\/","name":"PAN Dom Pracy Tw\u00f3rczej w Wierzbie","description":"Wypoczynek nad jeziorem, w sercu Puszczy Piskiej","potentialAction":[{"@type":"SearchAction","target":{"@type":"EntryPoint","urlTemplate":"https:\/\/wierzba.pan.pl\/?s={search_term_string}"},"query-input":{"@type":"PropertyValueSpecification","valueRequired":true,"valueName":"search_term_string"}}],"inLanguage":"pl-PL"}]}},"_links":{"self":[{"href":"https:\/\/wierzba.pan.pl\/index.php?rest_route=\/wp\/v2\/pages\/382","targetHints":{"allow":["GET"]}}],"collection":[{"href":"https:\/\/wierzba.pan.pl\/index.php?rest_route=\/wp\/v2\/pages"}],"about":[{"href":"https:\/\/wierzba.pan.pl\/index.php?rest_route=\/wp\/v2\/types\/page"}],"author":[{"embeddable":true,"href":"https:\/\/wierzba.pan.pl\/index.php?rest_route=\/wp\/v2\/users\/2"}],"replies":[{"embeddable":true,"href":"https:\/\/wierzba.pan.pl\/index.php?rest_route=%2Fwp%2Fv2%2Fcomments&post=382"}],"version-history":[{"count":22,"href":"https:\/\/wierzba.pan.pl\/index.php?rest_route=\/wp\/v2\/pages\/382\/revisions"}],"predecessor-version":[{"id":2637,"href":"https:\/\/wierzba.pan.pl\/index.php?rest_route=\/wp\/v2\/pages\/382\/revisions\/2637"}],"wp:attachment":[{"href":"https:\/\/wierzba.pan.pl\/index.php?rest_route=%2Fwp%2Fv2%2Fmedia&parent=382"}],"curies":[{"name":"wp","href":"https:\/\/api.w.org\/{rel}","templated":true}]}}