{"id":530,"date":"2019-02-08T09:05:55","date_gmt":"2019-02-08T08:05:55","guid":{"rendered":"http:\/\/wierzba.pan.pl\/?page_id=530"},"modified":"2020-02-18T14:43:19","modified_gmt":"2020-02-18T13:43:19","slug":"regulamin-portu-wierzba-i-popielno","status":"publish","type":"page","link":"https:\/\/wierzba.pan.pl\/?page_id=530","title":{"rendered":"REGULAMIN PORTU WIERZBA I POPIELNO"},"content":{"rendered":"\n<h3 class=\"wp-block-heading\">Regulamin Portu WIERZBA i POPIELNO<\/h3>\n\n\n\n<p>Niniejszy Regulamin obowi\u0105zuje od dnia 01.04.2020r. na terenie Portu w Wierzbie\u00a0\u00a0\u00a0\u00a0\u00a0\u00a0\u00a0\u00a0\u00a0\u00a0\u00a0\u00a0\u00a0\u00a0\u00a0\u00a0\u00a0\u00a0\u00a0\u00a0\u00a0\u00a0\u00a0\u00a0\u00a0\u00a0\u00a0\u00a0 \u00a0i Popielnie (dalej Port) zorganizowanym i prowadzonym przez PAN Dom Pracy Tw\u00f3rczej Wierzba (dalej DPT lub Organizator Portu) i stanowi integraln\u0105 cz\u0119\u015b\u0107 sta\u0142ych um\u00f3w rezydenckich. Ponadto, za zgod\u0105 Organizatora Portu reprezentowanego przez Bosmana, fakt zacumowania przy pomo\u015bcie jednostki p\u0142ywaj\u0105cej (dalej Jednostka) lub wniesienie op\u0142aty za \u015bwiadczone przez Organizatora Portu us\u0142ugi portowe, stanowi zawarcie umowy czasowej na korzystanie z Portu. Dokonuj\u0105c ww. czynno\u015bci Klient potwierdza, i\u017c zapozna\u0142 si\u0119 z niniejszym Regulaminem i w pe\u0142ni akceptuje zawarte w nim warunki, w tym zawarte w pkt. 12 Regulaminu oraz zobowi\u0105zuje si\u0119 do ich przestrzegania.<\/p>\n\n\n\n<ol class=\"wp-block-list\"><li>Port jest portem og\u00f3lnodost\u0119pnym i p\u0142atnym na podstawie stawek zawartych w Cenniku Portu lub w sta\u0142ych umowach rezydenckich. <\/li><li>Doba pobytowa na terenie Portu trwa do godz. 13 dnia nast\u0119pnego (nie dotyczy rezydent\u00f3w).<\/li><li>Miejsca postojowe (poza tzw. Miejscami rezydenckimi) s\u0105 ponumerowane.<\/li><li>Miejsce i spos\u00f3b cumowania wyznacza dy\u017curny Bosman ubrany w rozpoznawalny str\u00f3j (koszulka z napisem Bosman) lub jego pomocnik.<\/li><li>Miejsca przydzielone Jednostkom nie s\u0105 miejscami sta\u0142ymi (nie dotyczy miejsc rezydenckich). <\/li><li>W sytuacjach szczeg\u00f3lnych za\u0142oga Jednostki jest zobowi\u0105zana do jej\u00a0 przecumowania w inne miejsce wskazane przez Bosmana lub jego pomocnika. W przypadku braku kontaktu z za\u0142og\u0105 Bosman lub jego pomocnik ma prawo przecumowa\u0107 Jednostk\u0119 w inne miejsce.<\/li><li>Manewrowanie w Porcie (przycumowanie i odcumowanie) przez \u0142odzie \u017caglowe odbywa si\u0119 <strong>bez u\u017cycia \u017cagli<\/strong>, tj. przy u\u017cyciu silniku lub za pomoc\u0105 wiose\u0142. Jachty motorowe poruszaj\u0105ce si\u0119 w obr\u0119bie Portu zobowi\u0105zane s\u0105 do zachowania takiej pr\u0119dko\u015bci, kt\u00f3ra nie spowoduje powstanie fali i nie sprowadzi innego zagro\u017cenia<strong>. <\/strong>Wszelkie czynno\u015bci zwi\u0105zane z cumowaniem le\u017c\u0105 po stronie Klienta i nie daj\u0105 prawa do jakiegokolwiek regresu wobec PAN z tego tytu\u0142u.<\/li><li>Wszelkich formalno\u015bci zwi\u0105zanych z postojem Jednostki oraz wniesieniem stosownej op\u0142aty nale\u017cy dokona\u0107 w Bosmanacie zlokalizowanym na terenie Portu <strong>niezw\u0142ocznie po zacumowaniu<\/strong>.<\/li><li>Dowodem wniesienia op\u0142aty jest kwitek z kasy fiskalnej.<\/li><li>Op\u0142ata portowa obejmuje: post\u00f3j jednostki, korzystanie z sanitariat\u00f3w,\u00a0 zlewozmywak\u00f3w i \u015bmietnik\u00f3w portowych oraz mo\u017cliwo\u015b\u0107 poboru wody pitnej.<\/li><li>Za zwierz\u0119ta przebywaj\u0105ce na Jednostce pobierana jest op\u0142ata zgodnie z Cennikiem- za\u0142oga powinna zg\u0142osi\u0107 Bosmanowi fakt posiadania zwierz\u0105t na Jednostce.<\/li><li>Za ka\u017cdy dzie\u0144 korzystania z Portu bez wymaganego zg\u0142oszenia lub bez zawartej aktualnie umowy najmu (rezydenci) i wniesionych z tego tytu\u0142u op\u0142at cennikowych b\u0105d\u017a umownych, DPT PAN w Wierzbie ma prawo pobra\u0107 od u\u017cytkownika wynagrodzenie za bezumowne korzystanie z Portu, kt\u00f3rego wysoko\u015b\u0107 b\u0119dzie obliczana na podstawie stawki wynosz\u0105cej <strong>100,00 z\u0142<\/strong> za ka\u017cd\u0105 rozpocz\u0119t\u0105 dob\u0119. <\/li><li>Dokonanie op\u0142aty za cumowanie jednostki upowa\u017cnia do bezp\u0142atnego wjazdu <strong>jednego pojazdu na parking DPT na okres za jaki dokonano op\u0142aty.<\/strong> Przy rozpocz\u0119ciu pobytu Klient zg\u0142asza si\u0119 do Bosmanatu, gdzie otrzymuje bilet na wjazd pojazdu. Bilet powinien by\u0107 umieszczony w widocznym miejscu za przedni\u0105 szyb\u0105. Wjazd pojazdu na teren przyleg\u0142y do Portu jest mo\u017cliwy wy\u0142\u0105cznie na czas niezb\u0119dny do wy\u0142adowania baga\u017cy;<\/li><li>Sprz\u0119t przeciwpo\u017carowy i ratunkowy mo\u017ce by\u0107 u\u017cywany przez za\u0142ogi Jednostek wy\u0142\u0105cznie dla cel\u00f3w ga\u015bniczych i ratunkowych.<\/li><li>W porcie obowi\u0105zuje cisza nocna w godzinach: <strong>22- 7 <\/strong>.<\/li><li>W basenie portowym i na terenie Portu i przystani zabrania si\u0119:<\/li><li>P\u0142ywania pod \u017caglami, rzucania kotwicy i powodowania falowania;<\/li><li>Pozostawiania lu\u017anych, nie zwini\u0119tych cum poza Jednostkami;<\/li><li>Wst\u0119pu na pomost pod wp\u0142ywem alkoholu lub innych \u015brodk\u00f3w odurzaj\u0105cych;<\/li><li>Przelewania olej\u00f3w i paliw w spos\u00f3b gro\u017c\u0105cy przedostaniem si\u0119 do \u015brodowiska (ziemia, woda);<\/li><li>Wylewania i wyrzucania za burt\u0119 jakichkolwiek zanieczyszcze\u0144;<\/li><li>Mycia naczy\u0144 poza wyznaczonymi miejscami;<\/li><li>Pozostawiania nieczysto\u015bci (butelki, papier, puszki i plastiki, resztki \u017cywno\u015bci i inne) poza wyznaczonymi na ten cel pojemnikami;<\/li><li>Mycia samochod\u00f3w, motocykli i innych \u015brodk\u00f3w transportu;<\/li><li>P\u0142ywania wp\u0142aw;<\/li><li>Po\u0142owu ryb;<\/li><li>Wchodzenia na pok\u0142ad Jednostki bez zgody jej dysponenta;<\/li><li>Niszczenia zieleni i maj\u0105tku PAN oraz innych go\u015bci o\u015brodka;<\/li><li>Post\u0119powania niezgodnego z og\u00f3lnie przyj\u0119tymi spo\u0142ecznymi zasadami\u00a0 lub etyk\u0105 \u017ceglarsk\u0105;<\/li><li>Ponadto bez zgody Bosmana lub jego pomocnika zabrania si\u0119:<\/li><li>Samowolnego przecumowywania Jednostki;<\/li><li>Rozbijania namiot\u00f3w poza wyznaczonymi na ten cel miejscami, a tak\u017ce bez wniesienia stosownej op\u0142aty;<\/li><li>Palenia ognisk poza wyznaczonymi miejscami;<\/li><li>Podczas postoju jacht powinien by\u0107 sklarowany, fa\u0142y zabezpieczone przed wywo\u0142ywanie ha\u0142asu.<\/li><li>PAN nie odpowiada za kradzie\u017c Jednostki, jego zniszczenie przez pozosta\u0142ych u\u017cytkownik\u00f3w Portu, za rzeczy pozostawione bez nadzoru na terenie przystani (z wyj\u0105tkiem szk\u00f3d spowodowanych przez pracownik\u00f3w PAN).<\/li><li>Osoby korzystaj\u0105ce z portu s\u0105 odpowiedzialne za szkody w infrastrukturze portowej powsta\u0142e w wyniku ich dzia\u0142ania lub zaniecha\u0144.<\/li><li>Dzieci do lat 12 mog\u0105 przebywa\u0107 na terenie portu wy\u0142\u0105cznie pod opiek\u0105 opiekun\u00f3w (nie dot. uczestnik\u00f3w oboz\u00f3w \u017ceglarskich cumuj\u0105cych jednostek w porcie).<\/li><li>Przetrzymywanie zwierz\u0105t w Porcie jest mo\u017cliwe po zg\u0142oszeniu tego faktu Bosmanowi\u00a0\u00a0\u00a0\u00a0\u00a0\u00a0\u00a0\u00a0\u00a0\u00a0\u00a0\u00a0\u00a0\u00a0\u00a0\u00a0\u00a0\u00a0\u00a0\u00a0\u00a0\u00a0\u00a0\u00a0\u00a0\u00a0\u00a0\u00a0\u00a0\u00a0\u00a0\u00a0\u00a0\u00a0\u00a0\u00a0\u00a0\u00a0\u00a0\u00a0 i wniesieniu op\u0142aty przewidzianej Cennikiem (dobowej lub rycza\u0142towej za sezon). Zg\u0142oszenie powinno nast\u0105pi\u0107 niezw\u0142ocznie po zacumowaniu lub podczas zawierania umowy \u201erezydenckiej\u201d. W przypadku stwierdzenia przez Bosmana, \u017ce zwierz\u0119 nie zosta\u0142o zg\u0142oszone, DPT PAN ma prawo zastosowania op\u0142aty rycza\u0142towej za sezon (<strong>100 z\u0142<\/strong>).\u00a0 <\/li><li>Posiadane zwierz\u0119ta nie mog\u0105 powodowa\u0107 zagro\u017cenia \u017cycia i zdrowia ludzi oraz nie mog\u0105 zak\u0142\u00f3ca\u0107 spokoju innym u\u017cytkownikom Portu oraz terenu o\u015brodka DTP. <\/li><li>W\u0142a\u015bciciele zwierz\u0105t s\u0105 zobowi\u0105zani do przestrzegania powszechnie obowi\u0105zuj\u0105cych w tym zakresie przepis\u00f3w prawa, w tym sanitarno-epidemiologicznych, a zw\u0142aszcza do niezw\u0142ocznego sprz\u0105tania zanieczyszcze\u0144 spowodowanych na terenie o\u015brodka przez zwierz\u0119ta.<\/li><li>Zabrania si\u0119 puszczania ps\u00f3w bez mo\u017cliwo\u015bci ich kontroli i bez oznakowania umo\u017cliwiaj\u0105cego identyfikacj\u0119 w\u0142a\u015bciciela lub opiekuna \u2013 posiadanie przez psa adresatki jest warunkiem udzielenie zgody na pobyt zwierz\u0119cia w Porcie i o\u015brodku DPT.<\/li><li>W przypadku nie zastosowania si\u0119 w\u0142a\u015bciciela lub opiekuna psa do powy\u017cszych zasad, DPT zastrzega sobie prawo do \u017c\u0105dania natychmiastowego zabrania zwierz\u0119cia z terenu Portu i\u00a0 o\u015brodka DPT.<\/li><li>Organizator Portu mo\u017ce nie wyrazi\u0107 zgody na korzystanie z Portu osobom, kt\u00f3re\u00a0w przesz\u0142o\u015bci dopu\u015bci\u0142y si\u0119 naruszenia postanowie\u0144 Regulaminu lub zasad wsp\u00f3\u0142\u017cycia spo\u0142ecznego, albo gdy istnieje realne ryzyko, \u017ce do tego typu narusze\u0144 mo\u017ce doj\u015b\u0107,\u00a0\u00a0 \u00a0a tak\u017ce zalegaj\u0105 b\u0105d\u017a zalega\u0142y z op\u0142atami na rzecz DPT z jakiegokolwiek tytu\u0142u. Powy\u017csze postanowienia stosuje si\u0119 zar\u00f3wno do os\u00f3b ubiegaj\u0105cych si\u0119 o rezerwacj\u0119 miejsca w Porcie\u00a0 na kolejny sezon lub deklaruj\u0105cych pobyt kr\u00f3tkoterminowy. <\/li><\/ol>\n\n\n\n<p>Tekst Regulaminu jest tak\u017ce dost\u0119pny w Bosmanacie <\/p>\n\n\n\n<p style=\"text-align:right\">Dyrektor DPT Wierzba PAN<\/p>\n","protected":false},"excerpt":{"rendered":"<p>Regulamin Portu WIERZBA i POPIELNO Niniejszy Regulamin obowi\u0105zuje od dnia 01.04.2020r. na terenie Portu w Wierzbie\u00a0\u00a0\u00a0\u00a0\u00a0\u00a0\u00a0\u00a0\u00a0\u00a0\u00a0\u00a0\u00a0\u00a0\u00a0\u00a0\u00a0\u00a0\u00a0\u00a0\u00a0\u00a0\u00a0\u00a0\u00a0\u00a0\u00a0\u00a0 \u00a0i Popielnie (dalej Port) zorganizowanym i prowadzonym przez PAN Dom Pracy Tw\u00f3rczej Wierzba (dalej DPT lub Organizator Portu) i stanowi integraln\u0105 cz\u0119\u015b\u0107 sta\u0142ych um\u00f3w rezydenckich. Ponadto, za zgod\u0105 Organizatora Portu reprezentowanego przez Bosmana, fakt [&hellip;]<\/p>\n","protected":false},"author":2,"featured_media":0,"parent":0,"menu_order":0,"comment_status":"closed","ping_status":"closed","template":"","meta":{"inline_featured_image":false,"footnotes":""},"class_list":["post-530","page","type-page","status-publish","hentry"],"yoast_head":"<!-- This site is optimized with the Yoast SEO plugin v26.6 - https:\/\/yoast.com\/wordpress\/plugins\/seo\/ -->\n<title>REGULAMIN PORTU WIERZBA I POPIELNO - PAN Dom Pracy Tw\u00f3rczej w Wierzbie<\/title>\n<meta name=\"robots\" content=\"index, follow, max-snippet:-1, max-image-preview:large, max-video-preview:-1\" \/>\n<link rel=\"canonical\" href=\"https:\/\/wierzba.pan.pl\/?page_id=530\" \/>\n<meta property=\"og:locale\" content=\"pl_PL\" \/>\n<meta property=\"og:type\" content=\"article\" \/>\n<meta property=\"og:title\" content=\"REGULAMIN PORTU WIERZBA I POPIELNO - PAN Dom Pracy Tw\u00f3rczej w Wierzbie\" \/>\n<meta property=\"og:description\" content=\"Regulamin Portu WIERZBA i POPIELNO Niniejszy Regulamin obowi\u0105zuje od dnia 01.04.2020r. na terenie Portu w Wierzbie\u00a0\u00a0\u00a0\u00a0\u00a0\u00a0\u00a0\u00a0\u00a0\u00a0\u00a0\u00a0\u00a0\u00a0\u00a0\u00a0\u00a0\u00a0\u00a0\u00a0\u00a0\u00a0\u00a0\u00a0\u00a0\u00a0\u00a0\u00a0 \u00a0i Popielnie (dalej Port) zorganizowanym i prowadzonym przez PAN Dom Pracy Tw\u00f3rczej Wierzba (dalej DPT lub Organizator Portu) i stanowi integraln\u0105 cz\u0119\u015b\u0107 sta\u0142ych um\u00f3w rezydenckich. Ponadto, za zgod\u0105 Organizatora Portu reprezentowanego przez Bosmana, fakt [&hellip;]\" \/>\n<meta property=\"og:url\" content=\"https:\/\/wierzba.pan.pl\/?page_id=530\" \/>\n<meta property=\"og:site_name\" content=\"PAN Dom Pracy Tw\u00f3rczej w Wierzbie\" \/>\n<meta property=\"article:modified_time\" content=\"2020-02-18T13:43:19+00:00\" \/>\n<meta name=\"twitter:card\" content=\"summary_large_image\" \/>\n<meta name=\"twitter:label1\" content=\"Szacowany czas czytania\" \/>\n\t<meta name=\"twitter:data1\" content=\"6 minut\" \/>\n<script type=\"application\/ld+json\" class=\"yoast-schema-graph\">{\"@context\":\"https:\/\/schema.org\",\"@graph\":[{\"@type\":\"WebPage\",\"@id\":\"https:\/\/wierzba.pan.pl\/?page_id=530\",\"url\":\"https:\/\/wierzba.pan.pl\/?page_id=530\",\"name\":\"REGULAMIN PORTU WIERZBA I POPIELNO - PAN Dom Pracy Tw\u00f3rczej w Wierzbie\",\"isPartOf\":{\"@id\":\"https:\/\/wierzba.pan.pl\/#website\"},\"datePublished\":\"2019-02-08T08:05:55+00:00\",\"dateModified\":\"2020-02-18T13:43:19+00:00\",\"breadcrumb\":{\"@id\":\"https:\/\/wierzba.pan.pl\/?page_id=530#breadcrumb\"},\"inLanguage\":\"pl-PL\",\"potentialAction\":[{\"@type\":\"ReadAction\",\"target\":[\"https:\/\/wierzba.pan.pl\/?page_id=530\"]}]},{\"@type\":\"BreadcrumbList\",\"@id\":\"https:\/\/wierzba.pan.pl\/?page_id=530#breadcrumb\",\"itemListElement\":[{\"@type\":\"ListItem\",\"position\":1,\"name\":\"Strona g\u0142\u00f3wna\",\"item\":\"https:\/\/wierzba.pan.pl\/\"},{\"@type\":\"ListItem\",\"position\":2,\"name\":\"REGULAMIN PORTU WIERZBA I POPIELNO\"}]},{\"@type\":\"WebSite\",\"@id\":\"https:\/\/wierzba.pan.pl\/#website\",\"url\":\"https:\/\/wierzba.pan.pl\/\",\"name\":\"PAN Dom Pracy Tw\u00f3rczej w Wierzbie\",\"description\":\"Wypoczynek nad jeziorem, w sercu Puszczy Piskiej\",\"potentialAction\":[{\"@type\":\"SearchAction\",\"target\":{\"@type\":\"EntryPoint\",\"urlTemplate\":\"https:\/\/wierzba.pan.pl\/?s={search_term_string}\"},\"query-input\":{\"@type\":\"PropertyValueSpecification\",\"valueRequired\":true,\"valueName\":\"search_term_string\"}}],\"inLanguage\":\"pl-PL\"}]}<\/script>\n<!-- \/ Yoast SEO plugin. -->","yoast_head_json":{"title":"REGULAMIN PORTU WIERZBA I POPIELNO - PAN Dom Pracy Tw\u00f3rczej w Wierzbie","robots":{"index":"index","follow":"follow","max-snippet":"max-snippet:-1","max-image-preview":"max-image-preview:large","max-video-preview":"max-video-preview:-1"},"canonical":"https:\/\/wierzba.pan.pl\/?page_id=530","og_locale":"pl_PL","og_type":"article","og_title":"REGULAMIN PORTU WIERZBA I POPIELNO - PAN Dom Pracy Tw\u00f3rczej w Wierzbie","og_description":"Regulamin Portu WIERZBA i POPIELNO Niniejszy Regulamin obowi\u0105zuje od dnia 01.04.2020r. na terenie Portu w Wierzbie\u00a0\u00a0\u00a0\u00a0\u00a0\u00a0\u00a0\u00a0\u00a0\u00a0\u00a0\u00a0\u00a0\u00a0\u00a0\u00a0\u00a0\u00a0\u00a0\u00a0\u00a0\u00a0\u00a0\u00a0\u00a0\u00a0\u00a0\u00a0 \u00a0i Popielnie (dalej Port) zorganizowanym i prowadzonym przez PAN Dom Pracy Tw\u00f3rczej Wierzba (dalej DPT lub Organizator Portu) i stanowi integraln\u0105 cz\u0119\u015b\u0107 sta\u0142ych um\u00f3w rezydenckich. Ponadto, za zgod\u0105 Organizatora Portu reprezentowanego przez Bosmana, fakt [&hellip;]","og_url":"https:\/\/wierzba.pan.pl\/?page_id=530","og_site_name":"PAN Dom Pracy Tw\u00f3rczej w Wierzbie","article_modified_time":"2020-02-18T13:43:19+00:00","twitter_card":"summary_large_image","twitter_misc":{"Szacowany czas czytania":"6 minut"},"schema":{"@context":"https:\/\/schema.org","@graph":[{"@type":"WebPage","@id":"https:\/\/wierzba.pan.pl\/?page_id=530","url":"https:\/\/wierzba.pan.pl\/?page_id=530","name":"REGULAMIN PORTU WIERZBA I POPIELNO - PAN Dom Pracy Tw\u00f3rczej w Wierzbie","isPartOf":{"@id":"https:\/\/wierzba.pan.pl\/#website"},"datePublished":"2019-02-08T08:05:55+00:00","dateModified":"2020-02-18T13:43:19+00:00","breadcrumb":{"@id":"https:\/\/wierzba.pan.pl\/?page_id=530#breadcrumb"},"inLanguage":"pl-PL","potentialAction":[{"@type":"ReadAction","target":["https:\/\/wierzba.pan.pl\/?page_id=530"]}]},{"@type":"BreadcrumbList","@id":"https:\/\/wierzba.pan.pl\/?page_id=530#breadcrumb","itemListElement":[{"@type":"ListItem","position":1,"name":"Strona g\u0142\u00f3wna","item":"https:\/\/wierzba.pan.pl\/"},{"@type":"ListItem","position":2,"name":"REGULAMIN PORTU WIERZBA I POPIELNO"}]},{"@type":"WebSite","@id":"https:\/\/wierzba.pan.pl\/#website","url":"https:\/\/wierzba.pan.pl\/","name":"PAN Dom Pracy Tw\u00f3rczej w Wierzbie","description":"Wypoczynek nad jeziorem, w sercu Puszczy Piskiej","potentialAction":[{"@type":"SearchAction","target":{"@type":"EntryPoint","urlTemplate":"https:\/\/wierzba.pan.pl\/?s={search_term_string}"},"query-input":{"@type":"PropertyValueSpecification","valueRequired":true,"valueName":"search_term_string"}}],"inLanguage":"pl-PL"}]}},"_links":{"self":[{"href":"https:\/\/wierzba.pan.pl\/index.php?rest_route=\/wp\/v2\/pages\/530","targetHints":{"allow":["GET"]}}],"collection":[{"href":"https:\/\/wierzba.pan.pl\/index.php?rest_route=\/wp\/v2\/pages"}],"about":[{"href":"https:\/\/wierzba.pan.pl\/index.php?rest_route=\/wp\/v2\/types\/page"}],"author":[{"embeddable":true,"href":"https:\/\/wierzba.pan.pl\/index.php?rest_route=\/wp\/v2\/users\/2"}],"replies":[{"embeddable":true,"href":"https:\/\/wierzba.pan.pl\/index.php?rest_route=%2Fwp%2Fv2%2Fcomments&post=530"}],"version-history":[{"count":2,"href":"https:\/\/wierzba.pan.pl\/index.php?rest_route=\/wp\/v2\/pages\/530\/revisions"}],"predecessor-version":[{"id":2008,"href":"https:\/\/wierzba.pan.pl\/index.php?rest_route=\/wp\/v2\/pages\/530\/revisions\/2008"}],"wp:attachment":[{"href":"https:\/\/wierzba.pan.pl\/index.php?rest_route=%2Fwp%2Fv2%2Fmedia&parent=530"}],"curies":[{"name":"wp","href":"https:\/\/api.w.org\/{rel}","templated":true}]}}