{"id":5372,"date":"2025-11-26T12:36:08","date_gmt":"2025-11-26T11:36:08","guid":{"rendered":"https:\/\/wierzba.pan.pl\/?page_id=5372"},"modified":"2025-11-26T12:36:20","modified_gmt":"2025-11-26T11:36:20","slug":"voucher-podarunkowy","status":"publish","type":"page","link":"https:\/\/wierzba.pan.pl\/?page_id=5372","title":{"rendered":"Voucher podarunkowy"},"content":{"rendered":"\n<figure class=\"wp-block-image size-full\"><img loading=\"lazy\" decoding=\"async\" width=\"1536\" height=\"864\" src=\"https:\/\/wierzba.pan.pl\/wp-content\/uploads\/2025\/11\/Voucher-zdjecie-na-strone-edited-1.png\" alt=\"\" class=\"wp-image-5373\" srcset=\"https:\/\/wierzba.pan.pl\/wp-content\/uploads\/2025\/11\/Voucher-zdjecie-na-strone-edited-1.png 1536w, https:\/\/wierzba.pan.pl\/wp-content\/uploads\/2025\/11\/Voucher-zdjecie-na-strone-edited-1-300x169.png 300w, https:\/\/wierzba.pan.pl\/wp-content\/uploads\/2025\/11\/Voucher-zdjecie-na-strone-edited-1-1024x576.png 1024w, https:\/\/wierzba.pan.pl\/wp-content\/uploads\/2025\/11\/Voucher-zdjecie-na-strone-edited-1-150x84.png 150w, https:\/\/wierzba.pan.pl\/wp-content\/uploads\/2025\/11\/Voucher-zdjecie-na-strone-edited-1-768x432.png 768w, https:\/\/wierzba.pan.pl\/wp-content\/uploads\/2025\/11\/Voucher-zdjecie-na-strone-edited-1-24x14.png 24w, https:\/\/wierzba.pan.pl\/wp-content\/uploads\/2025\/11\/Voucher-zdjecie-na-strone-edited-1-36x20.png 36w, https:\/\/wierzba.pan.pl\/wp-content\/uploads\/2025\/11\/Voucher-zdjecie-na-strone-edited-1-48x27.png 48w\" sizes=\"auto, (max-width: 1536px) 100vw, 1536px\" \/><\/figure>\n\n\n\n<p>Podaruj bliskim to, co naprawd\u0119 cenne \u2014 czas na odpoczynek, spok\u00f3j i przyjemne chwile. Nasz voucher kwotowy to uniwersalny prezent, kt\u00f3ry pozwala obdarowanej osobie samodzielnie zdecydowa\u0107, jak chce wykorzysta\u0107 pobyt w naszym o\u015brodku.<\/p>\n\n\n\n<p>Warunki korzystania:<\/p>\n\n\n\n<ul class=\"wp-block-list\">\n<li>Voucher ma charakter <strong>kwotowy<\/strong> i mo\u017ce zosta\u0107 wykorzystany na us\u0142ugi hotelowe oraz gastronomiczne w naszym o\u015brodku (z wy\u0142\u0105czeniem alkoholu).<\/li>\n\n\n\n<li>Voucher mo\u017cna realizowa\u0107 <strong>jednorazowo<\/strong><\/li>\n\n\n\n<li>Niewykorzystana kwota <strong>nie podlega wymianie na got\u00f3wk\u0119<\/strong>.<\/li>\n\n\n\n<li>Voucher jest <strong>wa\u017cny przez 12 miesi\u0119cy<\/strong> od daty zakupu.<\/li>\n\n\n\n<li>Aby skorzysta\u0107 z vouchera, prosimy o <strong>wcze\u015bniejsz\u0105 rezerwacj\u0119<\/strong> i poinformowanie o ch\u0119ci jego wykorzystania.<\/li>\n\n\n\n<li>Voucher mo\u017ce zosta\u0107 wykorzystany w dowolnym terminie, <strong>w miar\u0119 dost\u0119pno\u015bci miejsc<\/strong>.<\/li>\n\n\n\n<li>Ka\u017cdy voucher posiada <strong>indywidualny numer<\/strong><\/li>\n<\/ul>\n","protected":false},"excerpt":{"rendered":"<p>Podaruj bliskim to, co naprawd\u0119 cenne \u2014 czas na odpoczynek, spok\u00f3j i przyjemne chwile. Nasz voucher kwotowy to uniwersalny prezent, kt\u00f3ry pozwala obdarowanej osobie samodzielnie zdecydowa\u0107, jak chce wykorzysta\u0107 pobyt w naszym o\u015brodku. Warunki korzystania:<\/p>\n","protected":false},"author":2,"featured_media":0,"parent":0,"menu_order":0,"comment_status":"closed","ping_status":"closed","template":"","meta":{"inline_featured_image":false,"footnotes":""},"class_list":["post-5372","page","type-page","status-publish","hentry"],"yoast_head":"<!-- This site is optimized with the Yoast SEO plugin v26.6 - https:\/\/yoast.com\/wordpress\/plugins\/seo\/ -->\n<title>Voucher podarunkowy - PAN Dom Pracy Tw\u00f3rczej w Wierzbie<\/title>\n<meta name=\"robots\" content=\"index, follow, max-snippet:-1, max-image-preview:large, max-video-preview:-1\" \/>\n<link rel=\"canonical\" href=\"https:\/\/wierzba.pan.pl\/?page_id=5372\" \/>\n<meta property=\"og:locale\" content=\"pl_PL\" \/>\n<meta property=\"og:type\" content=\"article\" \/>\n<meta property=\"og:title\" content=\"Voucher podarunkowy - PAN Dom Pracy Tw\u00f3rczej w Wierzbie\" \/>\n<meta property=\"og:description\" content=\"Podaruj bliskim to, co naprawd\u0119 cenne \u2014 czas na odpoczynek, spok\u00f3j i przyjemne chwile. Nasz voucher kwotowy to uniwersalny prezent, kt\u00f3ry pozwala obdarowanej osobie samodzielnie zdecydowa\u0107, jak chce wykorzysta\u0107 pobyt w naszym o\u015brodku. Warunki korzystania:\" \/>\n<meta property=\"og:url\" content=\"https:\/\/wierzba.pan.pl\/?page_id=5372\" \/>\n<meta property=\"og:site_name\" content=\"PAN Dom Pracy Tw\u00f3rczej w Wierzbie\" \/>\n<meta property=\"article:modified_time\" content=\"2025-11-26T11:36:20+00:00\" \/>\n<meta property=\"og:image\" content=\"https:\/\/wierzba.pan.pl\/wp-content\/uploads\/2025\/11\/Voucher-zdjecie-na-strone-edited-1-1024x576.png\" \/>\n\t<meta property=\"og:image:width\" content=\"1024\" \/>\n\t<meta property=\"og:image:height\" content=\"576\" \/>\n\t<meta property=\"og:image:type\" content=\"image\/png\" \/>\n<meta name=\"twitter:card\" content=\"summary_large_image\" \/>\n<meta name=\"twitter:label1\" content=\"Szacowany czas czytania\" \/>\n\t<meta name=\"twitter:data1\" content=\"1 minuta\" \/>\n<script type=\"application\/ld+json\" class=\"yoast-schema-graph\">{\"@context\":\"https:\/\/schema.org\",\"@graph\":[{\"@type\":\"WebPage\",\"@id\":\"https:\/\/wierzba.pan.pl\/?page_id=5372\",\"url\":\"https:\/\/wierzba.pan.pl\/?page_id=5372\",\"name\":\"Voucher podarunkowy - PAN Dom Pracy Tw\u00f3rczej w Wierzbie\",\"isPartOf\":{\"@id\":\"https:\/\/wierzba.pan.pl\/#website\"},\"primaryImageOfPage\":{\"@id\":\"https:\/\/wierzba.pan.pl\/?page_id=5372#primaryimage\"},\"image\":{\"@id\":\"https:\/\/wierzba.pan.pl\/?page_id=5372#primaryimage\"},\"thumbnailUrl\":\"https:\/\/wierzba.pan.pl\/wp-content\/uploads\/2025\/11\/Voucher-zdjecie-na-strone-edited-1.png\",\"datePublished\":\"2025-11-26T11:36:08+00:00\",\"dateModified\":\"2025-11-26T11:36:20+00:00\",\"breadcrumb\":{\"@id\":\"https:\/\/wierzba.pan.pl\/?page_id=5372#breadcrumb\"},\"inLanguage\":\"pl-PL\",\"potentialAction\":[{\"@type\":\"ReadAction\",\"target\":[\"https:\/\/wierzba.pan.pl\/?page_id=5372\"]}]},{\"@type\":\"ImageObject\",\"inLanguage\":\"pl-PL\",\"@id\":\"https:\/\/wierzba.pan.pl\/?page_id=5372#primaryimage\",\"url\":\"https:\/\/wierzba.pan.pl\/wp-content\/uploads\/2025\/11\/Voucher-zdjecie-na-strone-edited-1.png\",\"contentUrl\":\"https:\/\/wierzba.pan.pl\/wp-content\/uploads\/2025\/11\/Voucher-zdjecie-na-strone-edited-1.png\",\"width\":1536,\"height\":864},{\"@type\":\"BreadcrumbList\",\"@id\":\"https:\/\/wierzba.pan.pl\/?page_id=5372#breadcrumb\",\"itemListElement\":[{\"@type\":\"ListItem\",\"position\":1,\"name\":\"Strona g\u0142\u00f3wna\",\"item\":\"https:\/\/wierzba.pan.pl\/\"},{\"@type\":\"ListItem\",\"position\":2,\"name\":\"Voucher podarunkowy\"}]},{\"@type\":\"WebSite\",\"@id\":\"https:\/\/wierzba.pan.pl\/#website\",\"url\":\"https:\/\/wierzba.pan.pl\/\",\"name\":\"PAN Dom Pracy Tw\u00f3rczej w Wierzbie\",\"description\":\"Wypoczynek nad jeziorem, w sercu Puszczy Piskiej\",\"potentialAction\":[{\"@type\":\"SearchAction\",\"target\":{\"@type\":\"EntryPoint\",\"urlTemplate\":\"https:\/\/wierzba.pan.pl\/?s={search_term_string}\"},\"query-input\":{\"@type\":\"PropertyValueSpecification\",\"valueRequired\":true,\"valueName\":\"search_term_string\"}}],\"inLanguage\":\"pl-PL\"}]}<\/script>\n<!-- \/ Yoast SEO plugin. -->","yoast_head_json":{"title":"Voucher podarunkowy - PAN Dom Pracy Tw\u00f3rczej w Wierzbie","robots":{"index":"index","follow":"follow","max-snippet":"max-snippet:-1","max-image-preview":"max-image-preview:large","max-video-preview":"max-video-preview:-1"},"canonical":"https:\/\/wierzba.pan.pl\/?page_id=5372","og_locale":"pl_PL","og_type":"article","og_title":"Voucher podarunkowy - PAN Dom Pracy Tw\u00f3rczej w Wierzbie","og_description":"Podaruj bliskim to, co naprawd\u0119 cenne \u2014 czas na odpoczynek, spok\u00f3j i przyjemne chwile. Nasz voucher kwotowy to uniwersalny prezent, kt\u00f3ry pozwala obdarowanej osobie samodzielnie zdecydowa\u0107, jak chce wykorzysta\u0107 pobyt w naszym o\u015brodku. Warunki korzystania:","og_url":"https:\/\/wierzba.pan.pl\/?page_id=5372","og_site_name":"PAN Dom Pracy Tw\u00f3rczej w Wierzbie","article_modified_time":"2025-11-26T11:36:20+00:00","og_image":[{"width":1024,"height":576,"url":"https:\/\/wierzba.pan.pl\/wp-content\/uploads\/2025\/11\/Voucher-zdjecie-na-strone-edited-1-1024x576.png","type":"image\/png"}],"twitter_card":"summary_large_image","twitter_misc":{"Szacowany czas czytania":"1 minuta"},"schema":{"@context":"https:\/\/schema.org","@graph":[{"@type":"WebPage","@id":"https:\/\/wierzba.pan.pl\/?page_id=5372","url":"https:\/\/wierzba.pan.pl\/?page_id=5372","name":"Voucher podarunkowy - PAN Dom Pracy Tw\u00f3rczej w Wierzbie","isPartOf":{"@id":"https:\/\/wierzba.pan.pl\/#website"},"primaryImageOfPage":{"@id":"https:\/\/wierzba.pan.pl\/?page_id=5372#primaryimage"},"image":{"@id":"https:\/\/wierzba.pan.pl\/?page_id=5372#primaryimage"},"thumbnailUrl":"https:\/\/wierzba.pan.pl\/wp-content\/uploads\/2025\/11\/Voucher-zdjecie-na-strone-edited-1.png","datePublished":"2025-11-26T11:36:08+00:00","dateModified":"2025-11-26T11:36:20+00:00","breadcrumb":{"@id":"https:\/\/wierzba.pan.pl\/?page_id=5372#breadcrumb"},"inLanguage":"pl-PL","potentialAction":[{"@type":"ReadAction","target":["https:\/\/wierzba.pan.pl\/?page_id=5372"]}]},{"@type":"ImageObject","inLanguage":"pl-PL","@id":"https:\/\/wierzba.pan.pl\/?page_id=5372#primaryimage","url":"https:\/\/wierzba.pan.pl\/wp-content\/uploads\/2025\/11\/Voucher-zdjecie-na-strone-edited-1.png","contentUrl":"https:\/\/wierzba.pan.pl\/wp-content\/uploads\/2025\/11\/Voucher-zdjecie-na-strone-edited-1.png","width":1536,"height":864},{"@type":"BreadcrumbList","@id":"https:\/\/wierzba.pan.pl\/?page_id=5372#breadcrumb","itemListElement":[{"@type":"ListItem","position":1,"name":"Strona g\u0142\u00f3wna","item":"https:\/\/wierzba.pan.pl\/"},{"@type":"ListItem","position":2,"name":"Voucher podarunkowy"}]},{"@type":"WebSite","@id":"https:\/\/wierzba.pan.pl\/#website","url":"https:\/\/wierzba.pan.pl\/","name":"PAN Dom Pracy Tw\u00f3rczej w Wierzbie","description":"Wypoczynek nad jeziorem, w sercu Puszczy Piskiej","potentialAction":[{"@type":"SearchAction","target":{"@type":"EntryPoint","urlTemplate":"https:\/\/wierzba.pan.pl\/?s={search_term_string}"},"query-input":{"@type":"PropertyValueSpecification","valueRequired":true,"valueName":"search_term_string"}}],"inLanguage":"pl-PL"}]}},"_links":{"self":[{"href":"https:\/\/wierzba.pan.pl\/index.php?rest_route=\/wp\/v2\/pages\/5372","targetHints":{"allow":["GET"]}}],"collection":[{"href":"https:\/\/wierzba.pan.pl\/index.php?rest_route=\/wp\/v2\/pages"}],"about":[{"href":"https:\/\/wierzba.pan.pl\/index.php?rest_route=\/wp\/v2\/types\/page"}],"author":[{"embeddable":true,"href":"https:\/\/wierzba.pan.pl\/index.php?rest_route=\/wp\/v2\/users\/2"}],"replies":[{"embeddable":true,"href":"https:\/\/wierzba.pan.pl\/index.php?rest_route=%2Fwp%2Fv2%2Fcomments&post=5372"}],"version-history":[{"count":1,"href":"https:\/\/wierzba.pan.pl\/index.php?rest_route=\/wp\/v2\/pages\/5372\/revisions"}],"predecessor-version":[{"id":5374,"href":"https:\/\/wierzba.pan.pl\/index.php?rest_route=\/wp\/v2\/pages\/5372\/revisions\/5374"}],"wp:attachment":[{"href":"https:\/\/wierzba.pan.pl\/index.php?rest_route=%2Fwp%2Fv2%2Fmedia&parent=5372"}],"curies":[{"name":"wp","href":"https:\/\/api.w.org\/{rel}","templated":true}]}}