{"id":5522,"date":"2026-01-05T13:24:01","date_gmt":"2026-01-05T12:24:01","guid":{"rendered":"https:\/\/wierzba.pan.pl\/?page_id=5522"},"modified":"2026-01-05T13:24:03","modified_gmt":"2026-01-05T12:24:03","slug":"wyjazdy-edukacyjne-dla-dzieci","status":"publish","type":"page","link":"https:\/\/wierzba.pan.pl\/?page_id=5522","title":{"rendered":"Wyjazdy edukacyjne dla dzieci"},"content":{"rendered":"\n<figure class=\"wp-block-image size-large\"><img loading=\"lazy\" decoding=\"async\" width=\"1414\" height=\"795\" src=\"https:\/\/wierzba.pan.pl\/wp-content\/uploads\/2026\/01\/dzieci-na-strone-edited-1.jpg\" alt=\"\" class=\"wp-image-5523\" srcset=\"https:\/\/wierzba.pan.pl\/wp-content\/uploads\/2026\/01\/dzieci-na-strone-edited-1.jpg 1414w, https:\/\/wierzba.pan.pl\/wp-content\/uploads\/2026\/01\/dzieci-na-strone-edited-1-300x169.jpg 300w, https:\/\/wierzba.pan.pl\/wp-content\/uploads\/2026\/01\/dzieci-na-strone-edited-1-1024x576.jpg 1024w, https:\/\/wierzba.pan.pl\/wp-content\/uploads\/2026\/01\/dzieci-na-strone-edited-1-150x84.jpg 150w, https:\/\/wierzba.pan.pl\/wp-content\/uploads\/2026\/01\/dzieci-na-strone-edited-1-768x432.jpg 768w, https:\/\/wierzba.pan.pl\/wp-content\/uploads\/2026\/01\/dzieci-na-strone-edited-1-24x13.jpg 24w, https:\/\/wierzba.pan.pl\/wp-content\/uploads\/2026\/01\/dzieci-na-strone-edited-1-36x20.jpg 36w, https:\/\/wierzba.pan.pl\/wp-content\/uploads\/2026\/01\/dzieci-na-strone-edited-1-48x27.jpg 48w\" sizes=\"auto, (max-width: 1414px) 100vw, 1414px\" \/><\/figure>\n\n\n\n<p>Polska Akademia Nauk Dom Pracy Tw\u00f3rczej w Wierzbie to bezpieczne miejsce dla dzieci i m\u0142odzie\u017cy. Po\u0142o\u017cone nad jeziorem Be\u0142dany, na 8-hektarowym terenie w otoczeniu Puszczy Piskiej i Rezerwatu Konika Polskiego. <\/p>\n\n\n\n<h2 class=\"wp-block-heading\">Oferta first minute 165z\u0142\/os.*<\/h2>\n\n\n\n<p>*Rezerwacja na min. 3 noclegi. Oferta obowi\u0105zuje od wrze\u015bnia do maja. <\/p>\n\n\n\n<h2 class=\"wp-block-heading\">Noclegi i wy\u017cywienie<\/h2>\n\n\n\n<ul class=\"wp-block-list\">\n<li>53 pokoje &#8211; do 147 miejsc noclegowych,<\/li>\n\n\n\n<li>pe\u0142ne wy\u017cywienie z uwzgl\u0119dnieniem diet.<\/li>\n<\/ul>\n\n\n\n<h2 class=\"wp-block-heading\">Integracja i przyroda:<\/h2>\n\n\n\n<ul class=\"wp-block-list\">\n<li>miejsce na ognisko,<\/li>\n\n\n\n<li>sale do zaj\u0119\u0107 i warsztat\u00f3w,<\/li>\n\n\n\n<li>liczne szlaki piesze i rowerowe,<\/li>\n\n\n\n<li>s\u0105siedztwo rezerwatu dzikich koni. <\/li>\n<\/ul>\n\n\n\n<h2 class=\"wp-block-heading\">Aktywno\u015b\u0107 i rekreacja<\/h2>\n\n\n\n<ul class=\"wp-block-list\">\n<li>sprz\u0119t sportowy:  rower\u00f3w, kijki do nordic walking, 4 kajaki, 3 deski sup<\/li>\n\n\n\n<li>pla\u017ca i boisko do siatk\u00f3wki pla\u017cowej<\/li>\n\n\n\n<li>bilard, pi\u0142karzyki, ping-pong, badminton.<\/li>\n<\/ul>\n","protected":false},"excerpt":{"rendered":"<p>Polska Akademia Nauk Dom Pracy Tw\u00f3rczej w Wierzbie to bezpieczne miejsce dla dzieci i m\u0142odzie\u017cy. Po\u0142o\u017cone nad jeziorem Be\u0142dany, na 8-hektarowym terenie w otoczeniu Puszczy Piskiej i Rezerwatu Konika Polskiego. Oferta first minute 165z\u0142\/os.* *Rezerwacja na min. 3 noclegi. Oferta obowi\u0105zuje od wrze\u015bnia do maja. Noclegi i wy\u017cywienie Integracja i [&hellip;]<\/p>\n","protected":false},"author":2,"featured_media":0,"parent":0,"menu_order":0,"comment_status":"closed","ping_status":"closed","template":"","meta":{"inline_featured_image":false,"footnotes":""},"class_list":["post-5522","page","type-page","status-publish","hentry"],"yoast_head":"<!-- This site is optimized with the Yoast SEO plugin v26.6 - https:\/\/yoast.com\/wordpress\/plugins\/seo\/ -->\n<title>Wyjazdy edukacyjne dla dzieci - PAN Dom Pracy Tw\u00f3rczej w Wierzbie<\/title>\n<meta name=\"robots\" content=\"index, follow, max-snippet:-1, max-image-preview:large, max-video-preview:-1\" \/>\n<link rel=\"canonical\" href=\"https:\/\/wierzba.pan.pl\/?page_id=5522\" \/>\n<meta property=\"og:locale\" content=\"pl_PL\" \/>\n<meta property=\"og:type\" content=\"article\" \/>\n<meta property=\"og:title\" content=\"Wyjazdy edukacyjne dla dzieci - PAN Dom Pracy Tw\u00f3rczej w Wierzbie\" \/>\n<meta property=\"og:description\" content=\"Polska Akademia Nauk Dom Pracy Tw\u00f3rczej w Wierzbie to bezpieczne miejsce dla dzieci i m\u0142odzie\u017cy. Po\u0142o\u017cone nad jeziorem Be\u0142dany, na 8-hektarowym terenie w otoczeniu Puszczy Piskiej i Rezerwatu Konika Polskiego. Oferta first minute 165z\u0142\/os.* *Rezerwacja na min. 3 noclegi. Oferta obowi\u0105zuje od wrze\u015bnia do maja. Noclegi i wy\u017cywienie Integracja i [&hellip;]\" \/>\n<meta property=\"og:url\" content=\"https:\/\/wierzba.pan.pl\/?page_id=5522\" \/>\n<meta property=\"og:site_name\" content=\"PAN Dom Pracy Tw\u00f3rczej w Wierzbie\" \/>\n<meta property=\"article:modified_time\" content=\"2026-01-05T12:24:03+00:00\" \/>\n<meta property=\"og:image\" content=\"https:\/\/wierzba.pan.pl\/wp-content\/uploads\/2026\/01\/dzieci-na-strone-edited-1.jpg\" \/>\n\t<meta property=\"og:image:width\" content=\"1414\" \/>\n\t<meta property=\"og:image:height\" content=\"795\" \/>\n\t<meta property=\"og:image:type\" content=\"image\/jpeg\" \/>\n<meta name=\"twitter:card\" content=\"summary_large_image\" \/>\n<meta name=\"twitter:label1\" content=\"Szacowany czas czytania\" \/>\n\t<meta name=\"twitter:data1\" content=\"1 minuta\" \/>\n<script type=\"application\/ld+json\" class=\"yoast-schema-graph\">{\"@context\":\"https:\/\/schema.org\",\"@graph\":[{\"@type\":\"WebPage\",\"@id\":\"https:\/\/wierzba.pan.pl\/?page_id=5522\",\"url\":\"https:\/\/wierzba.pan.pl\/?page_id=5522\",\"name\":\"Wyjazdy edukacyjne dla dzieci - PAN Dom Pracy Tw\u00f3rczej w Wierzbie\",\"isPartOf\":{\"@id\":\"https:\/\/wierzba.pan.pl\/#website\"},\"primaryImageOfPage\":{\"@id\":\"https:\/\/wierzba.pan.pl\/?page_id=5522#primaryimage\"},\"image\":{\"@id\":\"https:\/\/wierzba.pan.pl\/?page_id=5522#primaryimage\"},\"thumbnailUrl\":\"https:\/\/wierzba.pan.pl\/wp-content\/uploads\/2026\/01\/dzieci-na-strone-edited-1.jpg\",\"datePublished\":\"2026-01-05T12:24:01+00:00\",\"dateModified\":\"2026-01-05T12:24:03+00:00\",\"breadcrumb\":{\"@id\":\"https:\/\/wierzba.pan.pl\/?page_id=5522#breadcrumb\"},\"inLanguage\":\"pl-PL\",\"potentialAction\":[{\"@type\":\"ReadAction\",\"target\":[\"https:\/\/wierzba.pan.pl\/?page_id=5522\"]}]},{\"@type\":\"ImageObject\",\"inLanguage\":\"pl-PL\",\"@id\":\"https:\/\/wierzba.pan.pl\/?page_id=5522#primaryimage\",\"url\":\"https:\/\/wierzba.pan.pl\/wp-content\/uploads\/2026\/01\/dzieci-na-strone-edited-1.jpg\",\"contentUrl\":\"https:\/\/wierzba.pan.pl\/wp-content\/uploads\/2026\/01\/dzieci-na-strone-edited-1.jpg\",\"width\":1414,\"height\":795},{\"@type\":\"BreadcrumbList\",\"@id\":\"https:\/\/wierzba.pan.pl\/?page_id=5522#breadcrumb\",\"itemListElement\":[{\"@type\":\"ListItem\",\"position\":1,\"name\":\"Strona g\u0142\u00f3wna\",\"item\":\"https:\/\/wierzba.pan.pl\/\"},{\"@type\":\"ListItem\",\"position\":2,\"name\":\"Wyjazdy edukacyjne dla dzieci\"}]},{\"@type\":\"WebSite\",\"@id\":\"https:\/\/wierzba.pan.pl\/#website\",\"url\":\"https:\/\/wierzba.pan.pl\/\",\"name\":\"PAN Dom Pracy Tw\u00f3rczej w Wierzbie\",\"description\":\"Wypoczynek nad jeziorem, w sercu Puszczy Piskiej\",\"potentialAction\":[{\"@type\":\"SearchAction\",\"target\":{\"@type\":\"EntryPoint\",\"urlTemplate\":\"https:\/\/wierzba.pan.pl\/?s={search_term_string}\"},\"query-input\":{\"@type\":\"PropertyValueSpecification\",\"valueRequired\":true,\"valueName\":\"search_term_string\"}}],\"inLanguage\":\"pl-PL\"}]}<\/script>\n<!-- \/ Yoast SEO plugin. -->","yoast_head_json":{"title":"Wyjazdy edukacyjne dla dzieci - PAN Dom Pracy Tw\u00f3rczej w Wierzbie","robots":{"index":"index","follow":"follow","max-snippet":"max-snippet:-1","max-image-preview":"max-image-preview:large","max-video-preview":"max-video-preview:-1"},"canonical":"https:\/\/wierzba.pan.pl\/?page_id=5522","og_locale":"pl_PL","og_type":"article","og_title":"Wyjazdy edukacyjne dla dzieci - PAN Dom Pracy Tw\u00f3rczej w Wierzbie","og_description":"Polska Akademia Nauk Dom Pracy Tw\u00f3rczej w Wierzbie to bezpieczne miejsce dla dzieci i m\u0142odzie\u017cy. Po\u0142o\u017cone nad jeziorem Be\u0142dany, na 8-hektarowym terenie w otoczeniu Puszczy Piskiej i Rezerwatu Konika Polskiego. Oferta first minute 165z\u0142\/os.* *Rezerwacja na min. 3 noclegi. Oferta obowi\u0105zuje od wrze\u015bnia do maja. Noclegi i wy\u017cywienie Integracja i [&hellip;]","og_url":"https:\/\/wierzba.pan.pl\/?page_id=5522","og_site_name":"PAN Dom Pracy Tw\u00f3rczej w Wierzbie","article_modified_time":"2026-01-05T12:24:03+00:00","og_image":[{"width":1414,"height":795,"url":"https:\/\/wierzba.pan.pl\/wp-content\/uploads\/2026\/01\/dzieci-na-strone-edited-1.jpg","type":"image\/jpeg"}],"twitter_card":"summary_large_image","twitter_misc":{"Szacowany czas czytania":"1 minuta"},"schema":{"@context":"https:\/\/schema.org","@graph":[{"@type":"WebPage","@id":"https:\/\/wierzba.pan.pl\/?page_id=5522","url":"https:\/\/wierzba.pan.pl\/?page_id=5522","name":"Wyjazdy edukacyjne dla dzieci - PAN Dom Pracy Tw\u00f3rczej w Wierzbie","isPartOf":{"@id":"https:\/\/wierzba.pan.pl\/#website"},"primaryImageOfPage":{"@id":"https:\/\/wierzba.pan.pl\/?page_id=5522#primaryimage"},"image":{"@id":"https:\/\/wierzba.pan.pl\/?page_id=5522#primaryimage"},"thumbnailUrl":"https:\/\/wierzba.pan.pl\/wp-content\/uploads\/2026\/01\/dzieci-na-strone-edited-1.jpg","datePublished":"2026-01-05T12:24:01+00:00","dateModified":"2026-01-05T12:24:03+00:00","breadcrumb":{"@id":"https:\/\/wierzba.pan.pl\/?page_id=5522#breadcrumb"},"inLanguage":"pl-PL","potentialAction":[{"@type":"ReadAction","target":["https:\/\/wierzba.pan.pl\/?page_id=5522"]}]},{"@type":"ImageObject","inLanguage":"pl-PL","@id":"https:\/\/wierzba.pan.pl\/?page_id=5522#primaryimage","url":"https:\/\/wierzba.pan.pl\/wp-content\/uploads\/2026\/01\/dzieci-na-strone-edited-1.jpg","contentUrl":"https:\/\/wierzba.pan.pl\/wp-content\/uploads\/2026\/01\/dzieci-na-strone-edited-1.jpg","width":1414,"height":795},{"@type":"BreadcrumbList","@id":"https:\/\/wierzba.pan.pl\/?page_id=5522#breadcrumb","itemListElement":[{"@type":"ListItem","position":1,"name":"Strona g\u0142\u00f3wna","item":"https:\/\/wierzba.pan.pl\/"},{"@type":"ListItem","position":2,"name":"Wyjazdy edukacyjne dla dzieci"}]},{"@type":"WebSite","@id":"https:\/\/wierzba.pan.pl\/#website","url":"https:\/\/wierzba.pan.pl\/","name":"PAN Dom Pracy Tw\u00f3rczej w Wierzbie","description":"Wypoczynek nad jeziorem, w sercu Puszczy Piskiej","potentialAction":[{"@type":"SearchAction","target":{"@type":"EntryPoint","urlTemplate":"https:\/\/wierzba.pan.pl\/?s={search_term_string}"},"query-input":{"@type":"PropertyValueSpecification","valueRequired":true,"valueName":"search_term_string"}}],"inLanguage":"pl-PL"}]}},"_links":{"self":[{"href":"https:\/\/wierzba.pan.pl\/index.php?rest_route=\/wp\/v2\/pages\/5522","targetHints":{"allow":["GET"]}}],"collection":[{"href":"https:\/\/wierzba.pan.pl\/index.php?rest_route=\/wp\/v2\/pages"}],"about":[{"href":"https:\/\/wierzba.pan.pl\/index.php?rest_route=\/wp\/v2\/types\/page"}],"author":[{"embeddable":true,"href":"https:\/\/wierzba.pan.pl\/index.php?rest_route=\/wp\/v2\/users\/2"}],"replies":[{"embeddable":true,"href":"https:\/\/wierzba.pan.pl\/index.php?rest_route=%2Fwp%2Fv2%2Fcomments&post=5522"}],"version-history":[{"count":1,"href":"https:\/\/wierzba.pan.pl\/index.php?rest_route=\/wp\/v2\/pages\/5522\/revisions"}],"predecessor-version":[{"id":5524,"href":"https:\/\/wierzba.pan.pl\/index.php?rest_route=\/wp\/v2\/pages\/5522\/revisions\/5524"}],"wp:attachment":[{"href":"https:\/\/wierzba.pan.pl\/index.php?rest_route=%2Fwp%2Fv2%2Fmedia&parent=5522"}],"curies":[{"name":"wp","href":"https:\/\/api.w.org\/{rel}","templated":true}]}}