{"id":5526,"date":"2026-01-05T13:39:22","date_gmt":"2026-01-05T12:39:22","guid":{"rendered":"https:\/\/wierzba.pan.pl\/?page_id=5526"},"modified":"2026-01-05T13:39:24","modified_gmt":"2026-01-05T12:39:24","slug":"jednodniowe-wycieczki-edukacyjne","status":"publish","type":"page","link":"https:\/\/wierzba.pan.pl\/?page_id=5526","title":{"rendered":"Jednodniowe wycieczki edukacyjne"},"content":{"rendered":"\n<figure class=\"wp-block-image size-large\"><img loading=\"lazy\" decoding=\"async\" width=\"2000\" height=\"1125\" src=\"https:\/\/wierzba.pan.pl\/wp-content\/uploads\/2026\/01\/dzieci-na-strone-wyczeczka-jednodniowa-edited.jpg\" alt=\"\" class=\"wp-image-5528\" srcset=\"https:\/\/wierzba.pan.pl\/wp-content\/uploads\/2026\/01\/dzieci-na-strone-wyczeczka-jednodniowa-edited.jpg 2000w, https:\/\/wierzba.pan.pl\/wp-content\/uploads\/2026\/01\/dzieci-na-strone-wyczeczka-jednodniowa-edited-300x169.jpg 300w, https:\/\/wierzba.pan.pl\/wp-content\/uploads\/2026\/01\/dzieci-na-strone-wyczeczka-jednodniowa-edited-1024x576.jpg 1024w, https:\/\/wierzba.pan.pl\/wp-content\/uploads\/2026\/01\/dzieci-na-strone-wyczeczka-jednodniowa-edited-150x84.jpg 150w, https:\/\/wierzba.pan.pl\/wp-content\/uploads\/2026\/01\/dzieci-na-strone-wyczeczka-jednodniowa-edited-768x432.jpg 768w, https:\/\/wierzba.pan.pl\/wp-content\/uploads\/2026\/01\/dzieci-na-strone-wyczeczka-jednodniowa-edited-1536x864.jpg 1536w, https:\/\/wierzba.pan.pl\/wp-content\/uploads\/2026\/01\/dzieci-na-strone-wyczeczka-jednodniowa-edited-24x14.jpg 24w, https:\/\/wierzba.pan.pl\/wp-content\/uploads\/2026\/01\/dzieci-na-strone-wyczeczka-jednodniowa-edited-36x20.jpg 36w, https:\/\/wierzba.pan.pl\/wp-content\/uploads\/2026\/01\/dzieci-na-strone-wyczeczka-jednodniowa-edited-48x27.jpg 48w\" sizes=\"auto, (max-width: 2000px) 100vw, 2000px\" \/><\/figure>\n\n\n\n<h2 class=\"wp-block-heading\">Jednodniowa wycieczka*, kt\u00f3ra \u0142\u0105czy kontakt z natur\u0105, edukacj\u0119 oraz integracj\u0119.<\/h2>\n\n\n\n<p>*z mo\u017cliwo\u015bci\u0105 rozszerzenia do 2 dni<\/p>\n\n\n\n<p>W programie:<\/p>\n\n\n\n<ul class=\"wp-block-list\">\n<li>spacer edukacyjny po Rezerwacie Konika Polskiego w Popielnie<\/li>\n\n\n\n<li>obserwacja konik\u00f3w w ich naturalnym \u015brodowisku,<\/li>\n\n\n\n<li>wizyta w Stacji Badawczej Polskiej Akademii Nauk w Popielnie<\/li>\n\n\n\n<li>ciekawe opowie\u015bci o przyrodzie, ekologii i bior\u00f3\u017cnorodno\u015bci Mazur.<\/li>\n<\/ul>\n\n\n\n<p>Jest to doskona\u0142a propozycja dla grup szkolnych, kt\u00f3re chc\u0105 uczy\u0107 si\u0119 poza sal\u0105 lekcyjn\u0105, blisko natury. <\/p>\n\n\n\n<h2 class=\"wp-block-heading\">Dlaczego warto?<\/h2>\n\n\n\n<p>Wycieczka wprowadza uczni\u00f3w w \u015bwiat ekologii i ochrony \u015brodowiska. Zaj\u0119cia wzmacniaj\u0105 ciekawo\u015b\u0107, obserwacj\u0119 i odpowiedzialno\u015b\u0107 za przyrod\u0119. Popielno a tak\u017ce Wierzba to jedno z najbardziej wyj\u0105tkowych miejsc na Mazurach, gdzie mo\u017cna po\u0142\u0105czy\u0107 nauk\u0119 z integracj\u0105 i aktywno\u015bci\u0105 w naturze. Kontakt z konikami polskimi to niezapomniane prze\u017cycie dla dzieci i m\u0142odzie\u017cy.<\/p>\n\n\n\n<p>Napisz do nas! Ch\u0119tnie przygotujemy ofert\u0119 cenow\u0105 dopasowan\u0105 do twoich potrzeb. <\/p>\n","protected":false},"excerpt":{"rendered":"<p>Jednodniowa wycieczka*, kt\u00f3ra \u0142\u0105czy kontakt z natur\u0105, edukacj\u0119 oraz integracj\u0119. *z mo\u017cliwo\u015bci\u0105 rozszerzenia do 2 dni W programie: Jest to doskona\u0142a propozycja dla grup szkolnych, kt\u00f3re chc\u0105 uczy\u0107 si\u0119 poza sal\u0105 lekcyjn\u0105, blisko natury. Dlaczego warto? Wycieczka wprowadza uczni\u00f3w w \u015bwiat ekologii i ochrony \u015brodowiska. Zaj\u0119cia wzmacniaj\u0105 ciekawo\u015b\u0107, obserwacj\u0119 i [&hellip;]<\/p>\n","protected":false},"author":2,"featured_media":0,"parent":0,"menu_order":0,"comment_status":"closed","ping_status":"closed","template":"","meta":{"inline_featured_image":false,"footnotes":""},"class_list":["post-5526","page","type-page","status-publish","hentry"],"yoast_head":"<!-- This site is optimized with the Yoast SEO plugin v26.6 - https:\/\/yoast.com\/wordpress\/plugins\/seo\/ -->\n<title>Jednodniowe wycieczki edukacyjne - PAN Dom Pracy Tw\u00f3rczej w Wierzbie<\/title>\n<meta name=\"robots\" content=\"index, follow, max-snippet:-1, max-image-preview:large, max-video-preview:-1\" \/>\n<link rel=\"canonical\" href=\"https:\/\/wierzba.pan.pl\/?page_id=5526\" \/>\n<meta property=\"og:locale\" content=\"pl_PL\" \/>\n<meta property=\"og:type\" content=\"article\" \/>\n<meta property=\"og:title\" content=\"Jednodniowe wycieczki edukacyjne - PAN Dom Pracy Tw\u00f3rczej w Wierzbie\" \/>\n<meta property=\"og:description\" content=\"Jednodniowa wycieczka*, kt\u00f3ra \u0142\u0105czy kontakt z natur\u0105, edukacj\u0119 oraz integracj\u0119. *z mo\u017cliwo\u015bci\u0105 rozszerzenia do 2 dni W programie: Jest to doskona\u0142a propozycja dla grup szkolnych, kt\u00f3re chc\u0105 uczy\u0107 si\u0119 poza sal\u0105 lekcyjn\u0105, blisko natury. Dlaczego warto? Wycieczka wprowadza uczni\u00f3w w \u015bwiat ekologii i ochrony \u015brodowiska. Zaj\u0119cia wzmacniaj\u0105 ciekawo\u015b\u0107, obserwacj\u0119 i [&hellip;]\" \/>\n<meta property=\"og:url\" content=\"https:\/\/wierzba.pan.pl\/?page_id=5526\" \/>\n<meta property=\"og:site_name\" content=\"PAN Dom Pracy Tw\u00f3rczej w Wierzbie\" \/>\n<meta property=\"article:modified_time\" content=\"2026-01-05T12:39:24+00:00\" \/>\n<meta property=\"og:image\" content=\"https:\/\/wierzba.pan.pl\/wp-content\/uploads\/2026\/01\/dzieci-na-strone-wyczeczka-jednodniowa-edited.jpg\" \/>\n\t<meta property=\"og:image:width\" content=\"2000\" \/>\n\t<meta property=\"og:image:height\" content=\"1125\" \/>\n\t<meta property=\"og:image:type\" content=\"image\/jpeg\" \/>\n<meta name=\"twitter:card\" content=\"summary_large_image\" \/>\n<meta name=\"twitter:label1\" content=\"Szacowany czas czytania\" \/>\n\t<meta name=\"twitter:data1\" content=\"1 minuta\" \/>\n<script type=\"application\/ld+json\" class=\"yoast-schema-graph\">{\"@context\":\"https:\/\/schema.org\",\"@graph\":[{\"@type\":\"WebPage\",\"@id\":\"https:\/\/wierzba.pan.pl\/?page_id=5526\",\"url\":\"https:\/\/wierzba.pan.pl\/?page_id=5526\",\"name\":\"Jednodniowe wycieczki edukacyjne - PAN Dom Pracy Tw\u00f3rczej w Wierzbie\",\"isPartOf\":{\"@id\":\"https:\/\/wierzba.pan.pl\/#website\"},\"primaryImageOfPage\":{\"@id\":\"https:\/\/wierzba.pan.pl\/?page_id=5526#primaryimage\"},\"image\":{\"@id\":\"https:\/\/wierzba.pan.pl\/?page_id=5526#primaryimage\"},\"thumbnailUrl\":\"https:\/\/wierzba.pan.pl\/wp-content\/uploads\/2026\/01\/dzieci-na-strone-wyczeczka-jednodniowa-edited.jpg\",\"datePublished\":\"2026-01-05T12:39:22+00:00\",\"dateModified\":\"2026-01-05T12:39:24+00:00\",\"breadcrumb\":{\"@id\":\"https:\/\/wierzba.pan.pl\/?page_id=5526#breadcrumb\"},\"inLanguage\":\"pl-PL\",\"potentialAction\":[{\"@type\":\"ReadAction\",\"target\":[\"https:\/\/wierzba.pan.pl\/?page_id=5526\"]}]},{\"@type\":\"ImageObject\",\"inLanguage\":\"pl-PL\",\"@id\":\"https:\/\/wierzba.pan.pl\/?page_id=5526#primaryimage\",\"url\":\"https:\/\/wierzba.pan.pl\/wp-content\/uploads\/2026\/01\/dzieci-na-strone-wyczeczka-jednodniowa-edited.jpg\",\"contentUrl\":\"https:\/\/wierzba.pan.pl\/wp-content\/uploads\/2026\/01\/dzieci-na-strone-wyczeczka-jednodniowa-edited.jpg\",\"width\":2000,\"height\":1125},{\"@type\":\"BreadcrumbList\",\"@id\":\"https:\/\/wierzba.pan.pl\/?page_id=5526#breadcrumb\",\"itemListElement\":[{\"@type\":\"ListItem\",\"position\":1,\"name\":\"Strona g\u0142\u00f3wna\",\"item\":\"https:\/\/wierzba.pan.pl\/\"},{\"@type\":\"ListItem\",\"position\":2,\"name\":\"Jednodniowe wycieczki edukacyjne\"}]},{\"@type\":\"WebSite\",\"@id\":\"https:\/\/wierzba.pan.pl\/#website\",\"url\":\"https:\/\/wierzba.pan.pl\/\",\"name\":\"PAN Dom Pracy Tw\u00f3rczej w Wierzbie\",\"description\":\"Wypoczynek nad jeziorem, w sercu Puszczy Piskiej\",\"potentialAction\":[{\"@type\":\"SearchAction\",\"target\":{\"@type\":\"EntryPoint\",\"urlTemplate\":\"https:\/\/wierzba.pan.pl\/?s={search_term_string}\"},\"query-input\":{\"@type\":\"PropertyValueSpecification\",\"valueRequired\":true,\"valueName\":\"search_term_string\"}}],\"inLanguage\":\"pl-PL\"}]}<\/script>\n<!-- \/ Yoast SEO plugin. -->","yoast_head_json":{"title":"Jednodniowe wycieczki edukacyjne - PAN Dom Pracy Tw\u00f3rczej w Wierzbie","robots":{"index":"index","follow":"follow","max-snippet":"max-snippet:-1","max-image-preview":"max-image-preview:large","max-video-preview":"max-video-preview:-1"},"canonical":"https:\/\/wierzba.pan.pl\/?page_id=5526","og_locale":"pl_PL","og_type":"article","og_title":"Jednodniowe wycieczki edukacyjne - PAN Dom Pracy Tw\u00f3rczej w Wierzbie","og_description":"Jednodniowa wycieczka*, kt\u00f3ra \u0142\u0105czy kontakt z natur\u0105, edukacj\u0119 oraz integracj\u0119. *z mo\u017cliwo\u015bci\u0105 rozszerzenia do 2 dni W programie: Jest to doskona\u0142a propozycja dla grup szkolnych, kt\u00f3re chc\u0105 uczy\u0107 si\u0119 poza sal\u0105 lekcyjn\u0105, blisko natury. Dlaczego warto? Wycieczka wprowadza uczni\u00f3w w \u015bwiat ekologii i ochrony \u015brodowiska. Zaj\u0119cia wzmacniaj\u0105 ciekawo\u015b\u0107, obserwacj\u0119 i [&hellip;]","og_url":"https:\/\/wierzba.pan.pl\/?page_id=5526","og_site_name":"PAN Dom Pracy Tw\u00f3rczej w Wierzbie","article_modified_time":"2026-01-05T12:39:24+00:00","og_image":[{"width":2000,"height":1125,"url":"https:\/\/wierzba.pan.pl\/wp-content\/uploads\/2026\/01\/dzieci-na-strone-wyczeczka-jednodniowa-edited.jpg","type":"image\/jpeg"}],"twitter_card":"summary_large_image","twitter_misc":{"Szacowany czas czytania":"1 minuta"},"schema":{"@context":"https:\/\/schema.org","@graph":[{"@type":"WebPage","@id":"https:\/\/wierzba.pan.pl\/?page_id=5526","url":"https:\/\/wierzba.pan.pl\/?page_id=5526","name":"Jednodniowe wycieczki edukacyjne - PAN Dom Pracy Tw\u00f3rczej w Wierzbie","isPartOf":{"@id":"https:\/\/wierzba.pan.pl\/#website"},"primaryImageOfPage":{"@id":"https:\/\/wierzba.pan.pl\/?page_id=5526#primaryimage"},"image":{"@id":"https:\/\/wierzba.pan.pl\/?page_id=5526#primaryimage"},"thumbnailUrl":"https:\/\/wierzba.pan.pl\/wp-content\/uploads\/2026\/01\/dzieci-na-strone-wyczeczka-jednodniowa-edited.jpg","datePublished":"2026-01-05T12:39:22+00:00","dateModified":"2026-01-05T12:39:24+00:00","breadcrumb":{"@id":"https:\/\/wierzba.pan.pl\/?page_id=5526#breadcrumb"},"inLanguage":"pl-PL","potentialAction":[{"@type":"ReadAction","target":["https:\/\/wierzba.pan.pl\/?page_id=5526"]}]},{"@type":"ImageObject","inLanguage":"pl-PL","@id":"https:\/\/wierzba.pan.pl\/?page_id=5526#primaryimage","url":"https:\/\/wierzba.pan.pl\/wp-content\/uploads\/2026\/01\/dzieci-na-strone-wyczeczka-jednodniowa-edited.jpg","contentUrl":"https:\/\/wierzba.pan.pl\/wp-content\/uploads\/2026\/01\/dzieci-na-strone-wyczeczka-jednodniowa-edited.jpg","width":2000,"height":1125},{"@type":"BreadcrumbList","@id":"https:\/\/wierzba.pan.pl\/?page_id=5526#breadcrumb","itemListElement":[{"@type":"ListItem","position":1,"name":"Strona g\u0142\u00f3wna","item":"https:\/\/wierzba.pan.pl\/"},{"@type":"ListItem","position":2,"name":"Jednodniowe wycieczki edukacyjne"}]},{"@type":"WebSite","@id":"https:\/\/wierzba.pan.pl\/#website","url":"https:\/\/wierzba.pan.pl\/","name":"PAN Dom Pracy Tw\u00f3rczej w Wierzbie","description":"Wypoczynek nad jeziorem, w sercu Puszczy Piskiej","potentialAction":[{"@type":"SearchAction","target":{"@type":"EntryPoint","urlTemplate":"https:\/\/wierzba.pan.pl\/?s={search_term_string}"},"query-input":{"@type":"PropertyValueSpecification","valueRequired":true,"valueName":"search_term_string"}}],"inLanguage":"pl-PL"}]}},"_links":{"self":[{"href":"https:\/\/wierzba.pan.pl\/index.php?rest_route=\/wp\/v2\/pages\/5526","targetHints":{"allow":["GET"]}}],"collection":[{"href":"https:\/\/wierzba.pan.pl\/index.php?rest_route=\/wp\/v2\/pages"}],"about":[{"href":"https:\/\/wierzba.pan.pl\/index.php?rest_route=\/wp\/v2\/types\/page"}],"author":[{"embeddable":true,"href":"https:\/\/wierzba.pan.pl\/index.php?rest_route=\/wp\/v2\/users\/2"}],"replies":[{"embeddable":true,"href":"https:\/\/wierzba.pan.pl\/index.php?rest_route=%2Fwp%2Fv2%2Fcomments&post=5526"}],"version-history":[{"count":1,"href":"https:\/\/wierzba.pan.pl\/index.php?rest_route=\/wp\/v2\/pages\/5526\/revisions"}],"predecessor-version":[{"id":5529,"href":"https:\/\/wierzba.pan.pl\/index.php?rest_route=\/wp\/v2\/pages\/5526\/revisions\/5529"}],"wp:attachment":[{"href":"https:\/\/wierzba.pan.pl\/index.php?rest_route=%2Fwp%2Fv2%2Fmedia&parent=5526"}],"curies":[{"name":"wp","href":"https:\/\/api.w.org\/{rel}","templated":true}]}}