{"id":5674,"date":"2026-02-17T10:57:54","date_gmt":"2026-02-17T09:57:54","guid":{"rendered":"https:\/\/wierzba.pan.pl\/?page_id=5674"},"modified":"2026-04-22T11:07:10","modified_gmt":"2026-04-22T10:07:10","slug":"zyj-tym-latem-imprezy-2026","status":"publish","type":"page","link":"https:\/\/wierzba.pan.pl\/?page_id=5674","title":{"rendered":"\u017byj Tym Latem \u2013 Imprezy 2026"},"content":{"rendered":"\n<p class=\"has-text-align-center\"><strong>\u017byj Tym Latem 2026 w Porcie Wierzba na Mazurach!<\/strong><\/p>\n\n\n\n<p class=\"has-text-align-center\"><strong>Koncerty plenerowe, muzyka na \u017cywo, letni klimat nad jeziorem i atmosfera<\/strong>, kt\u00f3rej nie da si\u0119 podrobi\u0107.<\/p>\n\n\n\n<p class=\"has-text-align-center\">Przyjd\u017a, pos\u0142uchaj, zata\u0144cz, Sp\u0119d\u017a wiecz\u00f3r przy najlepszych brzmieniach lata. A do tego <strong>grill, chill <\/strong>i masa dobrej energii!<\/p>\n\n\n\n<p>Koncerty odb\u0119d\u0105 si\u0119 w <strong>Grill Bar &#8211; Port Wierzba<\/strong> &#8211; wst\u0119p bezp\u0142atny!<\/p>\n\n\n\n<p>Rezerwacja stolik\u00f3w 665 291 292 \/  bezpo\u015brednio w Grill Barze &#8211; Port Wierzba<\/p>\n\n\n\n<h2 class=\"wp-block-heading\">Maj 2026<\/h2>\n\n\n\n<p>02.05.2026 &#8211;  20:00 Wojciech Jankuniec LIVE <\/p>\n\n\n\n<h2 class=\"wp-block-heading\">Czerwiec 2026<\/h2>\n\n\n\n<p>04.06.2026 &#8211; 20:00 Wojciech Jankuniec LIVE<\/p>\n\n\n\n<p>05.06.2026 &#8211; Wieczorek Taneczny &#8211; 20:00 DJ. J\u00f3zek<\/p>\n\n\n\n<p>06.06.2026 &#8211; 20:00 Marek Piotrowski LIVE<\/p>\n\n\n\n<h2 class=\"wp-block-heading\">Lipiec 2026<\/h2>\n\n\n\n<p>01.07.2026\/\u015aroda &#8211; 20:00 Marek Piotrowski LIVE<\/p>\n\n\n\n<p>03.07.2026\/Pi\u0105tek &#8211; 20:00 Wieczorek Taneczny DJ. J\u00f3zek<\/p>\n\n\n\n<p>04.07.2026\/Sobota &#8211; 20:00 Wojciech Jankuniec LIVE<\/p>\n\n\n\n<p>08.07.2026\/\u015aroda &#8211; 20:00 Marek Piotrowski LIVE<\/p>\n\n\n\n<p>11.07.2026\/Sobota &#8211; 20:00 Marek Piotrowski LIVE<\/p>\n\n\n\n<p>15.07.2026\/\u015aroda &#8211; 20:00 Marek Piotrowski LIVE<\/p>\n\n\n\n<p>18.07.2026\/Sobota &#8211; 20:00 Wojciech Jankuniec LIVE<\/p>\n\n\n\n<p>22.07.2026\/\u015aroda &#8211; 20:00 Marek Piotrowski LIVE<\/p>\n\n\n\n<p>25.07.2026\/Sobota &#8211; 20:00 Marek Piotrowski Live<\/p>\n\n\n\n<p>29.07.2026\/\u015aroda &#8211; 20:00 Marek Piotrowski LIVE<\/p>\n\n\n\n<h2 class=\"wp-block-heading\">Sierpie\u0144 2026<\/h2>\n\n\n\n<p>01.08.2026\/Sobota &#8211; 20:00 Wojciech Jankuniec LIVE<\/p>\n\n\n\n<p>05.08.2026\/\u015aroda &#8211; 20:00 Marek Piotrowski LIVE<\/p>\n\n\n\n<p>08.08.2026\/Sobota &#8211; 20:00 Za\u0142oga Dr. Bryga LIVE<\/p>\n\n\n\n<p>12.08.2026\/\u015aroda &#8211; 20:00 Marek Piotrowski LIVE<\/p>\n\n\n\n<p>15.08.2026\/Sobota &#8211; 20:00 Wojciech Jankuniec LIVE<\/p>\n\n\n\n<p>19.08.2026\/\u015aroda &#8211; 20:00 Marek Piotrowski LIVE<\/p>\n\n\n\n<p>22.08.2026\/Sobota &#8211; 20:00 Zesp\u00f3\u0142 Dnia Nast\u0119pnego<\/p>\n\n\n\n<p>26.08.2026\/\u015aroda &#8211; 20:00 Marek Piotrowski LIVE<\/p>\n\n\n\n<p>29.08.2026\/Sobota &#8211; 20:00 Zesp\u00f3\u0142 Dnia Nast\u0119pnego<\/p>\n\n\n\n<h2 class=\"wp-block-heading\">Wrzesie\u0144 2026<\/h2>\n\n\n\n<p>05.09.2026<\/p>\n\n\n\n<p>12.09.2026<\/p>\n\n\n\n<p>19.09.2026<\/p>\n\n\n\n<p>26.09.2026<\/p>\n","protected":false},"excerpt":{"rendered":"<p>\u017byj Tym Latem 2026 w Porcie Wierzba na Mazurach! Koncerty plenerowe, muzyka na \u017cywo, letni klimat nad jeziorem i atmosfera, kt\u00f3rej nie da si\u0119 podrobi\u0107. Przyjd\u017a, pos\u0142uchaj, zata\u0144cz, Sp\u0119d\u017a wiecz\u00f3r przy najlepszych brzmieniach lata. A do tego grill, chill i masa dobrej energii! Koncerty odb\u0119d\u0105 si\u0119 w Grill Bar &#8211; [&hellip;]<\/p>\n","protected":false},"author":10,"featured_media":0,"parent":0,"menu_order":0,"comment_status":"closed","ping_status":"closed","template":"","meta":{"inline_featured_image":false,"footnotes":""},"class_list":["post-5674","page","type-page","status-publish","hentry"],"yoast_head":"<!-- This site is optimized with the Yoast SEO plugin v26.6 - https:\/\/yoast.com\/wordpress\/plugins\/seo\/ -->\n<title>\u017byj Tym Latem \u2013 Imprezy 2026 - PAN Dom Pracy Tw\u00f3rczej w Wierzbie<\/title>\n<meta name=\"description\" content=\"\u017byj Tym Latem 2026 w Porcie Wierzba na Mazurach! Koncerty plenerowe, muzyka na \u017cywo, letni klimat nad jeziorem i atmosfera, kt\u00f3rej nie da si\u0119 podrobi\u0107. Grill Bar - Port Wierzba wst\u0119p bezp\u0142atny. Port Wierzba na Mazurach.\" \/>\n<meta name=\"robots\" content=\"index, follow, max-snippet:-1, max-image-preview:large, max-video-preview:-1\" \/>\n<link rel=\"canonical\" href=\"https:\/\/wierzba.pan.pl\/?page_id=5674\" \/>\n<meta property=\"og:locale\" content=\"pl_PL\" \/>\n<meta property=\"og:type\" content=\"article\" \/>\n<meta property=\"og:title\" content=\"\u017byj Tym Latem \u2013 Imprezy 2026 - PAN Dom Pracy Tw\u00f3rczej w Wierzbie\" \/>\n<meta property=\"og:description\" content=\"\u017byj Tym Latem 2026 w Porcie Wierzba na Mazurach! Koncerty plenerowe, muzyka na \u017cywo, letni klimat nad jeziorem i atmosfera, kt\u00f3rej nie da si\u0119 podrobi\u0107. Grill Bar - Port Wierzba wst\u0119p bezp\u0142atny. Port Wierzba na Mazurach.\" \/>\n<meta property=\"og:url\" content=\"https:\/\/wierzba.pan.pl\/?page_id=5674\" \/>\n<meta property=\"og:site_name\" content=\"PAN Dom Pracy Tw\u00f3rczej w Wierzbie\" \/>\n<meta property=\"article:modified_time\" content=\"2026-04-22T10:07:10+00:00\" \/>\n<meta name=\"twitter:card\" content=\"summary_large_image\" \/>\n<meta name=\"twitter:label1\" content=\"Szacowany czas czytania\" \/>\n\t<meta name=\"twitter:data1\" content=\"2 minuty\" \/>\n<script type=\"application\/ld+json\" class=\"yoast-schema-graph\">{\"@context\":\"https:\/\/schema.org\",\"@graph\":[{\"@type\":\"WebPage\",\"@id\":\"https:\/\/wierzba.pan.pl\/?page_id=5674\",\"url\":\"https:\/\/wierzba.pan.pl\/?page_id=5674\",\"name\":\"\u017byj Tym Latem \u2013 Imprezy 2026 - PAN Dom Pracy Tw\u00f3rczej w Wierzbie\",\"isPartOf\":{\"@id\":\"https:\/\/wierzba.pan.pl\/#website\"},\"datePublished\":\"2026-02-17T09:57:54+00:00\",\"dateModified\":\"2026-04-22T10:07:10+00:00\",\"description\":\"\u017byj Tym Latem 2026 w Porcie Wierzba na Mazurach! Koncerty plenerowe, muzyka na \u017cywo, letni klimat nad jeziorem i atmosfera, kt\u00f3rej nie da si\u0119 podrobi\u0107. Grill Bar - Port Wierzba wst\u0119p bezp\u0142atny. Port Wierzba na Mazurach.\",\"breadcrumb\":{\"@id\":\"https:\/\/wierzba.pan.pl\/?page_id=5674#breadcrumb\"},\"inLanguage\":\"pl-PL\",\"potentialAction\":[{\"@type\":\"ReadAction\",\"target\":[\"https:\/\/wierzba.pan.pl\/?page_id=5674\"]}]},{\"@type\":\"BreadcrumbList\",\"@id\":\"https:\/\/wierzba.pan.pl\/?page_id=5674#breadcrumb\",\"itemListElement\":[{\"@type\":\"ListItem\",\"position\":1,\"name\":\"Strona g\u0142\u00f3wna\",\"item\":\"https:\/\/wierzba.pan.pl\/\"},{\"@type\":\"ListItem\",\"position\":2,\"name\":\"\u017byj Tym Latem \u2013 Imprezy 2026\"}]},{\"@type\":\"WebSite\",\"@id\":\"https:\/\/wierzba.pan.pl\/#website\",\"url\":\"https:\/\/wierzba.pan.pl\/\",\"name\":\"PAN Dom Pracy Tw\u00f3rczej w Wierzbie\",\"description\":\"Wypoczynek nad jeziorem, w sercu Puszczy Piskiej\",\"potentialAction\":[{\"@type\":\"SearchAction\",\"target\":{\"@type\":\"EntryPoint\",\"urlTemplate\":\"https:\/\/wierzba.pan.pl\/?s={search_term_string}\"},\"query-input\":{\"@type\":\"PropertyValueSpecification\",\"valueRequired\":true,\"valueName\":\"search_term_string\"}}],\"inLanguage\":\"pl-PL\"}]}<\/script>\n<!-- \/ Yoast SEO plugin. -->","yoast_head_json":{"title":"\u017byj Tym Latem \u2013 Imprezy 2026 - PAN Dom Pracy Tw\u00f3rczej w Wierzbie","description":"\u017byj Tym Latem 2026 w Porcie Wierzba na Mazurach! Koncerty plenerowe, muzyka na \u017cywo, letni klimat nad jeziorem i atmosfera, kt\u00f3rej nie da si\u0119 podrobi\u0107. Grill Bar - Port Wierzba wst\u0119p bezp\u0142atny. Port Wierzba na Mazurach.","robots":{"index":"index","follow":"follow","max-snippet":"max-snippet:-1","max-image-preview":"max-image-preview:large","max-video-preview":"max-video-preview:-1"},"canonical":"https:\/\/wierzba.pan.pl\/?page_id=5674","og_locale":"pl_PL","og_type":"article","og_title":"\u017byj Tym Latem \u2013 Imprezy 2026 - PAN Dom Pracy Tw\u00f3rczej w Wierzbie","og_description":"\u017byj Tym Latem 2026 w Porcie Wierzba na Mazurach! Koncerty plenerowe, muzyka na \u017cywo, letni klimat nad jeziorem i atmosfera, kt\u00f3rej nie da si\u0119 podrobi\u0107. Grill Bar - Port Wierzba wst\u0119p bezp\u0142atny. Port Wierzba na Mazurach.","og_url":"https:\/\/wierzba.pan.pl\/?page_id=5674","og_site_name":"PAN Dom Pracy Tw\u00f3rczej w Wierzbie","article_modified_time":"2026-04-22T10:07:10+00:00","twitter_card":"summary_large_image","twitter_misc":{"Szacowany czas czytania":"2 minuty"},"schema":{"@context":"https:\/\/schema.org","@graph":[{"@type":"WebPage","@id":"https:\/\/wierzba.pan.pl\/?page_id=5674","url":"https:\/\/wierzba.pan.pl\/?page_id=5674","name":"\u017byj Tym Latem \u2013 Imprezy 2026 - PAN Dom Pracy Tw\u00f3rczej w Wierzbie","isPartOf":{"@id":"https:\/\/wierzba.pan.pl\/#website"},"datePublished":"2026-02-17T09:57:54+00:00","dateModified":"2026-04-22T10:07:10+00:00","description":"\u017byj Tym Latem 2026 w Porcie Wierzba na Mazurach! Koncerty plenerowe, muzyka na \u017cywo, letni klimat nad jeziorem i atmosfera, kt\u00f3rej nie da si\u0119 podrobi\u0107. Grill Bar - Port Wierzba wst\u0119p bezp\u0142atny. Port Wierzba na Mazurach.","breadcrumb":{"@id":"https:\/\/wierzba.pan.pl\/?page_id=5674#breadcrumb"},"inLanguage":"pl-PL","potentialAction":[{"@type":"ReadAction","target":["https:\/\/wierzba.pan.pl\/?page_id=5674"]}]},{"@type":"BreadcrumbList","@id":"https:\/\/wierzba.pan.pl\/?page_id=5674#breadcrumb","itemListElement":[{"@type":"ListItem","position":1,"name":"Strona g\u0142\u00f3wna","item":"https:\/\/wierzba.pan.pl\/"},{"@type":"ListItem","position":2,"name":"\u017byj Tym Latem \u2013 Imprezy 2026"}]},{"@type":"WebSite","@id":"https:\/\/wierzba.pan.pl\/#website","url":"https:\/\/wierzba.pan.pl\/","name":"PAN Dom Pracy Tw\u00f3rczej w Wierzbie","description":"Wypoczynek nad jeziorem, w sercu Puszczy Piskiej","potentialAction":[{"@type":"SearchAction","target":{"@type":"EntryPoint","urlTemplate":"https:\/\/wierzba.pan.pl\/?s={search_term_string}"},"query-input":{"@type":"PropertyValueSpecification","valueRequired":true,"valueName":"search_term_string"}}],"inLanguage":"pl-PL"}]}},"_links":{"self":[{"href":"https:\/\/wierzba.pan.pl\/index.php?rest_route=\/wp\/v2\/pages\/5674","targetHints":{"allow":["GET"]}}],"collection":[{"href":"https:\/\/wierzba.pan.pl\/index.php?rest_route=\/wp\/v2\/pages"}],"about":[{"href":"https:\/\/wierzba.pan.pl\/index.php?rest_route=\/wp\/v2\/types\/page"}],"author":[{"embeddable":true,"href":"https:\/\/wierzba.pan.pl\/index.php?rest_route=\/wp\/v2\/users\/10"}],"replies":[{"embeddable":true,"href":"https:\/\/wierzba.pan.pl\/index.php?rest_route=%2Fwp%2Fv2%2Fcomments&post=5674"}],"version-history":[{"count":10,"href":"https:\/\/wierzba.pan.pl\/index.php?rest_route=\/wp\/v2\/pages\/5674\/revisions"}],"predecessor-version":[{"id":5796,"href":"https:\/\/wierzba.pan.pl\/index.php?rest_route=\/wp\/v2\/pages\/5674\/revisions\/5796"}],"wp:attachment":[{"href":"https:\/\/wierzba.pan.pl\/index.php?rest_route=%2Fwp%2Fv2%2Fmedia&parent=5674"}],"curies":[{"name":"wp","href":"https:\/\/api.w.org\/{rel}","templated":true}]}}