{"id":5685,"date":"2026-02-17T14:23:57","date_gmt":"2026-02-17T13:23:57","guid":{"rendered":"https:\/\/wierzba.pan.pl\/?page_id=5685"},"modified":"2026-04-17T11:45:23","modified_gmt":"2026-04-17T10:45:23","slug":"majowka-2026-mazury-wierzba-nad-jeziorem","status":"publish","type":"page","link":"https:\/\/wierzba.pan.pl\/?page_id=5685","title":{"rendered":"Maj\u00f3wka 2026 na Mazurach \u2013 PAN DPT Wierzba"},"content":{"rendered":"\n<h2 class=\"wp-block-heading has-text-align-center\"><strong>30.04 \u2013 03.05.2026<\/strong><\/h2>\n\n\n\n<p>Zapraszamy na wyj\u0105tkow\u0105 <strong>Maj\u00f3wk\u0119 w Wierzbie w sercu Puszczy Piskiej, na styku trzech jezior Mazurskich: \u015aniardwy, Be\u0142dany i Miko\u0142ajskiego<\/strong>. To miejsce, gdzie mo\u017cna naprawd\u0119 zwolni\u0107 tempo i sp\u0119dzi\u0107 czas <strong>blisko natury<\/strong>.<\/p>\n\n\n\n<p><strong>Maj\u00f3wka 2026 w Wierzbie to po\u0142\u0105czenie relaksu, rodzinnej atmosfery i aktywno\u015bci nad wod\u0105<\/strong><\/p>\n\n\n\n<p><strong>Program Maj\u00f3wki<\/strong><\/p>\n\n\n\n<p><strong>30.04 \u2013 Ognisko i muzyka nad jeziorem<\/strong><\/p>\n\n\n\n<p>Obiadokolacja po\u0142\u0105czona z Ogniskiem. Wsp\u00f3lne biesiadowanie, muzyka i <strong>zach\u00f3d s\u0142o\u0144ca nad jeziorem<\/strong>  klimatyczny pocz\u0105tek majowego weekendu.<\/p>\n\n\n\n<p><strong>01.05 \u2013 Dzie\u0144 aktywny<\/strong><\/p>\n\n\n\n<ul class=\"wp-block-list\">\n<li>\u015aniadanie w formie bufetu<\/li>\n\n\n\n<li>Widokowy rejs houseboatem szlakiem trzech jezior<\/li>\n\n\n\n<li>Coffe &amp; Sweet Time + przek\u0105ski i zupka dla dzieci<\/li>\n\n\n\n<li>Animacje dla dzieci poprowadz\u0105 animatorzy<\/li>\n\n\n\n<li>Turniej gier sportowych z nagrodami<\/li>\n\n\n\n<li>Obiadokolacja w formie bufetu z napojam<\/li>\n<\/ul>\n\n\n\n<p><strong>02.05 \u2013 W rytmie natury<\/strong><\/p>\n\n\n\n<ul class=\"wp-block-list\">\n<li>\u015aniadanie<\/li>\n\n\n\n<li>Widokowy rejs houseboatszlakiem trzech jezior<\/li>\n\n\n\n<li>Coffe &amp; Sweet Time + przek\u0105ski i zupka dla dzieci<\/li>\n\n\n\n<li>Marsz Nordic Walking wzd\u0142u\u017c jeziora Be\u0142dany z przewodnikiem<\/li>\n\n\n\n<li>Obiadokolacja w formie bufetu z napojami<\/li>\n\n\n\n<li>Wieczorny koncert szantowy LIVE<\/li>\n<\/ul>\n\n\n\n<p><strong>03.05 \u2013 Spokojne zako\u0144czenie<\/strong><\/p>\n\n\n\n<ul class=\"wp-block-list\">\n<li>Poranne rozci\u0105ganie nad jeziorem<\/li>\n\n\n\n<li>\u015aniadanie w formie bufetu<\/li>\n\n\n\n<li>Coffe &amp; Sweet Time + przek\u0105ski dla dzieci<\/li>\n\n\n\n<li>P\u00f3\u017aniejsze wymeldowanie \u2013 bez po\u015bpiechu<\/li>\n<\/ul>\n\n\n\n<p><strong>Pakiet obejmuje:<br>&nbsp;<br><\/strong>3 noclegi<\/p>\n\n\n\n<p>Wy\u017cywienie HB+ (\u015bniadanie, lunch(coffe and sweet time), obiadokolacja)<\/p>\n\n\n\n<p>Atrakcje\/ Animacje wskazane w ofercie<\/p>\n\n\n\n<p>Rowery, kajaki oraz SUP-y.<\/p>\n\n\n\n<h2 class=\"wp-block-heading\">Zarezerwuj sw\u00f3j pobyt do 10 kwietnia i skorzystaj z ni\u017cszej ceny pakietu.<\/h2>\n\n\n\n<figure class=\"wp-block-table\"><table class=\"has-fixed-layout\"><tbody><tr><td><strong>BUDYNEK CENTRUM<\/strong><\/td><td class=\"has-text-align-left\" data-align=\"left\">                                       <strong>CENA PAKIETU<\/strong><\/td><\/tr><tr><td><\/td><td class=\"has-text-align-left\" data-align=\"left\"><\/td><\/tr><tr><td>Pok\u00f3j 2 osobowy<\/td><td class=\"has-text-align-left\" data-align=\"left\"><strong>&nbsp;&nbsp;&nbsp;&nbsp;&nbsp;&nbsp;&nbsp;&nbsp;&nbsp;&nbsp;&nbsp;&nbsp;&nbsp;&nbsp;&nbsp;&nbsp;&nbsp;&nbsp;&nbsp;&nbsp;&nbsp;&nbsp;&nbsp;&nbsp;&nbsp;&nbsp;&nbsp;&nbsp;&nbsp;&nbsp;&nbsp;&nbsp;&nbsp;&nbsp;&nbsp;&nbsp;&nbsp;&nbsp;&nbsp;&nbsp;&nbsp; 2 332,61 z\u0142<\/strong>*<\/td><\/tr><tr><td>Pok\u00f3j 2 osobowy z widokiem<\/td><td class=\"has-text-align-left\" data-align=\"left\"><strong>&nbsp;&nbsp;&nbsp;&nbsp;&nbsp;&nbsp;&nbsp;&nbsp;&nbsp;&nbsp;&nbsp;&nbsp;&nbsp;&nbsp;&nbsp;&nbsp;&nbsp;&nbsp;&nbsp;&nbsp;&nbsp;&nbsp;&nbsp;&nbsp;&nbsp;&nbsp;&nbsp;&nbsp;&nbsp;&nbsp;&nbsp;&nbsp;&nbsp;&nbsp;&nbsp;&nbsp;&nbsp;&nbsp;&nbsp;&nbsp;&nbsp; 2 722,61 z\u0142<\/strong>*<\/td><\/tr><tr><td>Pok\u00f3j 3 osobowy<\/td><td class=\"has-text-align-left\" data-align=\"left\"><strong>&nbsp;&nbsp;&nbsp;&nbsp;&nbsp;&nbsp;&nbsp;&nbsp;&nbsp;&nbsp;&nbsp;&nbsp;&nbsp;&nbsp;&nbsp;&nbsp;&nbsp;&nbsp;&nbsp;&nbsp;&nbsp;&nbsp;&nbsp;&nbsp;&nbsp;&nbsp;&nbsp;&nbsp;&nbsp;&nbsp;&nbsp;&nbsp;&nbsp;&nbsp;&nbsp;&nbsp;&nbsp;&nbsp;&nbsp;&nbsp;&nbsp; 3 303,91 z\u0142<\/strong>*<\/td><\/tr><tr><td>Pok\u00f3j 3 osobowy z widokiem<\/td><td class=\"has-text-align-left\" data-align=\"left\"><strong>&nbsp;&nbsp;&nbsp;&nbsp;&nbsp;&nbsp;&nbsp;&nbsp;&nbsp;&nbsp;&nbsp;&nbsp;&nbsp;&nbsp;&nbsp;&nbsp;&nbsp;&nbsp;&nbsp;&nbsp;&nbsp;&nbsp;&nbsp;&nbsp;&nbsp;&nbsp;&nbsp;&nbsp;&nbsp;&nbsp;&nbsp;&nbsp;&nbsp;&nbsp;&nbsp;&nbsp;&nbsp;&nbsp;&nbsp;&nbsp;&nbsp; 3 693,91 z\u0142<\/strong>*<\/td><\/tr><tr><td>Pok\u00f3j 4 osobowy z widokiem<\/td><td class=\"has-text-align-left\" data-align=\"left\"><strong>&nbsp;&nbsp;&nbsp;&nbsp;&nbsp;&nbsp;&nbsp;&nbsp;&nbsp;&nbsp;&nbsp;&nbsp;&nbsp;&nbsp;&nbsp;&nbsp;&nbsp;&nbsp;&nbsp;&nbsp;&nbsp;&nbsp;&nbsp;&nbsp;&nbsp;&nbsp;&nbsp;&nbsp;&nbsp;&nbsp;&nbsp;&nbsp;&nbsp;&nbsp;&nbsp;&nbsp;&nbsp;&nbsp;&nbsp;&nbsp;&nbsp; 4 665,22 z\u0142<\/strong><\/td><\/tr><tr><td><strong>POZOSTA\u0141E BUDYNKI<\/strong><\/td><td class=\"has-text-align-left\" data-align=\"left\">                                        <strong>CENA PAKIETU<\/strong><\/td><\/tr><tr><td>Pok\u00f3j 1 osobowy<\/td><td class=\"has-text-align-left\" data-align=\"left\"><strong>&nbsp;&nbsp;&nbsp;&nbsp;&nbsp;&nbsp;&nbsp;&nbsp;&nbsp;&nbsp;&nbsp;&nbsp;&nbsp;&nbsp;&nbsp;&nbsp;&nbsp;&nbsp;&nbsp;&nbsp;&nbsp;&nbsp;&nbsp;&nbsp;&nbsp;&nbsp;&nbsp;&nbsp;&nbsp;&nbsp;&nbsp;&nbsp;&nbsp;&nbsp;&nbsp;&nbsp;&nbsp;&nbsp;&nbsp;&nbsp;&nbsp; 1 361,30 z\u0142<\/strong>*<\/td><\/tr><tr><td>Pok\u00f3j 2 osobowy<\/td><td class=\"has-text-align-left\" data-align=\"left\"><strong>&nbsp;&nbsp;&nbsp;&nbsp;&nbsp;&nbsp;&nbsp;&nbsp;&nbsp;&nbsp;&nbsp;&nbsp;&nbsp;&nbsp;&nbsp;&nbsp;&nbsp;&nbsp;&nbsp;&nbsp;&nbsp;&nbsp;&nbsp;&nbsp;&nbsp;&nbsp;&nbsp;&nbsp;&nbsp;&nbsp;&nbsp;&nbsp;&nbsp;&nbsp;&nbsp;&nbsp;&nbsp;&nbsp;&nbsp;&nbsp;&nbsp; 2 137,61 z\u0142<\/strong>*<\/td><\/tr><tr><td>Pok\u00f3j 3 osobowy<\/td><td class=\"has-text-align-left\" data-align=\"left\"><strong>&nbsp;&nbsp;&nbsp;&nbsp;&nbsp;&nbsp;&nbsp;&nbsp;&nbsp;&nbsp;&nbsp;&nbsp;&nbsp;&nbsp;&nbsp;&nbsp;&nbsp;&nbsp;&nbsp;&nbsp;&nbsp;&nbsp;&nbsp;&nbsp;&nbsp;&nbsp;&nbsp;&nbsp;&nbsp;&nbsp;&nbsp;&nbsp;&nbsp;&nbsp;&nbsp;&nbsp;&nbsp;&nbsp;&nbsp;&nbsp;&nbsp; 2 913,91 z\u0142<\/strong>*<\/td><\/tr><tr><td>Pok\u00f3j 4 osobowy<\/td><td class=\"has-text-align-left\" data-align=\"left\"><strong>&nbsp;&nbsp;&nbsp;&nbsp;&nbsp;&nbsp;&nbsp;&nbsp;&nbsp;&nbsp;&nbsp;&nbsp;&nbsp;&nbsp;&nbsp;&nbsp;&nbsp;&nbsp;&nbsp;&nbsp;&nbsp;&nbsp;&nbsp;&nbsp;&nbsp;&nbsp;&nbsp;&nbsp;&nbsp;&nbsp;&nbsp;&nbsp;&nbsp;&nbsp;&nbsp;&nbsp;&nbsp;&nbsp;&nbsp;&nbsp;&nbsp; 3 690,22 z\u0142<\/strong>*<\/td><\/tr><\/tbody><\/table><\/figure>\n\n\n\n<p>*podane ceny zawieraj\u0105 rabat<\/p>\n\n\n\n<p><strong>*Dzieci do lat 5ciu \u015bpi\u0105ce z rodzicami na jednym \u0142\u00f3\u017cku- gratis<\/strong><\/p>\n\n\n\n<p><strong>*Dzieci 5- 15 lat -30%<\/strong><\/p>\n\n\n\n<p><strong>Warunki rezerwacji:<\/strong><\/p>\n\n\n\n<p>15 lat+ jak osoba doros\u0142a<\/p>\n\n\n\n<p>P\u0142atno\u015b\u0107 100% przedp\u0142aty<\/p>\n\n\n\n<p>Przedp\u0142ata nie jest zwracana<\/p>\n\n\n\n<p>Wst\u0119pna rezerwacja jest nie d\u0142u\u017cej ni\u017c 14 dni od momentu za\u0142o\u017cenia. <br>W przypadku braku wp\u0142aty rezerwacja zostaje anulowana.<\/p>\n\n\n\n<p><strong>Dane kontaktowe\/ rezerwacje<\/strong><\/p>\n\n\n\n<p>email: <a href=\"mailto:wierzba@wierzba.pan.pl\">wierzba@wierzba.pan.pl<\/a><\/p>\n\n\n\n<p>Telefon: +48&nbsp;516&nbsp;009&nbsp;061<\/p>\n\n\n\n<p><strong>Dane do p\u0142atno\u015bci<\/strong><\/p>\n\n\n\n<p><strong>Adres<\/strong>: Wierzba 7, 12-220 Ruciane-Nida<br>(woj. warmi\u0144sko-mazurskie)<br><strong>NR RACHUNKU:<\/strong><br>Bank BGK 96 1130 1017 0020 1462 9420 0029<\/p>\n\n\n\n<p><sub>*Program ramowy pobytu mo\u017ce ulec zmianie i nie wp\u0142ywa to na warto\u015b\u0107 pakietu<\/sub><\/p>\n\n\n\n<p><\/p>\n","protected":false},"excerpt":{"rendered":"<p>30.04 \u2013 03.05.2026 Zapraszamy na wyj\u0105tkow\u0105 Maj\u00f3wk\u0119 w Wierzbie w sercu Puszczy Piskiej, na styku trzech jezior Mazurskich: \u015aniardwy, Be\u0142dany i Miko\u0142ajskiego. To miejsce, gdzie mo\u017cna naprawd\u0119 zwolni\u0107 tempo i sp\u0119dzi\u0107 czas blisko natury. Maj\u00f3wka 2026 w Wierzbie to po\u0142\u0105czenie relaksu, rodzinnej atmosfery i aktywno\u015bci nad wod\u0105 Program Maj\u00f3wki 30.04 [&hellip;]<\/p>\n","protected":false},"author":10,"featured_media":0,"parent":0,"menu_order":0,"comment_status":"closed","ping_status":"closed","template":"","meta":{"inline_featured_image":false,"footnotes":""},"class_list":["post-5685","page","type-page","status-publish","hentry"],"yoast_head":"<!-- This site is optimized with the Yoast SEO plugin v26.6 - https:\/\/yoast.com\/wordpress\/plugins\/seo\/ -->\n<title>Maj\u00f3wka 2026 na Mazurach \u2013 PAN DPT Wierzba - PAN Dom Pracy Tw\u00f3rczej w Wierzbie<\/title>\n<meta name=\"description\" content=\"Zapraszamy na wyj\u0105tkow\u0105 Maj\u00f3wk\u0119 w Wierzbie w sercu Puszczy Piskiej, na styku trzech jezior Mazurskich: \u015aniardwy, Be\u0142dany i Miko\u0142ajskiego.\" \/>\n<meta name=\"robots\" content=\"index, follow, max-snippet:-1, max-image-preview:large, max-video-preview:-1\" \/>\n<link rel=\"canonical\" href=\"https:\/\/wierzba.pan.pl\/?page_id=5685\" \/>\n<meta property=\"og:locale\" content=\"pl_PL\" \/>\n<meta property=\"og:type\" content=\"article\" \/>\n<meta property=\"og:title\" content=\"Maj\u00f3wka 2026 na Mazurach \u2013 PAN DPT Wierzba - PAN Dom Pracy Tw\u00f3rczej w Wierzbie\" \/>\n<meta property=\"og:description\" content=\"Zapraszamy na wyj\u0105tkow\u0105 Maj\u00f3wk\u0119 w Wierzbie w sercu Puszczy Piskiej, na styku trzech jezior Mazurskich: \u015aniardwy, Be\u0142dany i Miko\u0142ajskiego.\" \/>\n<meta property=\"og:url\" content=\"https:\/\/wierzba.pan.pl\/?page_id=5685\" \/>\n<meta property=\"og:site_name\" content=\"PAN Dom Pracy Tw\u00f3rczej w Wierzbie\" \/>\n<meta property=\"article:modified_time\" content=\"2026-04-17T10:45:23+00:00\" \/>\n<meta name=\"twitter:card\" content=\"summary_large_image\" \/>\n<meta name=\"twitter:label1\" content=\"Szacowany czas czytania\" \/>\n\t<meta name=\"twitter:data1\" content=\"3 minuty\" \/>\n<script type=\"application\/ld+json\" class=\"yoast-schema-graph\">{\"@context\":\"https:\/\/schema.org\",\"@graph\":[{\"@type\":\"WebPage\",\"@id\":\"https:\/\/wierzba.pan.pl\/?page_id=5685\",\"url\":\"https:\/\/wierzba.pan.pl\/?page_id=5685\",\"name\":\"Maj\u00f3wka 2026 na Mazurach \u2013 PAN DPT Wierzba - PAN Dom Pracy Tw\u00f3rczej w Wierzbie\",\"isPartOf\":{\"@id\":\"https:\/\/wierzba.pan.pl\/#website\"},\"datePublished\":\"2026-02-17T13:23:57+00:00\",\"dateModified\":\"2026-04-17T10:45:23+00:00\",\"description\":\"Zapraszamy na wyj\u0105tkow\u0105 Maj\u00f3wk\u0119 w Wierzbie w sercu Puszczy Piskiej, na styku trzech jezior Mazurskich: \u015aniardwy, Be\u0142dany i Miko\u0142ajskiego.\",\"breadcrumb\":{\"@id\":\"https:\/\/wierzba.pan.pl\/?page_id=5685#breadcrumb\"},\"inLanguage\":\"pl-PL\",\"potentialAction\":[{\"@type\":\"ReadAction\",\"target\":[\"https:\/\/wierzba.pan.pl\/?page_id=5685\"]}]},{\"@type\":\"BreadcrumbList\",\"@id\":\"https:\/\/wierzba.pan.pl\/?page_id=5685#breadcrumb\",\"itemListElement\":[{\"@type\":\"ListItem\",\"position\":1,\"name\":\"Strona g\u0142\u00f3wna\",\"item\":\"https:\/\/wierzba.pan.pl\/\"},{\"@type\":\"ListItem\",\"position\":2,\"name\":\"Maj\u00f3wka 2026 na Mazurach \u2013 PAN DPT Wierzba\"}]},{\"@type\":\"WebSite\",\"@id\":\"https:\/\/wierzba.pan.pl\/#website\",\"url\":\"https:\/\/wierzba.pan.pl\/\",\"name\":\"PAN Dom Pracy Tw\u00f3rczej w Wierzbie\",\"description\":\"Wypoczynek nad jeziorem, w sercu Puszczy Piskiej\",\"potentialAction\":[{\"@type\":\"SearchAction\",\"target\":{\"@type\":\"EntryPoint\",\"urlTemplate\":\"https:\/\/wierzba.pan.pl\/?s={search_term_string}\"},\"query-input\":{\"@type\":\"PropertyValueSpecification\",\"valueRequired\":true,\"valueName\":\"search_term_string\"}}],\"inLanguage\":\"pl-PL\"}]}<\/script>\n<!-- \/ Yoast SEO plugin. -->","yoast_head_json":{"title":"Maj\u00f3wka 2026 na Mazurach \u2013 PAN DPT Wierzba - PAN Dom Pracy Tw\u00f3rczej w Wierzbie","description":"Zapraszamy na wyj\u0105tkow\u0105 Maj\u00f3wk\u0119 w Wierzbie w sercu Puszczy Piskiej, na styku trzech jezior Mazurskich: \u015aniardwy, Be\u0142dany i Miko\u0142ajskiego.","robots":{"index":"index","follow":"follow","max-snippet":"max-snippet:-1","max-image-preview":"max-image-preview:large","max-video-preview":"max-video-preview:-1"},"canonical":"https:\/\/wierzba.pan.pl\/?page_id=5685","og_locale":"pl_PL","og_type":"article","og_title":"Maj\u00f3wka 2026 na Mazurach \u2013 PAN DPT Wierzba - PAN Dom Pracy Tw\u00f3rczej w Wierzbie","og_description":"Zapraszamy na wyj\u0105tkow\u0105 Maj\u00f3wk\u0119 w Wierzbie w sercu Puszczy Piskiej, na styku trzech jezior Mazurskich: \u015aniardwy, Be\u0142dany i Miko\u0142ajskiego.","og_url":"https:\/\/wierzba.pan.pl\/?page_id=5685","og_site_name":"PAN Dom Pracy Tw\u00f3rczej w Wierzbie","article_modified_time":"2026-04-17T10:45:23+00:00","twitter_card":"summary_large_image","twitter_misc":{"Szacowany czas czytania":"3 minuty"},"schema":{"@context":"https:\/\/schema.org","@graph":[{"@type":"WebPage","@id":"https:\/\/wierzba.pan.pl\/?page_id=5685","url":"https:\/\/wierzba.pan.pl\/?page_id=5685","name":"Maj\u00f3wka 2026 na Mazurach \u2013 PAN DPT Wierzba - PAN Dom Pracy Tw\u00f3rczej w Wierzbie","isPartOf":{"@id":"https:\/\/wierzba.pan.pl\/#website"},"datePublished":"2026-02-17T13:23:57+00:00","dateModified":"2026-04-17T10:45:23+00:00","description":"Zapraszamy na wyj\u0105tkow\u0105 Maj\u00f3wk\u0119 w Wierzbie w sercu Puszczy Piskiej, na styku trzech jezior Mazurskich: \u015aniardwy, Be\u0142dany i Miko\u0142ajskiego.","breadcrumb":{"@id":"https:\/\/wierzba.pan.pl\/?page_id=5685#breadcrumb"},"inLanguage":"pl-PL","potentialAction":[{"@type":"ReadAction","target":["https:\/\/wierzba.pan.pl\/?page_id=5685"]}]},{"@type":"BreadcrumbList","@id":"https:\/\/wierzba.pan.pl\/?page_id=5685#breadcrumb","itemListElement":[{"@type":"ListItem","position":1,"name":"Strona g\u0142\u00f3wna","item":"https:\/\/wierzba.pan.pl\/"},{"@type":"ListItem","position":2,"name":"Maj\u00f3wka 2026 na Mazurach \u2013 PAN DPT Wierzba"}]},{"@type":"WebSite","@id":"https:\/\/wierzba.pan.pl\/#website","url":"https:\/\/wierzba.pan.pl\/","name":"PAN Dom Pracy Tw\u00f3rczej w Wierzbie","description":"Wypoczynek nad jeziorem, w sercu Puszczy Piskiej","potentialAction":[{"@type":"SearchAction","target":{"@type":"EntryPoint","urlTemplate":"https:\/\/wierzba.pan.pl\/?s={search_term_string}"},"query-input":{"@type":"PropertyValueSpecification","valueRequired":true,"valueName":"search_term_string"}}],"inLanguage":"pl-PL"}]}},"_links":{"self":[{"href":"https:\/\/wierzba.pan.pl\/index.php?rest_route=\/wp\/v2\/pages\/5685","targetHints":{"allow":["GET"]}}],"collection":[{"href":"https:\/\/wierzba.pan.pl\/index.php?rest_route=\/wp\/v2\/pages"}],"about":[{"href":"https:\/\/wierzba.pan.pl\/index.php?rest_route=\/wp\/v2\/types\/page"}],"author":[{"embeddable":true,"href":"https:\/\/wierzba.pan.pl\/index.php?rest_route=\/wp\/v2\/users\/10"}],"replies":[{"embeddable":true,"href":"https:\/\/wierzba.pan.pl\/index.php?rest_route=%2Fwp%2Fv2%2Fcomments&post=5685"}],"version-history":[{"count":4,"href":"https:\/\/wierzba.pan.pl\/index.php?rest_route=\/wp\/v2\/pages\/5685\/revisions"}],"predecessor-version":[{"id":5783,"href":"https:\/\/wierzba.pan.pl\/index.php?rest_route=\/wp\/v2\/pages\/5685\/revisions\/5783"}],"wp:attachment":[{"href":"https:\/\/wierzba.pan.pl\/index.php?rest_route=%2Fwp%2Fv2%2Fmedia&parent=5685"}],"curies":[{"name":"wp","href":"https:\/\/api.w.org\/{rel}","templated":true}]}}