{"id":5700,"date":"2026-02-18T11:34:46","date_gmt":"2026-02-18T10:34:46","guid":{"rendered":"https:\/\/wierzba.pan.pl\/?page_id=5700"},"modified":"2026-03-19T13:31:30","modified_gmt":"2026-03-19T12:31:30","slug":"boze-cialo-2026-na-mazurach-dpt-wierzba","status":"publish","type":"page","link":"https:\/\/wierzba.pan.pl\/?page_id=5700","title":{"rendered":"Bo\u017ce Cia\u0142o 2026 na Mazurach \u2013 DPT Wierzba"},"content":{"rendered":"\n<p><strong>Rodzinny Weekend na Bo\u017ce Cia\u0142o 2026<\/strong><\/p>\n\n\n\n<p><strong>04\u201307 czerwca 2026<\/strong> | Mazury | Jezioro Be\u0142dany<\/p>\n\n\n\n<p>Zapraszamy na wyj\u0105tkowy, <strong>rodzinny d\u0142ugi weekend w sercu Mazur<\/strong> \u2013 do O\u015brodka PAN DPT Wierzba.<br>Cztery dni odpoczynku <strong>nad jeziorem<\/strong> i wsp\u00f3lnego czasu.<\/p>\n\n\n\n<p>Je\u015bli marzysz o miejscu z dala od miasta, w\u015br\u00f3d las\u00f3w i wody, gdzie dzieci maj\u0105 przestrze\u0144 do zabawy, a doro\u015bli mog\u0105 naprawd\u0119 odetchn\u0105\u0107, ten pakiet jest dla Was.<\/p>\n\n\n\n<p>To b\u0119dzie Bo\u017ce Cia\u0142o pe\u0142ne \u015bmiechu, ogniska, ta\u0144ca i mazurskich klimat\u00f3w.<\/p>\n\n\n\n<p><strong>04.06.2026<\/strong> <\/p>\n\n\n\n<p>Wieczorem zaprosimy Was na <strong>ognisko z pieczeniem kie\u0142basek nad brzegiem jeziora<\/strong>.<br>Zapach drewna, rozmowy do p\u00f3\u017ana <strong>i mazurski zach\u00f3d s\u0142o\u0144ca<\/strong> \u2013 idealny pocz\u0105tek rodzinnego wypoczynku.<\/p>\n\n\n\n<p>Koncert szantowy Wojciech Jankuniec LIVE<\/p>\n\n\n\n<p><strong>05.06.2026<\/strong> <\/p>\n\n\n\n<p><strong>Widokowy rejs Houseboat-em<\/strong> po jeziorze Be\u0142dany<br>Profesjonalne animacje i gry dla dzieci<br>Rodzinne warsztaty taneczne z instruktorem<\/p>\n\n\n\n<p>Coffee &amp; Sweet Time \u2013 kawa dla doros\u0142ych i przek\u0105ski dla dzieci<br><strong>Rodzinny marsz Nordic Walking wzd\u0142u\u017c jeziora Be\u0142dany<\/strong><br>Wiecz\u00f3r muzyczno-taneczny z DJ<\/p>\n\n\n\n<p>To dzie\u0144, w kt\u00f3rym ka\u017cdy znajdzie co\u015b dla siebie \u2013 <strong>aktywnie, rado\u015bnie i wsp\u00f3lnie<\/strong>.<\/p>\n\n\n\n<p><strong>06.06.2026<\/strong> <\/p>\n\n\n\n<p>Kolejny widokowy rejs Houseboat<br>Popo\u0142udniowe Coffee &amp; Sweet Time<br>Obiadokolacja po\u0142\u0105czona z ogniskiem nad brzegiem jeziora<br>\u201eWiatr, woda i szanty\u201d \u2013 <strong>wiecz\u00f3r z \u017ceglarskimi piosenkami<\/strong> Marek Piotrowski<\/p>\n\n\n\n<p><strong>07.06.2026<\/strong> <\/p>\n\n\n\n<p>Poranna kawa i s\u0142odkie przek\u0105ski<br>P\u00f3\u017ane wymeldowanie<\/p>\n\n\n\n<p>Dlaczego warto sp\u0119dzi\u0107 Bo\u017ce Cia\u0142o w Wierzbie?<\/p>\n\n\n\n<p>Kameralna atmosfera i rodzinny klimat<br>8 hektar\u00f3w zielonego terenu na p\u00f3\u0142wyspie<br>Bezpo\u015bredni dost\u0119p do jeziora Be\u0142dany<br>Bezpieczna przestrze\u0144 dla dzieci<br>Blisko\u015b\u0107 natury, cisza i prawdziwy odpoczynek<\/p>\n\n\n\n<p>To nie jest masowy hotel.<br>To miejsce, w kt\u00f3rym mo\u017cna zwolni\u0107, poby\u0107 razem i naprawd\u0119 si\u0119 zregenerowa\u0107.<\/p>\n\n\n\n<p>Zarezerwuj rodzinny weekend ju\u017c dzi\u015b<\/p>\n\n\n\n<p>Liczba miejsc jest ograniczona.<\/p>\n\n\n\n<p>Bo najpi\u0119kniejsze wspomnienia tworz\u0105 si\u0119 wsp\u00f3lnie.<br><br><\/p>\n\n\n\n<p><strong>Pakiet zawiera:<br><\/strong>3 noclegi<\/p>\n\n\n\n<p>Wy\u017cywienie HB+ (\u015bniadanie, coffe &amp; sweet time, obiadokolacja)<\/p>\n\n\n\n<p>Atrakcje\/ Animacje wskazane w ofercie<\/p>\n\n\n\n<p>Rowery, kajaki oraz SUP-y.<br><\/p>\n\n\n\n<h2 class=\"wp-block-heading\"><strong>Zarezerwuj sw\u00f3j pobyt do 10 Maja i skorzystaj z ni\u017cszej ceny pakietu.<\/strong><\/h2>\n\n\n\n<figure class=\"wp-block-table\"><table class=\"has-fixed-layout\"><tbody><tr><td><strong>BUDYNEK CENTRUM<\/strong><\/td><td class=\"has-text-align-left\" data-align=\"left\"><strong>CENA PAKIETU<\/strong><\/td><\/tr><tr><td><\/td><td class=\"has-text-align-left\" data-align=\"left\"><\/td><\/tr><tr><td>Pok\u00f3j 2 osobowy<\/td><td class=\"has-text-align-left\" data-align=\"left\"><strong>\u00a0\u00a0\u00a0\u00a0\u00a0\u00a0\u00a0\u00a0\u00a0\u00a0\u00a0\u00a0\u00a0\u00a0\u00a0\u00a0\u00a0\u00a0\u00a0\u00a0\u00a0\u00a0\u00a0\u00a0\u00a0\u00a0\u00a0\u00a0\u00a0\u00a0\u00a0\u00a0\u00a0\u00a0\u00a0\u00a0\u00a0\u00a0\u00a0\u00a0\u00a0 2 212,61 z\u0142<\/strong>*<\/td><\/tr><tr><td>Pok\u00f3j 2 osobowy z widokiem<\/td><td class=\"has-text-align-left\" data-align=\"left\"><strong>\u00a0\u00a0\u00a0\u00a0\u00a0\u00a0\u00a0\u00a0\u00a0\u00a0\u00a0\u00a0\u00a0\u00a0\u00a0\u00a0\u00a0\u00a0\u00a0\u00a0\u00a0\u00a0\u00a0\u00a0\u00a0\u00a0\u00a0\u00a0\u00a0\u00a0\u00a0\u00a0\u00a0\u00a0\u00a0\u00a0\u00a0\u00a0\u00a0\u00a0\u00a0 2 602,61 z\u0142<\/strong>*<\/td><\/tr><tr><td>Pok\u00f3j 3 osobowy<\/td><td class=\"has-text-align-left\" data-align=\"left\"><strong>\u00a0\u00a0\u00a0\u00a0\u00a0\u00a0\u00a0\u00a0\u00a0\u00a0\u00a0\u00a0\u00a0\u00a0\u00a0\u00a0\u00a0\u00a0\u00a0\u00a0\u00a0\u00a0\u00a0\u00a0\u00a0\u00a0\u00a0\u00a0\u00a0\u00a0\u00a0\u00a0\u00a0\u00a0\u00a0\u00a0\u00a0\u00a0\u00a0\u00a0\u00a0 3 123,91 z\u0142<\/strong>*<\/td><\/tr><tr><td>Pok\u00f3j 3 osobowy z widokiem<\/td><td class=\"has-text-align-left\" data-align=\"left\"><strong>\u00a0\u00a0\u00a0\u00a0\u00a0\u00a0\u00a0\u00a0\u00a0\u00a0\u00a0\u00a0\u00a0\u00a0\u00a0\u00a0\u00a0\u00a0\u00a0\u00a0\u00a0\u00a0\u00a0\u00a0\u00a0\u00a0\u00a0\u00a0\u00a0\u00a0\u00a0\u00a0\u00a0\u00a0\u00a0\u00a0\u00a0\u00a0\u00a0\u00a0\u00a0 3 513,91 z\u0142<\/strong>*<\/td><\/tr><tr><td>Pok\u00f3j 4 osobowy z widokiem<\/td><td class=\"has-text-align-left\" data-align=\"left\"><strong>\u00a0\u00a0\u00a0\u00a0\u00a0\u00a0\u00a0\u00a0\u00a0\u00a0\u00a0\u00a0\u00a0\u00a0\u00a0\u00a0\u00a0\u00a0\u00a0\u00a0\u00a0\u00a0\u00a0\u00a0\u00a0\u00a0\u00a0\u00a0\u00a0\u00a0\u00a0\u00a0\u00a0\u00a0\u00a0\u00a0\u00a0\u00a0\u00a0\u00a0\u00a0 4 425,21 z\u0142<\/strong><\/td><\/tr><tr><td><strong>POZOSTA\u0141E BUDYNKI<\/strong><\/td><td class=\"has-text-align-left\" data-align=\"left\"><strong>CENA PAKIETU<\/strong><\/td><\/tr><tr><td>Pok\u00f3j 1 osobowy<\/td><td class=\"has-text-align-left\" data-align=\"left\"><strong>\u00a0\u00a0\u00a0\u00a0\u00a0\u00a0\u00a0\u00a0\u00a0\u00a0\u00a0\u00a0\u00a0\u00a0\u00a0\u00a0\u00a0\u00a0\u00a0\u00a0\u00a0\u00a0\u00a0\u00a0\u00a0\u00a0\u00a0\u00a0\u00a0\u00a0\u00a0\u00a0\u00a0\u00a0\u00a0\u00a0\u00a0\u00a0\u00a0\u00a0\u00a0 1 301,30 z\u0142<\/strong>*<\/td><\/tr><tr><td>Pok\u00f3j 2 osobowy<\/td><td class=\"has-text-align-left\" data-align=\"left\"><strong>\u00a0\u00a0\u00a0\u00a0\u00a0\u00a0\u00a0\u00a0\u00a0\u00a0\u00a0\u00a0\u00a0\u00a0\u00a0\u00a0\u00a0\u00a0\u00a0\u00a0\u00a0\u00a0\u00a0\u00a0\u00a0\u00a0\u00a0\u00a0\u00a0\u00a0\u00a0\u00a0\u00a0\u00a0\u00a0\u00a0\u00a0\u00a0\u00a0 \u00a0\u00a02 017,60 z\u0142<\/strong>*<\/td><\/tr><tr><td>Pok\u00f3j 3 osobowy<\/td><td class=\"has-text-align-left\" data-align=\"left\"><strong>\u00a0\u00a0\u00a0\u00a0\u00a0\u00a0\u00a0\u00a0\u00a0\u00a0\u00a0\u00a0\u00a0\u00a0\u00a0\u00a0\u00a0\u00a0\u00a0\u00a0\u00a0\u00a0\u00a0\u00a0\u00a0\u00a0\u00a0\u00a0\u00a0\u00a0\u00a0\u00a0\u00a0\u00a0\u00a0\u00a0\u00a0\u00a0\u00a0\u00a0\u00a0 2 733,91 z\u0142<\/strong>*<\/td><\/tr><tr><td>Pok\u00f3j 4 osobowy<\/td><td class=\"has-text-align-left\" data-align=\"left\"><strong>\u00a0\u00a0\u00a0\u00a0\u00a0\u00a0\u00a0\u00a0\u00a0\u00a0\u00a0\u00a0\u00a0\u00a0\u00a0\u00a0\u00a0\u00a0\u00a0\u00a0\u00a0\u00a0\u00a0\u00a0\u00a0\u00a0\u00a0\u00a0\u00a0\u00a0\u00a0\u00a0\u00a0\u00a0\u00a0\u00a0\u00a0\u00a0\u00a0\u00a0\u00a0 3 450,21 z\u0142<\/strong>*<\/td><\/tr><\/tbody><\/table><\/figure>\n\n\n\n<p>*podane ceny zawieraj\u0105 rabat<\/p>\n\n\n\n<p><strong>*Dzieci do lat 5ciu \u015bpi\u0105ce z rodzicami na jednym \u0142\u00f3\u017cku- gratis<\/strong><\/p>\n\n\n\n<p><strong>*Dzieci 5- 15 lat -30%<\/strong><\/p>\n\n\n\n<p><strong>Warunki rezerwacji:<\/strong><\/p>\n\n\n\n<p>15 lat+ jak osoba doros\u0142a<\/p>\n\n\n\n<p>P\u0142atno\u015b\u0107 100% przedp\u0142aty<\/p>\n\n\n\n<p>Przedp\u0142ata nie jest zwracana<\/p>\n\n\n\n<p>Wst\u0119pna rezerwacja jest nie d\u0142u\u017cej ni\u017c 14 dni od momentu za\u0142o\u017cenia.<br>W przypadku braku wp\u0142aty rezerwacja zostaje anulowana.<\/p>\n\n\n\n<p><strong>Dane kontaktowe\/ rezerwacje<\/strong><\/p>\n\n\n\n<p>email: <a href=\"mailto:wierzba@wierzba.pan.pl\">wierzba@wierzba.pan.pl<\/a><\/p>\n\n\n\n<p>Telefon: +48&nbsp;516&nbsp;009&nbsp;061<\/p>\n\n\n\n<p><strong>Dane do p\u0142atno\u015bci<\/strong><\/p>\n\n\n\n<p><strong>Adres<\/strong>: Wierzba 7, 12-220 Ruciane-Nida<br>(woj. warmi\u0144sko-mazurskie)<br><strong>NR RACHUNKU:<\/strong><br>Bank BGK 96 1130 1017 0020 1462 9420 0029<\/p>\n\n\n\n<p><sub>*Program ramowy pobytu mo\u017ce ulec zmianie i nie wp\u0142ywa to na warto\u015b\u0107 pakietu<\/sub><\/p>\n","protected":false},"excerpt":{"rendered":"<p>Rodzinny Weekend na Bo\u017ce Cia\u0142o 2026 04\u201307 czerwca 2026 | Mazury | Jezioro Be\u0142dany Zapraszamy na wyj\u0105tkowy, rodzinny d\u0142ugi weekend w sercu Mazur \u2013 do O\u015brodka PAN DPT Wierzba.Cztery dni odpoczynku nad jeziorem i wsp\u00f3lnego czasu. Je\u015bli marzysz o miejscu z dala od miasta, w\u015br\u00f3d las\u00f3w i wody, gdzie dzieci [&hellip;]<\/p>\n","protected":false},"author":10,"featured_media":0,"parent":0,"menu_order":0,"comment_status":"closed","ping_status":"closed","template":"","meta":{"inline_featured_image":false,"footnotes":""},"class_list":["post-5700","page","type-page","status-publish","hentry"],"yoast_head":"<!-- This site is optimized with the Yoast SEO plugin v26.6 - https:\/\/yoast.com\/wordpress\/plugins\/seo\/ -->\n<title>Bo\u017ce Cia\u0142o 2026 na Mazurach \u2013 DPT Wierzba - PAN Dom Pracy Tw\u00f3rczej w Wierzbie<\/title>\n<meta name=\"description\" content=\"Zapraszamy na wyj\u0105tkowy, rodzinny d\u0142ugi weekend w sercu Mazur do PAN DPT Wierzba. Cztery dni odpoczynku nad jeziorem i wsp\u00f3lnego czasu.\" \/>\n<meta name=\"robots\" content=\"index, follow, max-snippet:-1, max-image-preview:large, max-video-preview:-1\" \/>\n<link rel=\"canonical\" href=\"https:\/\/wierzba.pan.pl\/?page_id=5700\" \/>\n<meta property=\"og:locale\" content=\"pl_PL\" \/>\n<meta property=\"og:type\" content=\"article\" \/>\n<meta property=\"og:title\" content=\"Bo\u017ce Cia\u0142o 2026 na Mazurach \u2013 DPT Wierzba - PAN Dom Pracy Tw\u00f3rczej w Wierzbie\" \/>\n<meta property=\"og:description\" content=\"Zapraszamy na wyj\u0105tkowy, rodzinny d\u0142ugi weekend w sercu Mazur do PAN DPT Wierzba. Cztery dni odpoczynku nad jeziorem i wsp\u00f3lnego czasu.\" \/>\n<meta property=\"og:url\" content=\"https:\/\/wierzba.pan.pl\/?page_id=5700\" \/>\n<meta property=\"og:site_name\" content=\"PAN Dom Pracy Tw\u00f3rczej w Wierzbie\" \/>\n<meta property=\"article:modified_time\" content=\"2026-03-19T12:31:30+00:00\" \/>\n<meta name=\"twitter:card\" content=\"summary_large_image\" \/>\n<meta name=\"twitter:label1\" content=\"Szacowany czas czytania\" \/>\n\t<meta name=\"twitter:data1\" content=\"3 minuty\" \/>\n<script type=\"application\/ld+json\" class=\"yoast-schema-graph\">{\"@context\":\"https:\/\/schema.org\",\"@graph\":[{\"@type\":\"WebPage\",\"@id\":\"https:\/\/wierzba.pan.pl\/?page_id=5700\",\"url\":\"https:\/\/wierzba.pan.pl\/?page_id=5700\",\"name\":\"Bo\u017ce Cia\u0142o 2026 na Mazurach \u2013 DPT Wierzba - PAN Dom Pracy Tw\u00f3rczej w Wierzbie\",\"isPartOf\":{\"@id\":\"https:\/\/wierzba.pan.pl\/#website\"},\"datePublished\":\"2026-02-18T10:34:46+00:00\",\"dateModified\":\"2026-03-19T12:31:30+00:00\",\"description\":\"Zapraszamy na wyj\u0105tkowy, rodzinny d\u0142ugi weekend w sercu Mazur do PAN DPT Wierzba. Cztery dni odpoczynku nad jeziorem i wsp\u00f3lnego czasu.\",\"breadcrumb\":{\"@id\":\"https:\/\/wierzba.pan.pl\/?page_id=5700#breadcrumb\"},\"inLanguage\":\"pl-PL\",\"potentialAction\":[{\"@type\":\"ReadAction\",\"target\":[\"https:\/\/wierzba.pan.pl\/?page_id=5700\"]}]},{\"@type\":\"BreadcrumbList\",\"@id\":\"https:\/\/wierzba.pan.pl\/?page_id=5700#breadcrumb\",\"itemListElement\":[{\"@type\":\"ListItem\",\"position\":1,\"name\":\"Strona g\u0142\u00f3wna\",\"item\":\"https:\/\/wierzba.pan.pl\/\"},{\"@type\":\"ListItem\",\"position\":2,\"name\":\"Bo\u017ce Cia\u0142o 2026 na Mazurach \u2013 DPT Wierzba\"}]},{\"@type\":\"WebSite\",\"@id\":\"https:\/\/wierzba.pan.pl\/#website\",\"url\":\"https:\/\/wierzba.pan.pl\/\",\"name\":\"PAN Dom Pracy Tw\u00f3rczej w Wierzbie\",\"description\":\"Wypoczynek nad jeziorem, w sercu Puszczy Piskiej\",\"potentialAction\":[{\"@type\":\"SearchAction\",\"target\":{\"@type\":\"EntryPoint\",\"urlTemplate\":\"https:\/\/wierzba.pan.pl\/?s={search_term_string}\"},\"query-input\":{\"@type\":\"PropertyValueSpecification\",\"valueRequired\":true,\"valueName\":\"search_term_string\"}}],\"inLanguage\":\"pl-PL\"}]}<\/script>\n<!-- \/ Yoast SEO plugin. -->","yoast_head_json":{"title":"Bo\u017ce Cia\u0142o 2026 na Mazurach \u2013 DPT Wierzba - PAN Dom Pracy Tw\u00f3rczej w Wierzbie","description":"Zapraszamy na wyj\u0105tkowy, rodzinny d\u0142ugi weekend w sercu Mazur do PAN DPT Wierzba. Cztery dni odpoczynku nad jeziorem i wsp\u00f3lnego czasu.","robots":{"index":"index","follow":"follow","max-snippet":"max-snippet:-1","max-image-preview":"max-image-preview:large","max-video-preview":"max-video-preview:-1"},"canonical":"https:\/\/wierzba.pan.pl\/?page_id=5700","og_locale":"pl_PL","og_type":"article","og_title":"Bo\u017ce Cia\u0142o 2026 na Mazurach \u2013 DPT Wierzba - PAN Dom Pracy Tw\u00f3rczej w Wierzbie","og_description":"Zapraszamy na wyj\u0105tkowy, rodzinny d\u0142ugi weekend w sercu Mazur do PAN DPT Wierzba. Cztery dni odpoczynku nad jeziorem i wsp\u00f3lnego czasu.","og_url":"https:\/\/wierzba.pan.pl\/?page_id=5700","og_site_name":"PAN Dom Pracy Tw\u00f3rczej w Wierzbie","article_modified_time":"2026-03-19T12:31:30+00:00","twitter_card":"summary_large_image","twitter_misc":{"Szacowany czas czytania":"3 minuty"},"schema":{"@context":"https:\/\/schema.org","@graph":[{"@type":"WebPage","@id":"https:\/\/wierzba.pan.pl\/?page_id=5700","url":"https:\/\/wierzba.pan.pl\/?page_id=5700","name":"Bo\u017ce Cia\u0142o 2026 na Mazurach \u2013 DPT Wierzba - PAN Dom Pracy Tw\u00f3rczej w Wierzbie","isPartOf":{"@id":"https:\/\/wierzba.pan.pl\/#website"},"datePublished":"2026-02-18T10:34:46+00:00","dateModified":"2026-03-19T12:31:30+00:00","description":"Zapraszamy na wyj\u0105tkowy, rodzinny d\u0142ugi weekend w sercu Mazur do PAN DPT Wierzba. Cztery dni odpoczynku nad jeziorem i wsp\u00f3lnego czasu.","breadcrumb":{"@id":"https:\/\/wierzba.pan.pl\/?page_id=5700#breadcrumb"},"inLanguage":"pl-PL","potentialAction":[{"@type":"ReadAction","target":["https:\/\/wierzba.pan.pl\/?page_id=5700"]}]},{"@type":"BreadcrumbList","@id":"https:\/\/wierzba.pan.pl\/?page_id=5700#breadcrumb","itemListElement":[{"@type":"ListItem","position":1,"name":"Strona g\u0142\u00f3wna","item":"https:\/\/wierzba.pan.pl\/"},{"@type":"ListItem","position":2,"name":"Bo\u017ce Cia\u0142o 2026 na Mazurach \u2013 DPT Wierzba"}]},{"@type":"WebSite","@id":"https:\/\/wierzba.pan.pl\/#website","url":"https:\/\/wierzba.pan.pl\/","name":"PAN Dom Pracy Tw\u00f3rczej w Wierzbie","description":"Wypoczynek nad jeziorem, w sercu Puszczy Piskiej","potentialAction":[{"@type":"SearchAction","target":{"@type":"EntryPoint","urlTemplate":"https:\/\/wierzba.pan.pl\/?s={search_term_string}"},"query-input":{"@type":"PropertyValueSpecification","valueRequired":true,"valueName":"search_term_string"}}],"inLanguage":"pl-PL"}]}},"_links":{"self":[{"href":"https:\/\/wierzba.pan.pl\/index.php?rest_route=\/wp\/v2\/pages\/5700","targetHints":{"allow":["GET"]}}],"collection":[{"href":"https:\/\/wierzba.pan.pl\/index.php?rest_route=\/wp\/v2\/pages"}],"about":[{"href":"https:\/\/wierzba.pan.pl\/index.php?rest_route=\/wp\/v2\/types\/page"}],"author":[{"embeddable":true,"href":"https:\/\/wierzba.pan.pl\/index.php?rest_route=\/wp\/v2\/users\/10"}],"replies":[{"embeddable":true,"href":"https:\/\/wierzba.pan.pl\/index.php?rest_route=%2Fwp%2Fv2%2Fcomments&post=5700"}],"version-history":[{"count":2,"href":"https:\/\/wierzba.pan.pl\/index.php?rest_route=\/wp\/v2\/pages\/5700\/revisions"}],"predecessor-version":[{"id":5777,"href":"https:\/\/wierzba.pan.pl\/index.php?rest_route=\/wp\/v2\/pages\/5700\/revisions\/5777"}],"wp:attachment":[{"href":"https:\/\/wierzba.pan.pl\/index.php?rest_route=%2Fwp%2Fv2%2Fmedia&parent=5700"}],"curies":[{"name":"wp","href":"https:\/\/api.w.org\/{rel}","templated":true}]}}