{"id":5789,"date":"2026-04-18T15:44:08","date_gmt":"2026-04-18T14:44:08","guid":{"rendered":"https:\/\/wierzba.pan.pl\/?page_id=5789"},"modified":"2026-04-18T17:37:42","modified_gmt":"2026-04-18T16:37:42","slug":"robisz-co-chcesz-majowka-mazurska-2026","status":"publish","type":"page","link":"https:\/\/wierzba.pan.pl\/?page_id=5789","title":{"rendered":"Robisz Co Chcesz &#8211; Maj\u00f3wka Mazurska 2026"},"content":{"rendered":"\n<p>Zwolnij tempo i sp\u0119d\u017a maj\u00f3wk\u0119 tak, jak lubisz. Cisza jeziora, natura i pe\u0142na swoboda wyboru \u2013 aktywnie albo spokojnie, z lud\u017ami lub w swoim rytmie. Bez plan\u00f3w, bez po\u015bpiechu, bez obowi\u0105zk\u00f3w\u2026<\/p>\n\n\n\n<p><strong>Termin 30.04.2026 &#8211; 03.05.2026<\/strong><\/p>\n\n\n\n<p>Pok\u00f3j 1 osobowy w Chatach Mazurskich &#8211; 816 z\u0142\/pakiet\/pok\u00f3j<\/p>\n\n\n\n<p>Pok\u00f3j 2 osobowy w Chatach Mazurskich &#8211; 1134 z\u0142\/pakiet\/pok\u00f3j<\/p>\n\n\n\n<p>Pok\u00f3j 3 osobowy w Chatach Mazurskich &#8211; 1455 z\u0142\/pakiet\/pok\u00f3j<\/p>\n\n\n\n<p>Pok\u00f3j 4 osobowy w Chatach Mazurskich &#8211; 1773 z\u0142\/pakiet\/pok\u00f3j<\/p>\n\n\n\n<p><strong>Pobyt dzieci:<\/strong><\/p>\n\n\n\n<p>Dzieci do lat 5 na wsp\u00f3lnym \u0142\u00f3\u017cku z rodzicami: <strong>gratis<\/strong><\/p>\n\n\n\n<p>Dzieci w wieku 6 &#8211; 12 lat: <strong>&#8211; 30% ceny osoby doros\u0142ej<\/strong><\/p>\n\n\n\n<p>Dzieci powy\u017cej 12 lat: <strong>100% ceny osoby doros\u0142ej<\/strong><\/p>\n\n\n\n<p><strong>Cena zawiera:<\/strong><\/p>\n\n\n\n<p>3 noclegi &#8211; minimalna d\u0142ugo\u015b\u0107 pobytu<\/p>\n\n\n\n<p>\u015aniadania w formie bufetu<\/p>\n\n\n\n<p>Parking<\/p>\n\n\n\n<p>Op\u0142ata lokalna<\/p>\n\n\n\n<p><strong>Dodatkowe opcja do wykupienia podczas pobytu:<\/strong><\/p>\n\n\n\n<p>Marsz Nordic Walking z przewodnikiem &#8211; 30 z\u0142\/osoba\/dzie\u0144<\/p>\n\n\n\n<p>Rejs widokowy &#8211; Jezioro Be\u0142dany &#8211; 50 z\u0142\/osoba\/Dzie\u0144\/Rejs ok 2,5 h<\/p>\n\n\n\n<p>Animacje dla dzieci &#8211; 25 z\u0142\/osoba\/dzie\u0144<\/p>\n\n\n\n<p>Joga &#8211; 20 z\u0142\/osoba<\/p>\n\n\n\n<p>Obiadokolacja z napojami w formie bufetu &#8211; 75 z\u0142\/osoba doros\u0142a\/dzie\u0144 &#8211; 55 z\u0142 dziecko\/dzie\u0144 &#8211; dzieci do lat 5 gratis<\/p>\n","protected":false},"excerpt":{"rendered":"<p>Zwolnij tempo i sp\u0119d\u017a maj\u00f3wk\u0119 tak, jak lubisz. Cisza jeziora, natura i pe\u0142na swoboda wyboru \u2013 aktywnie albo spokojnie, z lud\u017ami lub w swoim rytmie. Bez plan\u00f3w, bez po\u015bpiechu, bez obowi\u0105zk\u00f3w\u2026 Termin 30.04.2026 &#8211; 03.05.2026 Pok\u00f3j 1 osobowy w Chatach Mazurskich &#8211; 816 z\u0142\/pakiet\/pok\u00f3j Pok\u00f3j 2 osobowy w Chatach Mazurskich [&hellip;]<\/p>\n","protected":false},"author":10,"featured_media":0,"parent":0,"menu_order":0,"comment_status":"closed","ping_status":"closed","template":"","meta":{"inline_featured_image":false,"footnotes":""},"class_list":["post-5789","page","type-page","status-publish","hentry"],"yoast_head":"<!-- This site is optimized with the Yoast SEO plugin v26.6 - https:\/\/yoast.com\/wordpress\/plugins\/seo\/ -->\n<title>Robisz Co Chcesz - Maj\u00f3wka Mazurska 2026 - PAN Dom Pracy Tw\u00f3rczej w Wierzbie<\/title>\n<meta name=\"robots\" content=\"index, follow, max-snippet:-1, max-image-preview:large, max-video-preview:-1\" \/>\n<link rel=\"canonical\" href=\"https:\/\/wierzba.pan.pl\/?page_id=5789\" \/>\n<meta property=\"og:locale\" content=\"pl_PL\" \/>\n<meta property=\"og:type\" content=\"article\" \/>\n<meta property=\"og:title\" content=\"Robisz Co Chcesz - Maj\u00f3wka Mazurska 2026 - PAN Dom Pracy Tw\u00f3rczej w Wierzbie\" \/>\n<meta property=\"og:description\" content=\"Zwolnij tempo i sp\u0119d\u017a maj\u00f3wk\u0119 tak, jak lubisz. Cisza jeziora, natura i pe\u0142na swoboda wyboru \u2013 aktywnie albo spokojnie, z lud\u017ami lub w swoim rytmie. Bez plan\u00f3w, bez po\u015bpiechu, bez obowi\u0105zk\u00f3w\u2026 Termin 30.04.2026 &#8211; 03.05.2026 Pok\u00f3j 1 osobowy w Chatach Mazurskich &#8211; 816 z\u0142\/pakiet\/pok\u00f3j Pok\u00f3j 2 osobowy w Chatach Mazurskich [&hellip;]\" \/>\n<meta property=\"og:url\" content=\"https:\/\/wierzba.pan.pl\/?page_id=5789\" \/>\n<meta property=\"og:site_name\" content=\"PAN Dom Pracy Tw\u00f3rczej w Wierzbie\" \/>\n<meta property=\"article:modified_time\" content=\"2026-04-18T16:37:42+00:00\" \/>\n<meta name=\"twitter:card\" content=\"summary_large_image\" \/>\n<meta name=\"twitter:label1\" content=\"Szacowany czas czytania\" \/>\n\t<meta name=\"twitter:data1\" content=\"1 minuta\" \/>\n<script type=\"application\/ld+json\" class=\"yoast-schema-graph\">{\"@context\":\"https:\/\/schema.org\",\"@graph\":[{\"@type\":\"WebPage\",\"@id\":\"https:\/\/wierzba.pan.pl\/?page_id=5789\",\"url\":\"https:\/\/wierzba.pan.pl\/?page_id=5789\",\"name\":\"Robisz Co Chcesz - Maj\u00f3wka Mazurska 2026 - PAN Dom Pracy Tw\u00f3rczej w Wierzbie\",\"isPartOf\":{\"@id\":\"https:\/\/wierzba.pan.pl\/#website\"},\"datePublished\":\"2026-04-18T14:44:08+00:00\",\"dateModified\":\"2026-04-18T16:37:42+00:00\",\"breadcrumb\":{\"@id\":\"https:\/\/wierzba.pan.pl\/?page_id=5789#breadcrumb\"},\"inLanguage\":\"pl-PL\",\"potentialAction\":[{\"@type\":\"ReadAction\",\"target\":[\"https:\/\/wierzba.pan.pl\/?page_id=5789\"]}]},{\"@type\":\"BreadcrumbList\",\"@id\":\"https:\/\/wierzba.pan.pl\/?page_id=5789#breadcrumb\",\"itemListElement\":[{\"@type\":\"ListItem\",\"position\":1,\"name\":\"Strona g\u0142\u00f3wna\",\"item\":\"https:\/\/wierzba.pan.pl\/\"},{\"@type\":\"ListItem\",\"position\":2,\"name\":\"Robisz Co Chcesz &#8211; Maj\u00f3wka Mazurska 2026\"}]},{\"@type\":\"WebSite\",\"@id\":\"https:\/\/wierzba.pan.pl\/#website\",\"url\":\"https:\/\/wierzba.pan.pl\/\",\"name\":\"PAN Dom Pracy Tw\u00f3rczej w Wierzbie\",\"description\":\"Wypoczynek nad jeziorem, w sercu Puszczy Piskiej\",\"potentialAction\":[{\"@type\":\"SearchAction\",\"target\":{\"@type\":\"EntryPoint\",\"urlTemplate\":\"https:\/\/wierzba.pan.pl\/?s={search_term_string}\"},\"query-input\":{\"@type\":\"PropertyValueSpecification\",\"valueRequired\":true,\"valueName\":\"search_term_string\"}}],\"inLanguage\":\"pl-PL\"}]}<\/script>\n<!-- \/ Yoast SEO plugin. -->","yoast_head_json":{"title":"Robisz Co Chcesz - Maj\u00f3wka Mazurska 2026 - PAN Dom Pracy Tw\u00f3rczej w Wierzbie","robots":{"index":"index","follow":"follow","max-snippet":"max-snippet:-1","max-image-preview":"max-image-preview:large","max-video-preview":"max-video-preview:-1"},"canonical":"https:\/\/wierzba.pan.pl\/?page_id=5789","og_locale":"pl_PL","og_type":"article","og_title":"Robisz Co Chcesz - Maj\u00f3wka Mazurska 2026 - PAN Dom Pracy Tw\u00f3rczej w Wierzbie","og_description":"Zwolnij tempo i sp\u0119d\u017a maj\u00f3wk\u0119 tak, jak lubisz. Cisza jeziora, natura i pe\u0142na swoboda wyboru \u2013 aktywnie albo spokojnie, z lud\u017ami lub w swoim rytmie. Bez plan\u00f3w, bez po\u015bpiechu, bez obowi\u0105zk\u00f3w\u2026 Termin 30.04.2026 &#8211; 03.05.2026 Pok\u00f3j 1 osobowy w Chatach Mazurskich &#8211; 816 z\u0142\/pakiet\/pok\u00f3j Pok\u00f3j 2 osobowy w Chatach Mazurskich [&hellip;]","og_url":"https:\/\/wierzba.pan.pl\/?page_id=5789","og_site_name":"PAN Dom Pracy Tw\u00f3rczej w Wierzbie","article_modified_time":"2026-04-18T16:37:42+00:00","twitter_card":"summary_large_image","twitter_misc":{"Szacowany czas czytania":"1 minuta"},"schema":{"@context":"https:\/\/schema.org","@graph":[{"@type":"WebPage","@id":"https:\/\/wierzba.pan.pl\/?page_id=5789","url":"https:\/\/wierzba.pan.pl\/?page_id=5789","name":"Robisz Co Chcesz - Maj\u00f3wka Mazurska 2026 - PAN Dom Pracy Tw\u00f3rczej w Wierzbie","isPartOf":{"@id":"https:\/\/wierzba.pan.pl\/#website"},"datePublished":"2026-04-18T14:44:08+00:00","dateModified":"2026-04-18T16:37:42+00:00","breadcrumb":{"@id":"https:\/\/wierzba.pan.pl\/?page_id=5789#breadcrumb"},"inLanguage":"pl-PL","potentialAction":[{"@type":"ReadAction","target":["https:\/\/wierzba.pan.pl\/?page_id=5789"]}]},{"@type":"BreadcrumbList","@id":"https:\/\/wierzba.pan.pl\/?page_id=5789#breadcrumb","itemListElement":[{"@type":"ListItem","position":1,"name":"Strona g\u0142\u00f3wna","item":"https:\/\/wierzba.pan.pl\/"},{"@type":"ListItem","position":2,"name":"Robisz Co Chcesz &#8211; Maj\u00f3wka Mazurska 2026"}]},{"@type":"WebSite","@id":"https:\/\/wierzba.pan.pl\/#website","url":"https:\/\/wierzba.pan.pl\/","name":"PAN Dom Pracy Tw\u00f3rczej w Wierzbie","description":"Wypoczynek nad jeziorem, w sercu Puszczy Piskiej","potentialAction":[{"@type":"SearchAction","target":{"@type":"EntryPoint","urlTemplate":"https:\/\/wierzba.pan.pl\/?s={search_term_string}"},"query-input":{"@type":"PropertyValueSpecification","valueRequired":true,"valueName":"search_term_string"}}],"inLanguage":"pl-PL"}]}},"_links":{"self":[{"href":"https:\/\/wierzba.pan.pl\/index.php?rest_route=\/wp\/v2\/pages\/5789","targetHints":{"allow":["GET"]}}],"collection":[{"href":"https:\/\/wierzba.pan.pl\/index.php?rest_route=\/wp\/v2\/pages"}],"about":[{"href":"https:\/\/wierzba.pan.pl\/index.php?rest_route=\/wp\/v2\/types\/page"}],"author":[{"embeddable":true,"href":"https:\/\/wierzba.pan.pl\/index.php?rest_route=\/wp\/v2\/users\/10"}],"replies":[{"embeddable":true,"href":"https:\/\/wierzba.pan.pl\/index.php?rest_route=%2Fwp%2Fv2%2Fcomments&post=5789"}],"version-history":[{"count":2,"href":"https:\/\/wierzba.pan.pl\/index.php?rest_route=\/wp\/v2\/pages\/5789\/revisions"}],"predecessor-version":[{"id":5795,"href":"https:\/\/wierzba.pan.pl\/index.php?rest_route=\/wp\/v2\/pages\/5789\/revisions\/5795"}],"wp:attachment":[{"href":"https:\/\/wierzba.pan.pl\/index.php?rest_route=%2Fwp%2Fv2%2Fmedia&parent=5789"}],"curies":[{"name":"wp","href":"https:\/\/api.w.org\/{rel}","templated":true}]}}